{"id":1973,"date":"2023-04-29T08:53:09","date_gmt":"2023-04-29T06:53:09","guid":{"rendered":"https:\/\/fts.you2.pl\/index.php\/produkt\/mvv-maastricht-1997-98-home-xxl\/"},"modified":"2025-09-18T16:58:20","modified_gmt":"2025-09-18T14:58:20","slug":"mvv-maastricht-1997-98-home-xxl","status":"publish","type":"product","link":"https:\/\/fts.you2.pl\/en\/mvv-maastricht-1997-98-home-xxl\/","title":{"rendered":"MVV Maastricht 1997\/98 Home [XXL]"},"content":{"rendered":"<p><strong>Klub: <\/strong>MVV Maastricht<\/p>\n<p><strong>Sezon: <\/strong>1997\/98 Home<\/p>\n<p><strong>Rozmiar: <\/strong>XXL<\/p>\n<p><strong>Stan: <\/strong>Bardzo dobry &#8211; mikro zaci\u0105gni\u0119cie z ty\u0142u koszulki u boku.<\/p>\n<p><strong>Wymiary (szeroko\u015b\u0107 pod pachami\/d\u0142ugo\u015b\u0107) w cm: <\/strong>59\/74<\/p>","protected":false},"excerpt":{"rendered":"<p>MVV Maastricht 1997\/98 Home [XXL]<\/p>","protected":false},"featured_media":5370,"template":"","meta":{"_kad_blocks_custom_css":"","_kad_blocks_head_custom_js":"","_kad_blocks_body_custom_js":"","_kad_blocks_footer_custom_js":"","_kad_post_transparent":"","_kad_post_title":"","_kad_post_layout":"","_kad_post_sidebar_id":"","_kad_post_content_style":"","_kad_post_vertical_padding":"","_kad_post_feature":"","_kad_post_feature_position":"","_kad_post_header":false,"_kad_post_footer":false},"product_brand":[53],"product_cat":[107,50,31],"product_tag":[],"class_list":{"0":"post-1973","1":"product","2":"type-product","3":"status-publish","4":"has-post-thumbnail","6":"product_brand-asics","7":"product_cat-belgia-i-holandia","8":"product_cat-kluby-europejskie-kluby-europejskie","9":"product_cat-kluby-europejskie","10":"pa_rozmiar-xxl","11":"pa_sezon-1997-98","13":"first","14":"instock","15":"taxable","16":"shipping-taxable","17":"purchasable","18":"product-type-simple","19":"entry","20":"content-bg","21":"loop-entry"},"taxonomy_info":{"product_brand":[{"value":53,"label":"Asics"}],"product_cat":[{"value":107,"label":"Belgia i Holandia"},{"value":50,"label":"Kluby Europejskie"},{"value":31,"label":"Kluby Europejskie"}],"pa_rozmiar":[{"value":71,"label":"XXL"}],"pa_sezon":[{"value":29,"label":"1997\/98"}]},"featured_image_src_large":["https:\/\/fts.you2.pl\/wp-content\/uploads\/2025\/09\/23826-MVV-Maastricht-199798-Home-XXL-1024x1024.jpg",1024,1024,true],"author_info":[],"comment_info":"","_links":{"self":[{"href":"https:\/\/fts.you2.pl\/en\/wp-json\/wp\/v2\/product\/1973","targetHints":{"allow":["GET"]}}],"collection":[{"href":"https:\/\/fts.you2.pl\/en\/wp-json\/wp\/v2\/product"}],"about":[{"href":"https:\/\/fts.you2.pl\/en\/wp-json\/wp\/v2\/types\/product"}],"wp:featuredmedia":[{"embeddable":true,"href":"https:\/\/fts.you2.pl\/en\/wp-json\/wp\/v2\/media\/5370"}],"wp:attachment":[{"href":"https:\/\/fts.you2.pl\/en\/wp-json\/wp\/v2\/media?parent=1973"}],"wp:term":[{"taxonomy":"product_brand","embeddable":true,"href":"https:\/\/fts.you2.pl\/en\/wp-json\/wp\/v2\/product_brand?post=1973"},{"taxonomy":"product_cat","embeddable":true,"href":"https:\/\/fts.you2.pl\/en\/wp-json\/wp\/v2\/product_cat?post=1973"},{"taxonomy":"product_tag","embeddable":true,"href":"https:\/\/fts.you2.pl\/en\/wp-json\/wp\/v2\/product_tag?post=1973"}],"curies":[{"name":"wp","href":"https:\/\/api.w.org\/{rel}","templated":true}]}}