{"id":1985,"date":"2023-05-05T14:09:17","date_gmt":"2023-05-05T12:09:17","guid":{"rendered":"https:\/\/fts.you2.pl\/index.php\/produkt\/juventus-fc-2005-06-away-m\/"},"modified":"2025-09-18T17:02:05","modified_gmt":"2025-09-18T15:02:05","slug":"juventus-fc-2005-06-away-m","status":"publish","type":"product","link":"https:\/\/fts.you2.pl\/en\/juventus-fc-2005-06-away-m\/","title":{"rendered":"Juventus FC 2005\/06 Away [M]"},"content":{"rendered":"<p><strong>Klub: <\/strong>Juventus FC<\/p>\n<p><strong>Sezon: <\/strong>2005\/06 Away<\/p>\n<p><strong>Rozmiar: <\/strong>M<\/p>\n<p><strong>Stan: <\/strong>Bardzo dobry &#8211; kilka niewielkich zabrudze\u0144. Nadruk sponsora zosta\u0142 dorobiony, lecz zgodnie ze sztuk\u0105 i przy u\u017cyciu najwy\u017cszej jako\u015bci materia\u0142\u00f3w.<\/p>\n<p><strong>Wymiary (szeroko\u015b\u0107 pod pachami\/d\u0142ugo\u015b\u0107) w cm: <\/strong>51\/70<\/p>","protected":false},"excerpt":{"rendered":"<p>Juventus FC 2005\/06 Away [M]<\/p>","protected":false},"featured_media":5474,"template":"","meta":{"_kad_blocks_custom_css":"","_kad_blocks_head_custom_js":"","_kad_blocks_body_custom_js":"","_kad_blocks_footer_custom_js":"","_kad_post_transparent":"","_kad_post_title":"","_kad_post_layout":"","_kad_post_sidebar_id":"","_kad_post_content_style":"","_kad_post_vertical_padding":"","_kad_post_feature":"","_kad_post_feature_position":"","_kad_post_header":false,"_kad_post_footer":false},"product_brand":[55],"product_cat":[118,31,117],"product_tag":[],"class_list":{"0":"post-1985","1":"product","2":"type-product","3":"status-publish","4":"has-post-thumbnail","6":"product_brand-nike","7":"product_cat-juventus-fc","8":"product_cat-kluby-europejskie","9":"product_cat-kluby-wloskie","10":"pa_rozmiar-m","11":"pa_sezon-2005-06","13":"first","14":"instock","15":"taxable","16":"shipping-taxable","17":"purchasable","18":"product-type-simple","19":"entry","20":"content-bg","21":"loop-entry"},"taxonomy_info":{"product_brand":[{"value":55,"label":"Nike"}],"product_cat":[{"value":118,"label":"Juventus FC"},{"value":31,"label":"Kluby Europejskie"},{"value":117,"label":"Kluby W\u0142oskie"}],"pa_rozmiar":[{"value":28,"label":"M"}],"pa_sezon":[{"value":169,"label":"2005\/06"}]},"featured_image_src_large":["https:\/\/fts.you2.pl\/wp-content\/uploads\/2025\/09\/24226-Juventus-FC-200506-Away-M-1024x1024.jpg",1024,1024,true],"author_info":[],"comment_info":"","_links":{"self":[{"href":"https:\/\/fts.you2.pl\/en\/wp-json\/wp\/v2\/product\/1985","targetHints":{"allow":["GET"]}}],"collection":[{"href":"https:\/\/fts.you2.pl\/en\/wp-json\/wp\/v2\/product"}],"about":[{"href":"https:\/\/fts.you2.pl\/en\/wp-json\/wp\/v2\/types\/product"}],"wp:featuredmedia":[{"embeddable":true,"href":"https:\/\/fts.you2.pl\/en\/wp-json\/wp\/v2\/media\/5474"}],"wp:attachment":[{"href":"https:\/\/fts.you2.pl\/en\/wp-json\/wp\/v2\/media?parent=1985"}],"wp:term":[{"taxonomy":"product_brand","embeddable":true,"href":"https:\/\/fts.you2.pl\/en\/wp-json\/wp\/v2\/product_brand?post=1985"},{"taxonomy":"product_cat","embeddable":true,"href":"https:\/\/fts.you2.pl\/en\/wp-json\/wp\/v2\/product_cat?post=1985"},{"taxonomy":"product_tag","embeddable":true,"href":"https:\/\/fts.you2.pl\/en\/wp-json\/wp\/v2\/product_tag?post=1985"}],"curies":[{"name":"wp","href":"https:\/\/api.w.org\/{rel}","templated":true}]}}