{"id":1990,"date":"2023-05-05T14:14:05","date_gmt":"2023-05-05T12:14:05","guid":{"rendered":"https:\/\/fts.you2.pl\/index.php\/produkt\/koszulka-mlodziezowa-inter-mediolan-2004-05-away-s\/"},"modified":"2025-09-18T17:02:57","modified_gmt":"2025-09-18T15:02:57","slug":"koszulka-mlodziezowa-inter-mediolan-2004-05-away-s","status":"publish","type":"product","link":"https:\/\/fts.you2.pl\/en\/koszulka-mlodziezowa-inter-mediolan-2004-05-away-s\/","title":{"rendered":"Koszulka m\u0142odzie\u017cowa Inter Mediolan 2004\/05 Away [S]"},"content":{"rendered":"<p><strong>Klub: <\/strong>Inter Mediolan<\/p>\n<p><strong>Sezon: <\/strong>2004\/05 Away<\/p>\n<p><strong>Rozmiar: <\/strong>S<\/p>\n<p><strong>Stan: <\/strong>Dobry &#8211; koszulka jest miejscami zabrudzona.<\/p>\n<p><strong>Wymiary (szeroko\u015b\u0107 pod pachami\/d\u0142ugo\u015b\u0107) w cm: <\/strong>51\/71<\/p>\n<p><strong>Dodatkowe informacje:<\/strong> Koszulka u\u017cywana przez dru\u017cyn\u0119 m\u0142odzik\u00f3w Interu, ta nale\u017ca\u0142a do Omara Paagliaroliego, o czym \u015bwiadcz\u0105 zapisane markerem jego imi\u0119 i nazwisko na wewn\u0119trznej stronie koszulki.<\/p>","protected":false},"excerpt":{"rendered":"<p>Koszulka m\u0142odzie\u017cowa Inter Mediolan 2004\/05 Away [S]<\/p>","protected":false},"featured_media":5519,"template":"","meta":{"_kad_blocks_custom_css":"","_kad_blocks_head_custom_js":"","_kad_blocks_body_custom_js":"","_kad_blocks_footer_custom_js":"","_kad_post_transparent":"","_kad_post_title":"","_kad_post_layout":"","_kad_post_sidebar_id":"","_kad_post_content_style":"","_kad_post_vertical_padding":"","_kad_post_feature":"","_kad_post_feature_position":"","_kad_post_header":false,"_kad_post_footer":false},"product_brand":[55],"product_cat":[347,31,117],"product_tag":[],"class_list":{"0":"post-1990","1":"product","2":"type-product","3":"status-publish","4":"has-post-thumbnail","6":"product_brand-nike","7":"product_cat-inter-mediolan","8":"product_cat-kluby-europejskie","9":"product_cat-kluby-wloskie","10":"pa_rozmiar-s","11":"pa_sezon-2004-05","13":"first","14":"instock","15":"taxable","16":"shipping-taxable","17":"purchasable","18":"product-type-simple","19":"entry","20":"content-bg","21":"loop-entry"},"taxonomy_info":{"product_brand":[{"value":55,"label":"Nike"}],"product_cat":[{"value":347,"label":"Inter Mediolan"},{"value":31,"label":"Kluby Europejskie"},{"value":117,"label":"Kluby W\u0142oskie"}],"pa_rozmiar":[{"value":19,"label":"S"}],"pa_sezon":[{"value":216,"label":"2004\/05"}]},"featured_image_src_large":["https:\/\/fts.you2.pl\/wp-content\/uploads\/2025\/09\/24202-Koszulka-mlodziezowa-Inter-Mediolan-200405-Away-S-1024x1024.jpg",1024,1024,true],"author_info":[],"comment_info":"","_links":{"self":[{"href":"https:\/\/fts.you2.pl\/en\/wp-json\/wp\/v2\/product\/1990","targetHints":{"allow":["GET"]}}],"collection":[{"href":"https:\/\/fts.you2.pl\/en\/wp-json\/wp\/v2\/product"}],"about":[{"href":"https:\/\/fts.you2.pl\/en\/wp-json\/wp\/v2\/types\/product"}],"wp:featuredmedia":[{"embeddable":true,"href":"https:\/\/fts.you2.pl\/en\/wp-json\/wp\/v2\/media\/5519"}],"wp:attachment":[{"href":"https:\/\/fts.you2.pl\/en\/wp-json\/wp\/v2\/media?parent=1990"}],"wp:term":[{"taxonomy":"product_brand","embeddable":true,"href":"https:\/\/fts.you2.pl\/en\/wp-json\/wp\/v2\/product_brand?post=1990"},{"taxonomy":"product_cat","embeddable":true,"href":"https:\/\/fts.you2.pl\/en\/wp-json\/wp\/v2\/product_cat?post=1990"},{"taxonomy":"product_tag","embeddable":true,"href":"https:\/\/fts.you2.pl\/en\/wp-json\/wp\/v2\/product_tag?post=1990"}],"curies":[{"name":"wp","href":"https:\/\/api.w.org\/{rel}","templated":true}]}}