{"id":1991,"date":"2023-05-05T14:14:06","date_gmt":"2023-05-05T12:14:06","guid":{"rendered":"https:\/\/fts.you2.pl\/index.php\/produkt\/koszulka-treningowa-inter-mediolan-xl\/"},"modified":"2025-09-18T17:03:10","modified_gmt":"2025-09-18T15:03:10","slug":"koszulka-treningowa-inter-mediolan-xl","status":"publish","type":"product","link":"https:\/\/fts.you2.pl\/en\/koszulka-treningowa-inter-mediolan-xl\/","title":{"rendered":"Koszulka treningowa Inter Mediolan [XL]"},"content":{"rendered":"<p><strong>Klub: <\/strong>Inter Mediolan<\/p>\n<p><strong>Rozmiar: <\/strong>XL<\/p>\n<p><strong>Stan: <\/strong>Dobry &#8211; koszulka ma pop\u0119kane gumowe elementy, tzw. 'T-Bary&#8217; oraz start\u0105 naszywk\u0119 z rozmiarem na karku.<\/p>\n<p><strong>Wymiary (szeroko\u015b\u0107 pod pachami\/d\u0142ugo\u015b\u0107) w cm: <\/strong>57\/74<\/p>","protected":false},"excerpt":{"rendered":"<p>Koszulka treningowa Inter Mediolan [XL]<\/p>","protected":false},"featured_media":5530,"template":"","meta":{"_kad_blocks_custom_css":"","_kad_blocks_head_custom_js":"","_kad_blocks_body_custom_js":"","_kad_blocks_footer_custom_js":"","_kad_post_transparent":"","_kad_post_title":"","_kad_post_layout":"","_kad_post_sidebar_id":"","_kad_post_content_style":"","_kad_post_vertical_padding":"","_kad_post_feature":"","_kad_post_feature_position":"","_kad_post_header":false,"_kad_post_footer":false},"product_brand":[55],"product_cat":[25,347,31,117,26],"product_tag":[],"class_list":{"0":"post-1991","1":"product","2":"type-product","3":"status-publish","4":"has-post-thumbnail","6":"product_brand-nike","7":"product_cat-inne","8":"product_cat-inter-mediolan","9":"product_cat-kluby-europejskie","10":"product_cat-kluby-wloskie","11":"product_cat-kurtki-bluzy-trening","12":"pa_rozmiar-xl","14":"first","15":"instock","16":"taxable","17":"shipping-taxable","18":"purchasable","19":"product-type-simple","20":"entry","21":"content-bg","22":"loop-entry"},"taxonomy_info":{"product_brand":[{"value":55,"label":"Nike"}],"product_cat":[{"value":25,"label":"Inne"},{"value":347,"label":"Inter Mediolan"},{"value":31,"label":"Kluby Europejskie"},{"value":117,"label":"Kluby W\u0142oskie"},{"value":26,"label":"Kurtki\/bluzy\/trening"}],"pa_rozmiar":[{"value":57,"label":"XL"}]},"featured_image_src_large":["https:\/\/fts.you2.pl\/wp-content\/uploads\/2025\/09\/24199-Koszulka-treningowa-Inter-Mediolan-XL-1024x1024.jpg",1024,1024,true],"author_info":[],"comment_info":"","_links":{"self":[{"href":"https:\/\/fts.you2.pl\/en\/wp-json\/wp\/v2\/product\/1991","targetHints":{"allow":["GET"]}}],"collection":[{"href":"https:\/\/fts.you2.pl\/en\/wp-json\/wp\/v2\/product"}],"about":[{"href":"https:\/\/fts.you2.pl\/en\/wp-json\/wp\/v2\/types\/product"}],"wp:featuredmedia":[{"embeddable":true,"href":"https:\/\/fts.you2.pl\/en\/wp-json\/wp\/v2\/media\/5530"}],"wp:attachment":[{"href":"https:\/\/fts.you2.pl\/en\/wp-json\/wp\/v2\/media?parent=1991"}],"wp:term":[{"taxonomy":"product_brand","embeddable":true,"href":"https:\/\/fts.you2.pl\/en\/wp-json\/wp\/v2\/product_brand?post=1991"},{"taxonomy":"product_cat","embeddable":true,"href":"https:\/\/fts.you2.pl\/en\/wp-json\/wp\/v2\/product_cat?post=1991"},{"taxonomy":"product_tag","embeddable":true,"href":"https:\/\/fts.you2.pl\/en\/wp-json\/wp\/v2\/product_tag?post=1991"}],"curies":[{"name":"wp","href":"https:\/\/api.w.org\/{rel}","templated":true}]}}