{"id":1993,"date":"2023-05-05T14:14:10","date_gmt":"2023-05-05T12:14:10","guid":{"rendered":"https:\/\/fts.you2.pl\/index.php\/produkt\/player-issue-wlochy-2018-home-xl\/"},"modified":"2025-09-18T17:03:35","modified_gmt":"2025-09-18T15:03:35","slug":"player-issue-wlochy-2018-home-xl","status":"publish","type":"product","link":"https:\/\/fts.you2.pl\/en\/player-issue-wlochy-2018-home-xl\/","title":{"rendered":"PLAYER ISSUE W\u0142ochy 2018 Home [XL]"},"content":{"rendered":"<p><strong>Klub: <\/strong>W\u0142ochy<\/p>\n<p><strong>Sezon: <\/strong>2018 Home<\/p>\n<p><strong>Rozmiar: <\/strong>XL<\/p>\n<p><strong>Stan: <\/strong>Bardzo dobry &#8211; mikro p\u0119kni\u0119cie na logu Pumy na r\u0119kawku.<\/p>\n<p><strong>Wymiary (szeroko\u015b\u0107 pod pachami\/d\u0142ugo\u015b\u0107) w cm: <\/strong>45\/74<\/p>\n<p><strong>Dodatkowe informacje:<\/strong> Koszulka w najwy\u017cszej wersji, meczowej, wyr\u00f3\u017cniaj\u0105ca si\u0119 du\u017c\u0105 rozci\u0105gliwo\u015bci\u0105, przyleganiem do cia\u0142a oraz gumowymi elementami.<\/p>","protected":false},"excerpt":{"rendered":"<p>PLAYER ISSUE W\u0142ochy 2018 Home [XL]<\/p>","protected":false},"featured_media":5551,"template":"","meta":{"_kad_blocks_custom_css":"","_kad_blocks_head_custom_js":"","_kad_blocks_body_custom_js":"","_kad_blocks_footer_custom_js":"","_kad_post_transparent":"","_kad_post_title":"","_kad_post_layout":"","_kad_post_sidebar_id":"","_kad_post_content_style":"","_kad_post_vertical_padding":"","_kad_post_feature":"","_kad_post_feature_position":"","_kad_post_header":false,"_kad_post_footer":false},"product_brand":[86],"product_cat":[23,22,190],"product_tag":[],"class_list":{"0":"post-1993","1":"product","2":"type-product","3":"status-publish","4":"has-post-thumbnail","6":"product_brand-puma","7":"product_cat-europa","8":"product_cat-reprezentacje","9":"product_cat-wlochy","10":"pa_rozmiar-xl","11":"pa_sezon-349","13":"first","14":"instock","15":"taxable","16":"shipping-taxable","17":"purchasable","18":"product-type-simple","19":"entry","20":"content-bg","21":"loop-entry"},"taxonomy_info":{"product_brand":[{"value":86,"label":"Puma"}],"product_cat":[{"value":23,"label":"Europa"},{"value":22,"label":"REPREZENTACJE"},{"value":190,"label":"W\u0142ochy"}],"pa_rozmiar":[{"value":57,"label":"XL"}],"pa_sezon":[{"value":349,"label":"2018"}]},"featured_image_src_large":["https:\/\/fts.you2.pl\/wp-content\/uploads\/2025\/09\/24183-PLAYER-ISSUE-Wlochy-2018-Home-XL-1024x1024.jpg",1024,1024,true],"author_info":[],"comment_info":"","_links":{"self":[{"href":"https:\/\/fts.you2.pl\/en\/wp-json\/wp\/v2\/product\/1993","targetHints":{"allow":["GET"]}}],"collection":[{"href":"https:\/\/fts.you2.pl\/en\/wp-json\/wp\/v2\/product"}],"about":[{"href":"https:\/\/fts.you2.pl\/en\/wp-json\/wp\/v2\/types\/product"}],"wp:featuredmedia":[{"embeddable":true,"href":"https:\/\/fts.you2.pl\/en\/wp-json\/wp\/v2\/media\/5551"}],"wp:attachment":[{"href":"https:\/\/fts.you2.pl\/en\/wp-json\/wp\/v2\/media?parent=1993"}],"wp:term":[{"taxonomy":"product_brand","embeddable":true,"href":"https:\/\/fts.you2.pl\/en\/wp-json\/wp\/v2\/product_brand?post=1993"},{"taxonomy":"product_cat","embeddable":true,"href":"https:\/\/fts.you2.pl\/en\/wp-json\/wp\/v2\/product_cat?post=1993"},{"taxonomy":"product_tag","embeddable":true,"href":"https:\/\/fts.you2.pl\/en\/wp-json\/wp\/v2\/product_tag?post=1993"}],"curies":[{"name":"wp","href":"https:\/\/api.w.org\/{rel}","templated":true}]}}