{"id":1995,"date":"2023-05-14T10:10:32","date_gmt":"2023-05-14T08:10:32","guid":{"rendered":"https:\/\/fts.you2.pl\/index.php\/produkt\/autografy-bnwt-yorkshire-carnegie-rugby-l\/"},"modified":"2025-09-18T17:03:58","modified_gmt":"2025-09-18T15:03:58","slug":"autografy-bnwt-yorkshire-carnegie-rugby-l","status":"publish","type":"product","link":"https:\/\/fts.you2.pl\/en\/autografy-bnwt-yorkshire-carnegie-rugby-l\/","title":{"rendered":"BNWT Yorkshire Carnegie Rugby [L] + AUTOGRAFY"},"content":{"rendered":"<p><strong>Klub: <\/strong>Yorkshire Carnegie Rugby<\/p>\n<p><strong>Rozmiar: <\/strong>L<\/p>\n<p><strong>Stan: <\/strong>BNWT &#8211; Koszulka nowa, z metkami, posiada jednak kilka zabrudze\u0144.<\/p>\n<p><strong>Wymiary (szeroko\u015b\u0107 pod pachami\/d\u0142ugo\u015b\u0107) w cm: <\/strong>58\/79<\/p>","protected":false},"excerpt":{"rendered":"<p>BNWT Yorkshire Carnegie Rugby [L] + AUTOGRAFY<\/p>","protected":false},"featured_media":5572,"template":"","meta":{"_kad_blocks_custom_css":"","_kad_blocks_head_custom_js":"","_kad_blocks_body_custom_js":"","_kad_blocks_footer_custom_js":"","_kad_post_transparent":"","_kad_post_title":"","_kad_post_layout":"","_kad_post_sidebar_id":"","_kad_post_content_style":"","_kad_post_vertical_padding":"","_kad_post_feature":"","_kad_post_feature_position":"","_kad_post_header":false,"_kad_post_footer":false},"product_brand":[350],"product_cat":[25,110,32,31,351],"product_tag":[],"class_list":{"0":"post-1995","1":"product","2":"type-product","3":"status-publish","4":"has-post-thumbnail","6":"product_brand-blades","7":"product_cat-inne","8":"product_cat-inne-sporty","9":"product_cat-kluby-angielskie","10":"product_cat-kluby-europejskie","11":"product_cat-rugby","12":"pa_rozmiar-l","14":"first","15":"instock","16":"taxable","17":"shipping-taxable","18":"purchasable","19":"product-type-simple","20":"entry","21":"content-bg","22":"loop-entry"},"taxonomy_info":{"product_brand":[{"value":350,"label":"Blades"}],"product_cat":[{"value":25,"label":"Inne"},{"value":110,"label":"Inne sporty"},{"value":32,"label":"Kluby Angielskie"},{"value":31,"label":"Kluby Europejskie"},{"value":351,"label":"Rugby"}],"pa_rozmiar":[{"value":39,"label":"L"}]},"featured_image_src_large":["https:\/\/fts.you2.pl\/wp-content\/uploads\/2025\/09\/24430-AUTOGRAFY-BNWT-Yorkshire-Carnegie-Rugby-L-1024x1024.jpg",1024,1024,true],"author_info":[],"comment_info":"","_links":{"self":[{"href":"https:\/\/fts.you2.pl\/en\/wp-json\/wp\/v2\/product\/1995","targetHints":{"allow":["GET"]}}],"collection":[{"href":"https:\/\/fts.you2.pl\/en\/wp-json\/wp\/v2\/product"}],"about":[{"href":"https:\/\/fts.you2.pl\/en\/wp-json\/wp\/v2\/types\/product"}],"wp:featuredmedia":[{"embeddable":true,"href":"https:\/\/fts.you2.pl\/en\/wp-json\/wp\/v2\/media\/5572"}],"wp:attachment":[{"href":"https:\/\/fts.you2.pl\/en\/wp-json\/wp\/v2\/media?parent=1995"}],"wp:term":[{"taxonomy":"product_brand","embeddable":true,"href":"https:\/\/fts.you2.pl\/en\/wp-json\/wp\/v2\/product_brand?post=1995"},{"taxonomy":"product_cat","embeddable":true,"href":"https:\/\/fts.you2.pl\/en\/wp-json\/wp\/v2\/product_cat?post=1995"},{"taxonomy":"product_tag","embeddable":true,"href":"https:\/\/fts.you2.pl\/en\/wp-json\/wp\/v2\/product_tag?post=1995"}],"curies":[{"name":"wp","href":"https:\/\/api.w.org\/{rel}","templated":true}]}}