{"id":2003,"date":"2023-05-14T10:10:42","date_gmt":"2023-05-14T08:10:42","guid":{"rendered":"https:\/\/fts.you2.pl\/index.php\/produkt\/aston-villa-2017-18-home-22-kodjia-m\/"},"modified":"2025-09-18T17:05:12","modified_gmt":"2025-09-18T15:05:12","slug":"aston-villa-2017-18-home-22-kodjia-m","status":"publish","type":"product","link":"https:\/\/fts.you2.pl\/en\/aston-villa-2017-18-home-22-kodjia-m\/","title":{"rendered":"Aston Villa 2017\/18 Home 22 Kodjia [M]"},"content":{"rendered":"<p><strong>Klub: <\/strong>Aston Villa<\/p>\n<p><strong>Zawodnik: <\/strong>22 Kodjia<\/p>\n<p><strong>Sezon: <\/strong>2017\/18 Home<\/p>\n<p><strong>Rozmiar: <\/strong>M<\/p>\n<p><strong>Stan: <\/strong>Zadowalaj\u0105cy &#8211; podniszczony nadruk sponsora na froncie, starta naszywka z rozmiarem na karku, pop\u0119kany numer na plecach oraz niewielkie zabrudzenie pod nim.<\/p>\n<p><strong>Wymiary (szeroko\u015b\u0107 pod pachami\/d\u0142ugo\u015b\u0107) w cm: <\/strong>51\/75<\/p>","protected":false},"excerpt":{"rendered":"<p>Aston Villa 2017\/18 Home 22 Kodjia [M]<\/p>","protected":false},"featured_media":5637,"template":"","meta":{"_kad_blocks_custom_css":"","_kad_blocks_head_custom_js":"","_kad_blocks_body_custom_js":"","_kad_blocks_footer_custom_js":"","_kad_post_transparent":"","_kad_post_title":"","_kad_post_layout":"","_kad_post_sidebar_id":"","_kad_post_content_style":"","_kad_post_vertical_padding":"","_kad_post_feature":"","_kad_post_feature_position":"","_kad_post_header":false,"_kad_post_footer":false},"product_brand":[326],"product_cat":[32,31,33],"product_tag":[],"class_list":{"0":"post-2003","1":"product","2":"type-product","3":"status-publish","4":"has-post-thumbnail","6":"product_brand-under-armour","7":"product_cat-kluby-angielskie","8":"product_cat-kluby-europejskie","9":"product_cat-pozostale-kluby-angielskie","10":"pa_napis-kodjia","11":"pa_numer-182","12":"pa_rozmiar-m","13":"pa_sezon-2017-18","15":"first","16":"instock","17":"taxable","18":"shipping-taxable","19":"purchasable","20":"product-type-simple","21":"entry","22":"content-bg","23":"loop-entry"},"taxonomy_info":{"product_brand":[{"value":326,"label":"Under Armour"}],"product_cat":[{"value":32,"label":"Kluby Angielskie"},{"value":31,"label":"Kluby Europejskie"},{"value":33,"label":"Pozosta\u0142e kluby angielskie"}],"pa_napis":[{"value":358,"label":"Kodjia"}],"pa_numer":[{"value":182,"label":"22"}],"pa_rozmiar":[{"value":28,"label":"M"}],"pa_sezon":[{"value":70,"label":"2017\/18"}]},"featured_image_src_large":["https:\/\/fts.you2.pl\/wp-content\/uploads\/2025\/09\/24288-Aston-Villa-201718-Home-22-Kodjia-M-1024x1024.jpg",1024,1024,true],"author_info":[],"comment_info":"","_links":{"self":[{"href":"https:\/\/fts.you2.pl\/en\/wp-json\/wp\/v2\/product\/2003","targetHints":{"allow":["GET"]}}],"collection":[{"href":"https:\/\/fts.you2.pl\/en\/wp-json\/wp\/v2\/product"}],"about":[{"href":"https:\/\/fts.you2.pl\/en\/wp-json\/wp\/v2\/types\/product"}],"wp:featuredmedia":[{"embeddable":true,"href":"https:\/\/fts.you2.pl\/en\/wp-json\/wp\/v2\/media\/5637"}],"wp:attachment":[{"href":"https:\/\/fts.you2.pl\/en\/wp-json\/wp\/v2\/media?parent=2003"}],"wp:term":[{"taxonomy":"product_brand","embeddable":true,"href":"https:\/\/fts.you2.pl\/en\/wp-json\/wp\/v2\/product_brand?post=2003"},{"taxonomy":"product_cat","embeddable":true,"href":"https:\/\/fts.you2.pl\/en\/wp-json\/wp\/v2\/product_cat?post=2003"},{"taxonomy":"product_tag","embeddable":true,"href":"https:\/\/fts.you2.pl\/en\/wp-json\/wp\/v2\/product_tag?post=2003"}],"curies":[{"name":"wp","href":"https:\/\/api.w.org\/{rel}","templated":true}]}}