{"id":2014,"date":"2023-05-27T10:44:20","date_gmt":"2023-05-27T08:44:20","guid":{"rendered":"https:\/\/fts.you2.pl\/index.php\/produkt\/bluza-borussia-dortmund-s\/"},"modified":"2025-09-18T17:13:18","modified_gmt":"2025-09-18T15:13:18","slug":"bluza-borussia-dortmund-s","status":"publish","type":"product","link":"https:\/\/fts.you2.pl\/en\/bluza-borussia-dortmund-s\/","title":{"rendered":"Bluza Borussia Dortmund [S]"},"content":{"rendered":"<p><strong>Klub: <\/strong>Borussia Dortmund<\/p>\n<p><strong>Rozmiar: <\/strong>S<\/p>\n<p><strong>Stan: <\/strong>Zadowalaj\u0105cy &#8211; bluza jest miejscami zmechacona oraz posiada trzy subtelne zabrudzenia na froncie.<\/p>\n<p><strong>Wymiary (szeroko\u015b\u0107 pod pachami\/d\u0142ugo\u015b\u0107) w cm: <\/strong>48\/68<\/p>","protected":false},"excerpt":{"rendered":"<p>Bluza Borussia Dortmund [S]<\/p>","protected":false},"featured_media":5740,"template":"","meta":{"_kad_blocks_custom_css":"","_kad_blocks_head_custom_js":"","_kad_blocks_body_custom_js":"","_kad_blocks_footer_custom_js":"","_kad_post_transparent":"","_kad_post_title":"","_kad_post_layout":"","_kad_post_sidebar_id":"","_kad_post_content_style":"","_kad_post_vertical_padding":"","_kad_post_feature":"","_kad_post_feature_position":"","_kad_post_header":false,"_kad_post_footer":false},"product_brand":[35],"product_cat":[65,25,31,46,26],"product_tag":[],"class_list":{"0":"post-2014","1":"product","2":"type-product","3":"status-publish","4":"has-post-thumbnail","6":"product_brand-kappa","7":"product_cat-borussia-dortmund","8":"product_cat-inne","9":"product_cat-kluby-europejskie","10":"product_cat-kluby-niemieckie","11":"product_cat-kurtki-bluzy-trening","12":"pa_rozmiar-s","14":"first","15":"instock","16":"taxable","17":"shipping-taxable","18":"purchasable","19":"product-type-simple","20":"entry","21":"content-bg","22":"loop-entry"},"taxonomy_info":{"product_brand":[{"value":35,"label":"Kappa"}],"product_cat":[{"value":65,"label":"Borussia Dortmund"},{"value":25,"label":"Inne"},{"value":31,"label":"Kluby Europejskie"},{"value":46,"label":"Kluby Niemieckie"},{"value":26,"label":"Kurtki\/bluzy\/trening"}],"pa_rozmiar":[{"value":19,"label":"S"}]},"featured_image_src_large":["https:\/\/fts.you2.pl\/wp-content\/uploads\/2025\/09\/25223-Bluza-Borussia-Dortmund-S-1024x1024.jpg",1024,1024,true],"author_info":[],"comment_info":"","_links":{"self":[{"href":"https:\/\/fts.you2.pl\/en\/wp-json\/wp\/v2\/product\/2014","targetHints":{"allow":["GET"]}}],"collection":[{"href":"https:\/\/fts.you2.pl\/en\/wp-json\/wp\/v2\/product"}],"about":[{"href":"https:\/\/fts.you2.pl\/en\/wp-json\/wp\/v2\/types\/product"}],"wp:featuredmedia":[{"embeddable":true,"href":"https:\/\/fts.you2.pl\/en\/wp-json\/wp\/v2\/media\/5740"}],"wp:attachment":[{"href":"https:\/\/fts.you2.pl\/en\/wp-json\/wp\/v2\/media?parent=2014"}],"wp:term":[{"taxonomy":"product_brand","embeddable":true,"href":"https:\/\/fts.you2.pl\/en\/wp-json\/wp\/v2\/product_brand?post=2014"},{"taxonomy":"product_cat","embeddable":true,"href":"https:\/\/fts.you2.pl\/en\/wp-json\/wp\/v2\/product_cat?post=2014"},{"taxonomy":"product_tag","embeddable":true,"href":"https:\/\/fts.you2.pl\/en\/wp-json\/wp\/v2\/product_tag?post=2014"}],"curies":[{"name":"wp","href":"https:\/\/api.w.org\/{rel}","templated":true}]}}