{"id":2016,"date":"2023-05-27T10:44:29","date_gmt":"2023-05-27T08:44:29","guid":{"rendered":"https:\/\/fts.you2.pl\/index.php\/produkt\/koszulka-pucharowa-borussia-dortmund-2011-12-home-18-lucas-xl\/"},"modified":"2025-09-18T17:15:47","modified_gmt":"2025-09-18T15:15:47","slug":"koszulka-pucharowa-borussia-dortmund-2011-12-home-18-lucas-xl","status":"publish","type":"product","link":"https:\/\/fts.you2.pl\/en\/koszulka-pucharowa-borussia-dortmund-2011-12-home-18-lucas-xl\/","title":{"rendered":"Koszulka pucharowa Borussia Dortmund 2011\/12 Home 18 Lucas [XL]"},"content":{"rendered":"<p><strong>Klub: <\/strong>Borussia Dortmund<\/p>\n<p><strong>Zawodnik: <\/strong>18 Lucas<\/p>\n<p><strong>Sezon: <\/strong>2011\/12 Home<\/p>\n<p><strong>Rozmiar: <\/strong>XL<\/p>\n<p><strong>Stan: <\/strong>Zadowalaj\u0105cy &#8211; mocno uszkodzone nazwisko oraz numer na plecach.<\/p>\n<p><strong>Wymiary (szeroko\u015b\u0107 pod pachami\/d\u0142ugo\u015b\u0107) w cm: <\/strong>57\/75(prz\u00f3d), 80(ty\u0142)<\/p>","protected":false},"excerpt":{"rendered":"<p>Koszulka pucharowa Borussia Dortmund 2011\/12 Home 18 Lucas [XL]<\/p>","protected":false},"featured_media":5760,"template":"","meta":{"_kad_blocks_custom_css":"","_kad_blocks_head_custom_js":"","_kad_blocks_body_custom_js":"","_kad_blocks_footer_custom_js":"","_kad_post_transparent":"","_kad_post_title":"","_kad_post_layout":"","_kad_post_sidebar_id":"","_kad_post_content_style":"","_kad_post_vertical_padding":"","_kad_post_feature":"","_kad_post_feature_position":"","_kad_post_header":false,"_kad_post_footer":false},"product_brand":[35],"product_cat":[65,31,46],"product_tag":[],"class_list":{"0":"post-2016","1":"product","2":"type-product","3":"status-publish","4":"has-post-thumbnail","6":"product_brand-kappa","7":"product_cat-borussia-dortmund","8":"product_cat-kluby-europejskie","9":"product_cat-kluby-niemieckie","10":"pa_napis-lucas","11":"pa_numer-303","12":"pa_rozmiar-xl","13":"pa_sezon-2011-12","15":"first","16":"instock","17":"taxable","18":"shipping-taxable","19":"purchasable","20":"product-type-simple","21":"entry","22":"content-bg","23":"loop-entry"},"taxonomy_info":{"product_brand":[{"value":35,"label":"Kappa"}],"product_cat":[{"value":65,"label":"Borussia Dortmund"},{"value":31,"label":"Kluby Europejskie"},{"value":46,"label":"Kluby Niemieckie"}],"pa_napis":[{"value":364,"label":"Lucas"}],"pa_numer":[{"value":303,"label":"18"}],"pa_rozmiar":[{"value":57,"label":"XL"}],"pa_sezon":[{"value":68,"label":"2011\/12"}]},"featured_image_src_large":["https:\/\/fts.you2.pl\/wp-content\/uploads\/2025\/09\/25116-Koszulka-pucharowa-Borussia-Dortmund-201112-Home-18-Lucas-XL-1024x1024.jpg",1024,1024,true],"author_info":[],"comment_info":"","_links":{"self":[{"href":"https:\/\/fts.you2.pl\/en\/wp-json\/wp\/v2\/product\/2016","targetHints":{"allow":["GET"]}}],"collection":[{"href":"https:\/\/fts.you2.pl\/en\/wp-json\/wp\/v2\/product"}],"about":[{"href":"https:\/\/fts.you2.pl\/en\/wp-json\/wp\/v2\/types\/product"}],"wp:featuredmedia":[{"embeddable":true,"href":"https:\/\/fts.you2.pl\/en\/wp-json\/wp\/v2\/media\/5760"}],"wp:attachment":[{"href":"https:\/\/fts.you2.pl\/en\/wp-json\/wp\/v2\/media?parent=2016"}],"wp:term":[{"taxonomy":"product_brand","embeddable":true,"href":"https:\/\/fts.you2.pl\/en\/wp-json\/wp\/v2\/product_brand?post=2016"},{"taxonomy":"product_cat","embeddable":true,"href":"https:\/\/fts.you2.pl\/en\/wp-json\/wp\/v2\/product_cat?post=2016"},{"taxonomy":"product_tag","embeddable":true,"href":"https:\/\/fts.you2.pl\/en\/wp-json\/wp\/v2\/product_tag?post=2016"}],"curies":[{"name":"wp","href":"https:\/\/api.w.org\/{rel}","templated":true}]}}