{"id":2017,"date":"2023-05-27T10:44:33","date_gmt":"2023-05-27T08:44:33","guid":{"rendered":"https:\/\/fts.you2.pl\/index.php\/produkt\/borussia-dortmund-2012-13-home-15-hummels-m\/"},"modified":"2025-09-18T17:17:04","modified_gmt":"2025-09-18T15:17:04","slug":"borussia-dortmund-2012-13-home-15-hummels-m","status":"publish","type":"product","link":"https:\/\/fts.you2.pl\/en\/borussia-dortmund-2012-13-home-15-hummels-m\/","title":{"rendered":"Borussia Dortmund 2012\/13 Home 15 Hummels [M]"},"content":{"rendered":"<p><strong>Klub: <\/strong>Borussia Dortmund<\/p>\n<p><strong>Zawodnik: <\/strong>15 Hummels<\/p>\n<p><strong>Sezon: <\/strong>2012\/13 Home<\/p>\n<p><strong>Rozmiar: <\/strong>M<\/p>\n<p><strong>Stan: <\/strong>Zadowalaj\u0105cy &#8211; mocne zabrudzenie na r\u0119kawku oraz wyp\u0142owia\u0142e nazwisko i numer na plecach.<\/p>\n<p><strong>Wymiary (szeroko\u015b\u0107 pod pachami\/d\u0142ugo\u015b\u0107) w cm: <\/strong>49\/72<\/p>","protected":false},"excerpt":{"rendered":"<p>Borussia Dortmund 2012\/13 Home 15 Hummels [M]<\/p>","protected":false},"featured_media":5769,"template":"","meta":{"_kad_blocks_custom_css":"","_kad_blocks_head_custom_js":"","_kad_blocks_body_custom_js":"","_kad_blocks_footer_custom_js":"","_kad_post_transparent":"","_kad_post_title":"","_kad_post_layout":"","_kad_post_sidebar_id":"","_kad_post_content_style":"","_kad_post_vertical_padding":"","_kad_post_feature":"","_kad_post_feature_position":"","_kad_post_header":false,"_kad_post_footer":false},"product_brand":[86],"product_cat":[65,31,46],"product_tag":[],"class_list":{"0":"post-2017","1":"product","2":"type-product","3":"status-publish","4":"has-post-thumbnail","6":"product_brand-puma","7":"product_cat-borussia-dortmund","8":"product_cat-kluby-europejskie","9":"product_cat-kluby-niemieckie","10":"pa_napis-hummels","11":"pa_numer-250","12":"pa_rozmiar-m","13":"pa_sezon-2012-13","15":"first","16":"instock","17":"taxable","18":"shipping-taxable","19":"purchasable","20":"product-type-simple","21":"entry","22":"content-bg","23":"loop-entry"},"taxonomy_info":{"product_brand":[{"value":86,"label":"Puma"}],"product_cat":[{"value":65,"label":"Borussia Dortmund"},{"value":31,"label":"Kluby Europejskie"},{"value":46,"label":"Kluby Niemieckie"}],"pa_napis":[{"value":293,"label":"Hummels"}],"pa_numer":[{"value":250,"label":"15"}],"pa_rozmiar":[{"value":28,"label":"M"}],"pa_sezon":[{"value":91,"label":"2012\/13"}]},"featured_image_src_large":["https:\/\/fts.you2.pl\/wp-content\/uploads\/2025\/09\/25061-Borussia-Dortmund-201213-Home-15-Hummels-M-1024x1024.jpg",1024,1024,true],"author_info":[],"comment_info":"","_links":{"self":[{"href":"https:\/\/fts.you2.pl\/en\/wp-json\/wp\/v2\/product\/2017","targetHints":{"allow":["GET"]}}],"collection":[{"href":"https:\/\/fts.you2.pl\/en\/wp-json\/wp\/v2\/product"}],"about":[{"href":"https:\/\/fts.you2.pl\/en\/wp-json\/wp\/v2\/types\/product"}],"wp:featuredmedia":[{"embeddable":true,"href":"https:\/\/fts.you2.pl\/en\/wp-json\/wp\/v2\/media\/5769"}],"wp:attachment":[{"href":"https:\/\/fts.you2.pl\/en\/wp-json\/wp\/v2\/media?parent=2017"}],"wp:term":[{"taxonomy":"product_brand","embeddable":true,"href":"https:\/\/fts.you2.pl\/en\/wp-json\/wp\/v2\/product_brand?post=2017"},{"taxonomy":"product_cat","embeddable":true,"href":"https:\/\/fts.you2.pl\/en\/wp-json\/wp\/v2\/product_cat?post=2017"},{"taxonomy":"product_tag","embeddable":true,"href":"https:\/\/fts.you2.pl\/en\/wp-json\/wp\/v2\/product_tag?post=2017"}],"curies":[{"name":"wp","href":"https:\/\/api.w.org\/{rel}","templated":true}]}}