{"id":2018,"date":"2023-05-27T10:44:35","date_gmt":"2023-05-27T08:44:35","guid":{"rendered":"https:\/\/fts.you2.pl\/index.php\/produkt\/borussia-dortmund-1998-00-away-l\/"},"modified":"2025-09-18T17:18:18","modified_gmt":"2025-09-18T15:18:18","slug":"borussia-dortmund-1998-00-away-l","status":"publish","type":"product","link":"https:\/\/fts.you2.pl\/en\/borussia-dortmund-1998-00-away-l\/","title":{"rendered":"Borussia Dortmund 1998\/00 Away [L]"},"content":{"rendered":"<p><strong>Klub: <\/strong>Borussia Dortmund<\/p>\n<p><strong>Sezon: <\/strong>1998\/00 Away<\/p>\n<p><strong>Rozmiar: <\/strong>L<\/p>\n<p><strong>Stan: <\/strong>Zadowalaj\u0105cy &#8211; uszkodzony ko\u0142nierz, miejscami zerwane szwy oraz pop\u0119kany napis 'Dortmund&#8217; na plecach.<\/p>\n<p><strong>Wymiary (szeroko\u015b\u0107 pod pachami\/d\u0142ugo\u015b\u0107) w cm: <\/strong>60\/70(prz\u00f3d), 74(ty\u0142)<\/p>","protected":false},"excerpt":{"rendered":"<p>Borussia Dortmund 1998\/00 Away [L]<\/p>","protected":false},"featured_media":5778,"template":"","meta":{"_kad_blocks_custom_css":"","_kad_blocks_head_custom_js":"","_kad_blocks_body_custom_js":"","_kad_blocks_footer_custom_js":"","_kad_post_transparent":"","_kad_post_title":"","_kad_post_layout":"","_kad_post_sidebar_id":"","_kad_post_content_style":"","_kad_post_vertical_padding":"","_kad_post_feature":"","_kad_post_feature_position":"","_kad_post_header":false,"_kad_post_footer":false},"product_brand":[55],"product_cat":[65,31,46],"product_tag":[],"class_list":{"0":"post-2018","1":"product","2":"type-product","3":"status-publish","4":"has-post-thumbnail","6":"product_brand-nike","7":"product_cat-borussia-dortmund","8":"product_cat-kluby-europejskie","9":"product_cat-kluby-niemieckie","10":"pa_rozmiar-l","11":"pa_sezon-1998-00","13":"first","14":"instock","15":"taxable","16":"shipping-taxable","17":"purchasable","18":"product-type-simple","19":"entry","20":"content-bg","21":"loop-entry"},"taxonomy_info":{"product_brand":[{"value":55,"label":"Nike"}],"product_cat":[{"value":65,"label":"Borussia Dortmund"},{"value":31,"label":"Kluby Europejskie"},{"value":46,"label":"Kluby Niemieckie"}],"pa_rozmiar":[{"value":39,"label":"L"}],"pa_sezon":[{"value":156,"label":"1998\/00"}]},"featured_image_src_large":["https:\/\/fts.you2.pl\/wp-content\/uploads\/2025\/09\/25043-Borussia-Dortmund-199800-Away-L-1024x1024.jpg",1024,1024,true],"author_info":[],"comment_info":"","_links":{"self":[{"href":"https:\/\/fts.you2.pl\/en\/wp-json\/wp\/v2\/product\/2018","targetHints":{"allow":["GET"]}}],"collection":[{"href":"https:\/\/fts.you2.pl\/en\/wp-json\/wp\/v2\/product"}],"about":[{"href":"https:\/\/fts.you2.pl\/en\/wp-json\/wp\/v2\/types\/product"}],"wp:featuredmedia":[{"embeddable":true,"href":"https:\/\/fts.you2.pl\/en\/wp-json\/wp\/v2\/media\/5778"}],"wp:attachment":[{"href":"https:\/\/fts.you2.pl\/en\/wp-json\/wp\/v2\/media?parent=2018"}],"wp:term":[{"taxonomy":"product_brand","embeddable":true,"href":"https:\/\/fts.you2.pl\/en\/wp-json\/wp\/v2\/product_brand?post=2018"},{"taxonomy":"product_cat","embeddable":true,"href":"https:\/\/fts.you2.pl\/en\/wp-json\/wp\/v2\/product_cat?post=2018"},{"taxonomy":"product_tag","embeddable":true,"href":"https:\/\/fts.you2.pl\/en\/wp-json\/wp\/v2\/product_tag?post=2018"}],"curies":[{"name":"wp","href":"https:\/\/api.w.org\/{rel}","templated":true}]}}