{"id":2025,"date":"2023-06-01T11:43:45","date_gmt":"2023-06-01T09:43:45","guid":{"rendered":"https:\/\/fts.you2.pl\/index.php\/produkt\/match-issue-hertha-bsc-2006-07-home-15-mineiro-m\/"},"modified":"2025-09-18T17:26:36","modified_gmt":"2025-09-18T15:26:36","slug":"match-issue-hertha-bsc-2006-07-home-15-mineiro-m","status":"publish","type":"product","link":"https:\/\/fts.you2.pl\/en\/match-issue-hertha-bsc-2006-07-home-15-mineiro-m\/","title":{"rendered":"MATCH ISSUE Hertha BSC 2006\/07 Home 15 Mineiro [M]"},"content":{"rendered":"<p><strong>Klub: <\/strong>Hertha BSC<\/p>\n<p><strong>Zawodnik: <\/strong>15 Mineiro<\/p>\n<p><strong>Sezon: <\/strong>2006\/07 Home<\/p>\n<p><strong>Rozmiar: <\/strong>M<\/p>\n<p><strong>Stan: <\/strong>Bardzo dobry &#8211; delikatne p\u0119kni\u0119cia na nazwisku z ty\u0142u koszulki.<\/p>\n<p><strong>Wymiary (szeroko\u015b\u0107 pod pachami\/d\u0142ugo\u015b\u0107) w cm: <\/strong>50\/66(prz\u00f3d), 77(ty\u0142)<\/p>\n<p><strong>Dodatkowe informacje:<\/strong> Meczowa koszulka brazylijskiego pomocnika Mineiro, kt\u00f3ry wyst\u0119powa\u0142 w barwach Herthy BSC przez nieca\u0142e dwa sezony, przenosz\u0105c si\u0119 nast\u0119pnie do Chelsea, gdzie zagra\u0142 jedynie w jednym oficjalnym spotkaniu. Na froncie koszulki widoczny autograf z dedykacj\u0105.<\/p>","protected":false},"excerpt":{"rendered":"<p>MATCH ISSUE Hertha BSC 2006\/07 Home 15 Mineiro [M]<\/p>","protected":false},"featured_media":5843,"template":"","meta":{"_kad_blocks_custom_css":"","_kad_blocks_head_custom_js":"","_kad_blocks_body_custom_js":"","_kad_blocks_footer_custom_js":"","_kad_post_transparent":"","_kad_post_title":"","_kad_post_layout":"","_kad_post_sidebar_id":"","_kad_post_content_style":"","_kad_post_vertical_padding":"","_kad_post_feature":"","_kad_post_feature_position":"","_kad_post_header":false,"_kad_post_footer":false},"product_brand":[55],"product_cat":[307,31,46,173],"product_tag":[],"class_list":{"0":"post-2025","1":"product","2":"type-product","3":"status-publish","4":"has-post-thumbnail","6":"product_brand-nike","7":"product_cat-hertha-bsc","8":"product_cat-kluby-europejskie","9":"product_cat-kluby-niemieckie","10":"product_cat-match-worn-issue","11":"pa_napis-mineiro","12":"pa_numer-250","13":"pa_rozmiar-m","14":"pa_sezon-2006-07","16":"first","17":"instock","18":"taxable","19":"shipping-taxable","20":"purchasable","21":"product-type-simple","22":"entry","23":"content-bg","24":"loop-entry"},"taxonomy_info":{"product_brand":[{"value":55,"label":"Nike"}],"product_cat":[{"value":307,"label":"Hertha BSC"},{"value":31,"label":"Kluby Europejskie"},{"value":46,"label":"Kluby Niemieckie"},{"value":173,"label":"MATCH WORN &amp; ISSUE"}],"pa_napis":[{"value":370,"label":"Mineiro"}],"pa_numer":[{"value":250,"label":"15"}],"pa_rozmiar":[{"value":28,"label":"M"}],"pa_sezon":[{"value":40,"label":"2006\/07"}]},"featured_image_src_large":["https:\/\/fts.you2.pl\/wp-content\/uploads\/2025\/09\/25442-MATCH-ISSUE-Hertha-BSC-200607-Home-15-Mineiro-M-1024x1024.jpg",1024,1024,true],"author_info":[],"comment_info":"","_links":{"self":[{"href":"https:\/\/fts.you2.pl\/en\/wp-json\/wp\/v2\/product\/2025","targetHints":{"allow":["GET"]}}],"collection":[{"href":"https:\/\/fts.you2.pl\/en\/wp-json\/wp\/v2\/product"}],"about":[{"href":"https:\/\/fts.you2.pl\/en\/wp-json\/wp\/v2\/types\/product"}],"wp:featuredmedia":[{"embeddable":true,"href":"https:\/\/fts.you2.pl\/en\/wp-json\/wp\/v2\/media\/5843"}],"wp:attachment":[{"href":"https:\/\/fts.you2.pl\/en\/wp-json\/wp\/v2\/media?parent=2025"}],"wp:term":[{"taxonomy":"product_brand","embeddable":true,"href":"https:\/\/fts.you2.pl\/en\/wp-json\/wp\/v2\/product_brand?post=2025"},{"taxonomy":"product_cat","embeddable":true,"href":"https:\/\/fts.you2.pl\/en\/wp-json\/wp\/v2\/product_cat?post=2025"},{"taxonomy":"product_tag","embeddable":true,"href":"https:\/\/fts.you2.pl\/en\/wp-json\/wp\/v2\/product_tag?post=2025"}],"curies":[{"name":"wp","href":"https:\/\/api.w.org\/{rel}","templated":true}]}}