{"id":2033,"date":"2023-06-01T12:36:24","date_gmt":"2023-06-01T10:36:24","guid":{"rendered":"https:\/\/fts.you2.pl\/index.php\/produkt\/psv-eindhoven-1992-94-home-xl\/"},"modified":"2025-09-18T17:35:29","modified_gmt":"2025-09-18T15:35:29","slug":"psv-eindhoven-1992-94-home-xl","status":"publish","type":"product","link":"https:\/\/fts.you2.pl\/en\/psv-eindhoven-1992-94-home-xl\/","title":{"rendered":"PSV Eindhoven 1992\/94 Home [XL]"},"content":{"rendered":"<p><strong>Klub: <\/strong>PSV Eindhoven<\/p>\n<p><strong>Sezon: <\/strong>1992\/94 Home<\/p>\n<p><strong>Rozmiar: <\/strong>XL<\/p>\n<p><strong>Stan: <\/strong>Dobry &#8211; kilka mikro zaci\u0105gni\u0119\u0107 oraz dwa pod\u0142u\u017cne na karku.<\/p>\n<p><strong>Wymiary (szeroko\u015b\u0107 pod pachami\/d\u0142ugo\u015b\u0107) w cm: <\/strong>58\/73<\/p>\n<p><strong>Dodatkowe informacje:<\/strong> Na karku znajduje si\u0119 bli\u017cej nieznana naklejka, prawdopodobnie jeszcze sklepowa.<\/p>","protected":false},"excerpt":{"rendered":"<p>PSV Eindhoven 1992\/94 Home [XL]<\/p>","protected":false},"featured_media":5916,"template":"","meta":{"_kad_blocks_custom_css":"","_kad_blocks_head_custom_js":"","_kad_blocks_body_custom_js":"","_kad_blocks_footer_custom_js":"","_kad_post_transparent":"","_kad_post_title":"","_kad_post_layout":"","_kad_post_sidebar_id":"","_kad_post_content_style":"","_kad_post_vertical_padding":"","_kad_post_feature":"","_kad_post_feature_position":"","_kad_post_header":false,"_kad_post_footer":false},"product_brand":[45],"product_cat":[107,50,31],"product_tag":[],"class_list":{"0":"post-2033","1":"product","2":"type-product","3":"status-publish","4":"has-post-thumbnail","6":"product_brand-adidas","7":"product_cat-belgia-i-holandia","8":"product_cat-kluby-europejskie-kluby-europejskie","9":"product_cat-kluby-europejskie","10":"pa_rozmiar-xl","11":"pa_sezon-1992-94","13":"first","14":"instock","15":"taxable","16":"shipping-taxable","17":"purchasable","18":"product-type-simple","19":"entry","20":"content-bg","21":"loop-entry"},"taxonomy_info":{"product_brand":[{"value":45,"label":"Adidas"}],"product_cat":[{"value":107,"label":"Belgia i Holandia"},{"value":50,"label":"Kluby Europejskie"},{"value":31,"label":"Kluby Europejskie"}],"pa_rozmiar":[{"value":57,"label":"XL"}],"pa_sezon":[{"value":379,"label":"1992\/94"}]},"featured_image_src_large":["https:\/\/fts.you2.pl\/wp-content\/uploads\/2025\/09\/25615-PSV-Eindhoven-199294-Home-XL-1024x1024.jpg",1024,1024,true],"author_info":[],"comment_info":"","_links":{"self":[{"href":"https:\/\/fts.you2.pl\/en\/wp-json\/wp\/v2\/product\/2033","targetHints":{"allow":["GET"]}}],"collection":[{"href":"https:\/\/fts.you2.pl\/en\/wp-json\/wp\/v2\/product"}],"about":[{"href":"https:\/\/fts.you2.pl\/en\/wp-json\/wp\/v2\/types\/product"}],"wp:featuredmedia":[{"embeddable":true,"href":"https:\/\/fts.you2.pl\/en\/wp-json\/wp\/v2\/media\/5916"}],"wp:attachment":[{"href":"https:\/\/fts.you2.pl\/en\/wp-json\/wp\/v2\/media?parent=2033"}],"wp:term":[{"taxonomy":"product_brand","embeddable":true,"href":"https:\/\/fts.you2.pl\/en\/wp-json\/wp\/v2\/product_brand?post=2033"},{"taxonomy":"product_cat","embeddable":true,"href":"https:\/\/fts.you2.pl\/en\/wp-json\/wp\/v2\/product_cat?post=2033"},{"taxonomy":"product_tag","embeddable":true,"href":"https:\/\/fts.you2.pl\/en\/wp-json\/wp\/v2\/product_tag?post=2033"}],"curies":[{"name":"wp","href":"https:\/\/api.w.org\/{rel}","templated":true}]}}