{"id":2040,"date":"2023-06-04T17:15:48","date_gmt":"2023-06-04T15:15:48","guid":{"rendered":"https:\/\/fts.you2.pl\/index.php\/produkt\/test-8\/"},"modified":"2025-09-18T17:43:48","modified_gmt":"2025-09-18T15:43:48","slug":"test-8","status":"publish","type":"product","link":"https:\/\/fts.you2.pl\/en\/test-8\/","title":{"rendered":"Union Luxembourg 1996\/97 Away 13 [XXS]"},"content":{"rendered":"<p><strong>Klub: <\/strong>Union Luxembourg<\/p>\n<p><strong>Sezon: <\/strong>1996\/97 Away 13<\/p>\n<p><strong>Rozmiar:<\/strong> XXS<\/p>\n<p><strong>Stan: <\/strong>Zadowalaj\u0105cy &#8211; sporo mikro zaci\u0105gni\u0119\u0107 i miejscami mocno zmechacony materia\u0142.<\/p>\n<p><strong>Wymiary (szeroko\u015b\u0107 pod pachami\/d\u0142ugo\u015b\u0107) w cm: <\/strong>46\/63<\/p>","protected":false},"excerpt":{"rendered":"<p>Union Luxembourg 1996\/97 Away 13 [XXS]<\/p>","protected":false},"featured_media":5979,"template":"","meta":{"_kad_blocks_custom_css":"","_kad_blocks_head_custom_js":"","_kad_blocks_body_custom_js":"","_kad_blocks_footer_custom_js":"","_kad_post_transparent":"","_kad_post_title":"","_kad_post_layout":"","_kad_post_sidebar_id":"","_kad_post_content_style":"","_kad_post_vertical_padding":"","_kad_post_feature":"","_kad_post_feature_position":"","_kad_post_header":false,"_kad_post_footer":false},"product_brand":[84],"product_cat":[31,50,60],"product_tag":[],"class_list":{"0":"post-2040","1":"product","2":"type-product","3":"status-publish","4":"has-post-thumbnail","6":"product_brand-errea","7":"product_cat-kluby-europejskie","8":"product_cat-kluby-europejskie-kluby-europejskie","9":"product_cat-pozostale-kluby-europejskie","11":"first","12":"instock","13":"taxable","14":"shipping-taxable","15":"purchasable","16":"product-type-simple","17":"entry","18":"content-bg","19":"loop-entry"},"taxonomy_info":{"product_brand":[{"value":84,"label":"Errea"}],"product_cat":[{"value":31,"label":"Kluby Europejskie"},{"value":50,"label":"Kluby Europejskie"},{"value":60,"label":"Pozosta\u0142e kluby europejskie"}]},"featured_image_src_large":["https:\/\/fts.you2.pl\/wp-content\/uploads\/2025\/09\/25822-Union-Luxembourg-199697-Away-13-XXS-1024x1024.jpg",1024,1024,true],"author_info":[],"comment_info":"","_links":{"self":[{"href":"https:\/\/fts.you2.pl\/en\/wp-json\/wp\/v2\/product\/2040","targetHints":{"allow":["GET"]}}],"collection":[{"href":"https:\/\/fts.you2.pl\/en\/wp-json\/wp\/v2\/product"}],"about":[{"href":"https:\/\/fts.you2.pl\/en\/wp-json\/wp\/v2\/types\/product"}],"wp:featuredmedia":[{"embeddable":true,"href":"https:\/\/fts.you2.pl\/en\/wp-json\/wp\/v2\/media\/5979"}],"wp:attachment":[{"href":"https:\/\/fts.you2.pl\/en\/wp-json\/wp\/v2\/media?parent=2040"}],"wp:term":[{"taxonomy":"product_brand","embeddable":true,"href":"https:\/\/fts.you2.pl\/en\/wp-json\/wp\/v2\/product_brand?post=2040"},{"taxonomy":"product_cat","embeddable":true,"href":"https:\/\/fts.you2.pl\/en\/wp-json\/wp\/v2\/product_cat?post=2040"},{"taxonomy":"product_tag","embeddable":true,"href":"https:\/\/fts.you2.pl\/en\/wp-json\/wp\/v2\/product_tag?post=2040"}],"curies":[{"name":"wp","href":"https:\/\/api.w.org\/{rel}","templated":true}]}}