{"id":2052,"date":"2023-06-11T13:02:56","date_gmt":"2023-06-11T11:02:56","guid":{"rendered":"https:\/\/fts.you2.pl\/index.php\/produkt\/test-28\/"},"modified":"2025-09-18T17:57:18","modified_gmt":"2025-09-18T15:57:18","slug":"test-28","status":"publish","type":"product","link":"https:\/\/fts.you2.pl\/en\/test-28\/","title":{"rendered":"MATCH ISSUE Grasshopper Club Zurych 1996\/97 Away 30 Berger [XL]"},"content":{"rendered":"<p><strong>Klub: <\/strong>Grasshopper Club Zurych<\/p>\n<p><strong>Zawodnik:<\/strong> 30 Berger<\/p>\n<p><strong>Sezon:<\/strong> 1996\/97 Away<\/p>\n<p><strong>Rozmiar: <\/strong>XL<\/p>\n<p><strong>Stan: <\/strong>S\u0142aby &#8211; brak guzika pod ko\u0142nierzem, brak dw\u00f3ch gwiazdek nad herbem, kilka mikro czarnych plamek oraz bardzo du\u017co mikro zaci\u0105gni\u0119\u0107.<\/p>\n<p><strong>Wymiary (szeroko\u015b\u0107 pod pachami\/d\u0142ugo\u015b\u0107) w cm: 60\/76<\/strong><\/p>\n<p><strong>Dodatkowe informacje: <\/strong>Meczowa koszulka Jana Bergera, czeskiego pi\u0142karza, prywatnie kuzyna Patricka Bergera. Jest to koszulka w wersji meczowej, o czym \u015bwiadczy patch Ligi Mistrz\u00f3w na r\u0119kawie oraz wszyta dodatkowo metka na karku, lecz nie zosta\u0142a ona u\u017cyta w meczu, gdy\u017c gdy Grasshopper gra\u0142 w tych kompletach stroj\u00f3w w meczach Ligi Mistrz\u00f3w a Berger by\u0142 na boisku, ca\u0142a dru\u017cyna u\u017cywa\u0142a wersji z d\u0142ugim r\u0119kawem, a gdy z kr\u00f3tkim &#8211; nie wszed\u0142 on na boisko.<\/p>","protected":false},"excerpt":{"rendered":"<p>MATCH ISSUE Grasshopper Club Zurych 1996\/97 Away 30 Berger [XL]\u00a0\u00a0<\/p>","protected":false},"featured_media":6087,"template":"","meta":{"_kad_blocks_custom_css":"","_kad_blocks_head_custom_js":"","_kad_blocks_body_custom_js":"","_kad_blocks_footer_custom_js":"","_kad_post_transparent":"","_kad_post_title":"","_kad_post_layout":"","_kad_post_sidebar_id":"","_kad_post_content_style":"","_kad_post_vertical_padding":"","_kad_post_feature":"","_kad_post_feature_position":"","_kad_post_header":false,"_kad_post_footer":false},"product_brand":[45],"product_cat":[104,31,50,173],"product_tag":[],"class_list":{"0":"post-2052","1":"product","2":"type-product","3":"status-publish","4":"has-post-thumbnail","6":"product_brand-adidas","7":"product_cat-austria-i-szwajcaria","8":"product_cat-kluby-europejskie","9":"product_cat-kluby-europejskie-kluby-europejskie","10":"product_cat-match-worn-issue","11":"pa_rozmiar-xl","13":"first","14":"instock","15":"taxable","16":"shipping-taxable","17":"purchasable","18":"product-type-simple","19":"entry","20":"content-bg","21":"loop-entry"},"taxonomy_info":{"product_brand":[{"value":45,"label":"Adidas"}],"product_cat":[{"value":104,"label":"Austria i Szwajcaria"},{"value":31,"label":"Kluby Europejskie"},{"value":50,"label":"Kluby Europejskie"},{"value":173,"label":"MATCH WORN &amp; ISSUE"}],"pa_rozmiar":[{"value":57,"label":"XL"}]},"featured_image_src_large":["https:\/\/fts.you2.pl\/wp-content\/uploads\/2025\/09\/26061-MATCH-ISSUE-Grasshopper-Club-Zurych-199697-Away-30-Berger-XL-1024x1024.jpg",1024,1024,true],"author_info":[],"comment_info":"","_links":{"self":[{"href":"https:\/\/fts.you2.pl\/en\/wp-json\/wp\/v2\/product\/2052","targetHints":{"allow":["GET"]}}],"collection":[{"href":"https:\/\/fts.you2.pl\/en\/wp-json\/wp\/v2\/product"}],"about":[{"href":"https:\/\/fts.you2.pl\/en\/wp-json\/wp\/v2\/types\/product"}],"wp:featuredmedia":[{"embeddable":true,"href":"https:\/\/fts.you2.pl\/en\/wp-json\/wp\/v2\/media\/6087"}],"wp:attachment":[{"href":"https:\/\/fts.you2.pl\/en\/wp-json\/wp\/v2\/media?parent=2052"}],"wp:term":[{"taxonomy":"product_brand","embeddable":true,"href":"https:\/\/fts.you2.pl\/en\/wp-json\/wp\/v2\/product_brand?post=2052"},{"taxonomy":"product_cat","embeddable":true,"href":"https:\/\/fts.you2.pl\/en\/wp-json\/wp\/v2\/product_cat?post=2052"},{"taxonomy":"product_tag","embeddable":true,"href":"https:\/\/fts.you2.pl\/en\/wp-json\/wp\/v2\/product_tag?post=2052"}],"curies":[{"name":"wp","href":"https:\/\/api.w.org\/{rel}","templated":true}]}}