{"id":2058,"date":"2023-06-18T11:35:03","date_gmt":"2023-06-18T09:35:03","guid":{"rendered":"https:\/\/fts.you2.pl\/index.php\/produkt\/test-48\/"},"modified":"2025-09-18T18:03:53","modified_gmt":"2025-09-18T16:03:53","slug":"test-48","status":"publish","type":"product","link":"https:\/\/fts.you2.pl\/en\/test-48\/","title":{"rendered":"San Lorenzo 1994\/95 Home 4 [XL]"},"content":{"rendered":"<p><strong>Klub:<\/strong> San Lorenzo<\/p>\n<p><strong>Sezon:<\/strong> 1994\/95 Home<\/p>\n<p><strong>Rozmiar:<\/strong> XL<\/p>\n<p><strong>Stan:<\/strong> Dobry &#8211; miejscami drobne zaci\u0105gni\u0119cia, pomarszczony materia\u0142 przy herbie, uszkodzony numer na plecach.<\/p>\n<p><strong>Wymiary (szeroko\u015b\u0107 pod pachami\/d\u0142ugo\u015b\u0107) w<\/strong>\u00a0<strong>cm:<\/strong> 55\/70<\/p>","protected":false},"excerpt":{"rendered":"<p>San Lorenzo 1994\/95 Home 4 [XL]<\/p>","protected":false},"featured_media":6142,"template":"","meta":{"_kad_blocks_custom_css":"","_kad_blocks_head_custom_js":"","_kad_blocks_body_custom_js":"","_kad_blocks_footer_custom_js":"","_kad_post_transparent":"","_kad_post_title":"","_kad_post_layout":"","_kad_post_sidebar_id":"","_kad_post_content_style":"","_kad_post_vertical_padding":"","_kad_post_feature":"","_kad_post_feature_position":"","_kad_post_header":false,"_kad_post_footer":false},"product_brand":[382],"product_cat":[56,36],"product_tag":[],"class_list":{"0":"post-2058","1":"product","2":"type-product","3":"status-publish","4":"has-post-thumbnail","6":"product_brand-penalty","7":"product_cat-ameryka-poludniowa","8":"product_cat-kluby-reszty-swiata","9":"pa_rozmiar-xl","11":"first","12":"instock","13":"taxable","14":"shipping-taxable","15":"purchasable","16":"product-type-simple","17":"entry","18":"content-bg","19":"loop-entry"},"taxonomy_info":{"product_brand":[{"value":382,"label":"Penalty"}],"product_cat":[{"value":56,"label":"Ameryka Po\u0142udniowa"},{"value":36,"label":"Kluby Reszty \u015awiata"}],"pa_rozmiar":[{"value":57,"label":"XL"}]},"featured_image_src_large":["https:\/\/fts.you2.pl\/wp-content\/uploads\/2025\/09\/26273-San-Lorenzo-199495-Home-4-XL-1024x1024.jpg",1024,1024,true],"author_info":[],"comment_info":"","_links":{"self":[{"href":"https:\/\/fts.you2.pl\/en\/wp-json\/wp\/v2\/product\/2058","targetHints":{"allow":["GET"]}}],"collection":[{"href":"https:\/\/fts.you2.pl\/en\/wp-json\/wp\/v2\/product"}],"about":[{"href":"https:\/\/fts.you2.pl\/en\/wp-json\/wp\/v2\/types\/product"}],"wp:featuredmedia":[{"embeddable":true,"href":"https:\/\/fts.you2.pl\/en\/wp-json\/wp\/v2\/media\/6142"}],"wp:attachment":[{"href":"https:\/\/fts.you2.pl\/en\/wp-json\/wp\/v2\/media?parent=2058"}],"wp:term":[{"taxonomy":"product_brand","embeddable":true,"href":"https:\/\/fts.you2.pl\/en\/wp-json\/wp\/v2\/product_brand?post=2058"},{"taxonomy":"product_cat","embeddable":true,"href":"https:\/\/fts.you2.pl\/en\/wp-json\/wp\/v2\/product_cat?post=2058"},{"taxonomy":"product_tag","embeddable":true,"href":"https:\/\/fts.you2.pl\/en\/wp-json\/wp\/v2\/product_tag?post=2058"}],"curies":[{"name":"wp","href":"https:\/\/api.w.org\/{rel}","templated":true}]}}