{"id":2060,"date":"2023-06-18T11:35:22","date_gmt":"2023-06-18T09:35:22","guid":{"rendered":"https:\/\/fts.you2.pl\/index.php\/produkt\/test-50\/"},"modified":"2025-09-18T18:06:08","modified_gmt":"2025-09-18T16:06:08","slug":"test-50","status":"publish","type":"product","link":"https:\/\/fts.you2.pl\/en\/test-50\/","title":{"rendered":"Paysandu 2002 Away 11 [L]"},"content":{"rendered":"<p><strong>Klub:<\/strong> Paysandu<\/p>\n<p><strong>Sezon:<\/strong> 2002 Away<\/p>\n<p><strong>Rozmiar:<\/strong> L<\/p>\n<p><strong>Stan:<\/strong> Dobry &#8211; miejscowo wyst\u0119puj\u0105 mikro zaci\u0105gni\u0119cia na froncie, delikatnie wyci\u0105gni\u0119ta nitka w dolnym szwie.<\/p>\n<p><strong>Wymiary (szeroko\u015b\u0107 pod pachami\/d\u0142ugo\u015b\u0107) w<\/strong>\u00a0<strong>cm:<\/strong> 58\/82<\/p>","protected":false},"excerpt":{"rendered":"<p>Paysandu 2002 Away 11 [L]<\/p>","protected":false},"featured_media":6157,"template":"","meta":{"_kad_blocks_custom_css":"","_kad_blocks_head_custom_js":"","_kad_blocks_body_custom_js":"","_kad_blocks_footer_custom_js":"","_kad_post_transparent":"","_kad_post_title":"","_kad_post_layout":"","_kad_post_sidebar_id":"","_kad_post_content_style":"","_kad_post_vertical_padding":"","_kad_post_feature":"","_kad_post_feature_position":"","_kad_post_header":false,"_kad_post_footer":false},"product_brand":[],"product_cat":[56,36],"product_tag":[],"class_list":{"0":"post-2060","1":"product","2":"type-product","3":"status-publish","4":"has-post-thumbnail","6":"product_cat-ameryka-poludniowa","7":"product_cat-kluby-reszty-swiata","8":"pa_rozmiar-l","10":"first","11":"instock","12":"taxable","13":"shipping-taxable","14":"purchasable","15":"product-type-simple","16":"entry","17":"content-bg","18":"loop-entry"},"taxonomy_info":{"product_cat":[{"value":56,"label":"Ameryka Po\u0142udniowa"},{"value":36,"label":"Kluby Reszty \u015awiata"}],"pa_rozmiar":[{"value":39,"label":"L"}]},"featured_image_src_large":["https:\/\/fts.you2.pl\/wp-content\/uploads\/2025\/09\/26288-Paysandu-2002-Away-11-L-1024x1024.jpg",1024,1024,true],"author_info":[],"comment_info":"","_links":{"self":[{"href":"https:\/\/fts.you2.pl\/en\/wp-json\/wp\/v2\/product\/2060","targetHints":{"allow":["GET"]}}],"collection":[{"href":"https:\/\/fts.you2.pl\/en\/wp-json\/wp\/v2\/product"}],"about":[{"href":"https:\/\/fts.you2.pl\/en\/wp-json\/wp\/v2\/types\/product"}],"wp:featuredmedia":[{"embeddable":true,"href":"https:\/\/fts.you2.pl\/en\/wp-json\/wp\/v2\/media\/6157"}],"wp:attachment":[{"href":"https:\/\/fts.you2.pl\/en\/wp-json\/wp\/v2\/media?parent=2060"}],"wp:term":[{"taxonomy":"product_brand","embeddable":true,"href":"https:\/\/fts.you2.pl\/en\/wp-json\/wp\/v2\/product_brand?post=2060"},{"taxonomy":"product_cat","embeddable":true,"href":"https:\/\/fts.you2.pl\/en\/wp-json\/wp\/v2\/product_cat?post=2060"},{"taxonomy":"product_tag","embeddable":true,"href":"https:\/\/fts.you2.pl\/en\/wp-json\/wp\/v2\/product_tag?post=2060"}],"curies":[{"name":"wp","href":"https:\/\/api.w.org\/{rel}","templated":true}]}}