{"id":2062,"date":"2023-06-27T09:45:15","date_gmt":"2023-06-27T07:45:15","guid":{"rendered":"https:\/\/fts.you2.pl\/index.php\/produkt\/test-53\/"},"modified":"2025-09-18T18:08:20","modified_gmt":"2025-09-18T16:08:20","slug":"test-53","status":"publish","type":"product","link":"https:\/\/fts.you2.pl\/en\/test-53\/","title":{"rendered":"Tigres De La UANL 2001\/02 Away [XL]"},"content":{"rendered":"<p><strong>Klub:<\/strong> Tigres De La UANL<\/p>\n<p><strong>Sezon:<\/strong> 2001\/02 Away<\/p>\n<p><strong>Rozmiar:<\/strong> XL<\/p>\n<p><strong>Stan:<\/strong> Bardzo dobry<\/p>\n<p><strong>Wymiary (szeroko\u015b\u0107 pod pachami\/d\u0142ugo\u015b\u0107) w<\/strong>\u00a0<strong>cm:<\/strong> 58\/71(prz\u00f3d), 76(ty\u0142)<\/p>","protected":false},"excerpt":{"rendered":"<p>Tigres De La UANL 2001\/02 Away [XL]<\/p>","protected":false},"featured_media":6173,"template":"","meta":{"_kad_blocks_custom_css":"","_kad_blocks_head_custom_js":"","_kad_blocks_body_custom_js":"","_kad_blocks_footer_custom_js":"","_kad_post_transparent":"","_kad_post_title":"","_kad_post_layout":"","_kad_post_sidebar_id":"","_kad_post_content_style":"","_kad_post_vertical_padding":"","_kad_post_feature":"","_kad_post_feature_position":"","_kad_post_header":false,"_kad_post_footer":false},"product_brand":[41],"product_cat":[37,36],"product_tag":[],"class_list":{"0":"post-2062","1":"product","2":"type-product","3":"status-publish","4":"has-post-thumbnail","6":"product_brand-atletica","7":"product_cat-ameryka-srodkowa-i-polnocna","8":"product_cat-kluby-reszty-swiata","9":"pa_rozmiar-xl","11":"first","12":"instock","13":"taxable","14":"shipping-taxable","15":"purchasable","16":"product-type-simple","17":"entry","18":"content-bg","19":"loop-entry"},"taxonomy_info":{"product_brand":[{"value":41,"label":"Atletica"}],"product_cat":[{"value":37,"label":"Ameryka \u015arodkowa i P\u00f3\u0142nocna"},{"value":36,"label":"Kluby Reszty \u015awiata"}],"pa_rozmiar":[{"value":57,"label":"XL"}]},"featured_image_src_large":["https:\/\/fts.you2.pl\/wp-content\/uploads\/2025\/09\/26314-Tigres-De-La-UANL-200102-Away-XL-1024x1024.jpg",1024,1024,true],"author_info":[],"comment_info":"","_links":{"self":[{"href":"https:\/\/fts.you2.pl\/en\/wp-json\/wp\/v2\/product\/2062","targetHints":{"allow":["GET"]}}],"collection":[{"href":"https:\/\/fts.you2.pl\/en\/wp-json\/wp\/v2\/product"}],"about":[{"href":"https:\/\/fts.you2.pl\/en\/wp-json\/wp\/v2\/types\/product"}],"wp:featuredmedia":[{"embeddable":true,"href":"https:\/\/fts.you2.pl\/en\/wp-json\/wp\/v2\/media\/6173"}],"wp:attachment":[{"href":"https:\/\/fts.you2.pl\/en\/wp-json\/wp\/v2\/media?parent=2062"}],"wp:term":[{"taxonomy":"product_brand","embeddable":true,"href":"https:\/\/fts.you2.pl\/en\/wp-json\/wp\/v2\/product_brand?post=2062"},{"taxonomy":"product_cat","embeddable":true,"href":"https:\/\/fts.you2.pl\/en\/wp-json\/wp\/v2\/product_cat?post=2062"},{"taxonomy":"product_tag","embeddable":true,"href":"https:\/\/fts.you2.pl\/en\/wp-json\/wp\/v2\/product_tag?post=2062"}],"curies":[{"name":"wp","href":"https:\/\/api.w.org\/{rel}","templated":true}]}}