{"id":2070,"date":"2023-06-29T16:23:06","date_gmt":"2023-06-29T14:23:06","guid":{"rendered":"https:\/\/fts.you2.pl\/index.php\/produkt\/test-78\/"},"modified":"2025-09-18T18:17:24","modified_gmt":"2025-09-18T16:17:24","slug":"test-78","status":"publish","type":"product","link":"https:\/\/fts.you2.pl\/en\/test-78\/","title":{"rendered":"Manchester United 2017\/18 Home 9 Lukaku [S]"},"content":{"rendered":"<p><strong>Klub:<\/strong> Manchester United<\/p>\n<p><strong>Zawodnik:<\/strong> 9 Lukaku<\/p>\n<p><strong>Sezon:<\/strong> 2017\/18 Home<\/p>\n<p><strong>Rozmiar:<\/strong> S<\/p>\n<p><strong>Stan:<\/strong> Doskona\u0142y<\/p>\n<p><strong>Wymiary (szeroko\u015b\u0107 pod pachami\/d\u0142ugo\u015b\u0107) w<\/strong>\u00a0<strong>cm:<\/strong> 49\/69<\/p>","protected":false},"excerpt":{"rendered":"<p>Manchester United 2017\/18 Home 9 Lukaku [S]<\/p>","protected":false},"featured_media":6246,"template":"","meta":{"_kad_blocks_custom_css":"","_kad_blocks_head_custom_js":"","_kad_blocks_body_custom_js":"","_kad_blocks_footer_custom_js":"","_kad_post_transparent":"","_kad_post_title":"","_kad_post_layout":"","_kad_post_sidebar_id":"","_kad_post_content_style":"","_kad_post_vertical_padding":"","_kad_post_feature":"","_kad_post_feature_position":"","_kad_post_header":false,"_kad_post_footer":false},"product_brand":[45],"product_cat":[32,31,133],"product_tag":[],"class_list":{"0":"post-2070","1":"product","2":"type-product","3":"status-publish","4":"has-post-thumbnail","6":"product_brand-adidas","7":"product_cat-kluby-angielskie","8":"product_cat-kluby-europejskie","9":"product_cat-manchester-united","10":"pa_rozmiar-s","12":"first","13":"instock","14":"taxable","15":"shipping-taxable","16":"purchasable","17":"product-type-simple","18":"entry","19":"content-bg","20":"loop-entry"},"taxonomy_info":{"product_brand":[{"value":45,"label":"Adidas"}],"product_cat":[{"value":32,"label":"Kluby Angielskie"},{"value":31,"label":"Kluby Europejskie"},{"value":133,"label":"Manchester United"}],"pa_rozmiar":[{"value":19,"label":"S"}]},"featured_image_src_large":["https:\/\/fts.you2.pl\/wp-content\/uploads\/2025\/09\/26539-Manchester-United-201718-Home-9-Lukaku-S-1024x1024.jpg",1024,1024,true],"author_info":[],"comment_info":"","_links":{"self":[{"href":"https:\/\/fts.you2.pl\/en\/wp-json\/wp\/v2\/product\/2070","targetHints":{"allow":["GET"]}}],"collection":[{"href":"https:\/\/fts.you2.pl\/en\/wp-json\/wp\/v2\/product"}],"about":[{"href":"https:\/\/fts.you2.pl\/en\/wp-json\/wp\/v2\/types\/product"}],"wp:featuredmedia":[{"embeddable":true,"href":"https:\/\/fts.you2.pl\/en\/wp-json\/wp\/v2\/media\/6246"}],"wp:attachment":[{"href":"https:\/\/fts.you2.pl\/en\/wp-json\/wp\/v2\/media?parent=2070"}],"wp:term":[{"taxonomy":"product_brand","embeddable":true,"href":"https:\/\/fts.you2.pl\/en\/wp-json\/wp\/v2\/product_brand?post=2070"},{"taxonomy":"product_cat","embeddable":true,"href":"https:\/\/fts.you2.pl\/en\/wp-json\/wp\/v2\/product_cat?post=2070"},{"taxonomy":"product_tag","embeddable":true,"href":"https:\/\/fts.you2.pl\/en\/wp-json\/wp\/v2\/product_tag?post=2070"}],"curies":[{"name":"wp","href":"https:\/\/api.w.org\/{rel}","templated":true}]}}