{"id":2083,"date":"2023-08-02T16:44:11","date_gmt":"2023-08-02T14:44:11","guid":{"rendered":"https:\/\/fts.you2.pl\/index.php\/produkt\/match-prepared-arka-gdynia-2008-09-away-6-sokolowski-m-l\/"},"modified":"2025-09-18T18:30:48","modified_gmt":"2025-09-18T16:30:48","slug":"match-prepared-arka-gdynia-2008-09-away-6-sokolowski-m-l","status":"publish","type":"product","link":"https:\/\/fts.you2.pl\/en\/match-prepared-arka-gdynia-2008-09-away-6-sokolowski-m-l\/","title":{"rendered":"MATCH PREPARED Arka Gdynia 2008\/09 Away 6 Soko\u0142owski [M\/L]"},"content":{"rendered":"<p><strong>Klub:<\/strong> Arka Gdynia<\/p>\n<p><strong>Sezon:<\/strong> 2008\/09 Away<\/p>\n<p><strong>Rozmiar: <\/strong>M\/L<\/p>\n<p><strong>Stan:<\/strong> Bardzo dobry &#8211; koszulka posiada sporo ma\u0142ych kropeczek spowodowanych d\u0142ugoletnim przechowywaniem oraz delikatnie pop\u0119kan\u0105 naklejk\u0119 'Team Performance&#8217;.<\/p>\n<p><strong>Wymiary (szeroko\u015b\u0107 pod pachami\/d\u0142ugo\u015b\u0107) w cm: <\/strong>54\/71<\/p>","protected":false},"excerpt":{"rendered":"<p>MATCH PREPARED Arka Gdynia 2008\/09 Away 6 Soko\u0142owski [M\/L]<\/p>","protected":false},"featured_media":6358,"template":"","meta":{"_kad_blocks_custom_css":"","_kad_blocks_head_custom_js":"","_kad_blocks_body_custom_js":"","_kad_blocks_footer_custom_js":"","_kad_post_transparent":"","_kad_post_title":"","_kad_post_layout":"","_kad_post_sidebar_id":"","_kad_post_content_style":"","_kad_post_vertical_padding":"","_kad_post_feature":"","_kad_post_feature_position":"","_kad_post_header":false,"_kad_post_footer":false},"product_brand":[233],"product_cat":[31,159,173,298,160],"product_tag":[],"class_list":{"0":"post-2083","1":"product","2":"type-product","3":"status-publish","4":"has-post-thumbnail","6":"product_brand-jako","7":"product_cat-kluby-europejskie","8":"product_cat-kluby-polskie","9":"product_cat-match-worn-issue","10":"product_cat-polscy-pilkarze","11":"product_cat-pozostale-kluby-polskie","12":"pa_rozmiar-m-l","14":"first","15":"instock","16":"taxable","17":"shipping-taxable","18":"purchasable","19":"product-type-simple","20":"entry","21":"content-bg","22":"loop-entry"},"taxonomy_info":{"product_brand":[{"value":233,"label":"Jako"}],"product_cat":[{"value":31,"label":"Kluby Europejskie"},{"value":159,"label":"Kluby Polskie"},{"value":173,"label":"MATCH WORN &amp; ISSUE"},{"value":298,"label":"POLSCY PI\u0141KARZE"},{"value":160,"label":"Pozosta\u0142e kluby polskie"}],"pa_rozmiar":[{"value":386,"label":"M\/L"}]},"featured_image_src_large":["https:\/\/fts.you2.pl\/wp-content\/uploads\/2025\/09\/PhotoRoom_013_20230716_193643-1024x1024.png",1024,1024,true],"author_info":[],"comment_info":"","_links":{"self":[{"href":"https:\/\/fts.you2.pl\/en\/wp-json\/wp\/v2\/product\/2083","targetHints":{"allow":["GET"]}}],"collection":[{"href":"https:\/\/fts.you2.pl\/en\/wp-json\/wp\/v2\/product"}],"about":[{"href":"https:\/\/fts.you2.pl\/en\/wp-json\/wp\/v2\/types\/product"}],"wp:featuredmedia":[{"embeddable":true,"href":"https:\/\/fts.you2.pl\/en\/wp-json\/wp\/v2\/media\/6358"}],"wp:attachment":[{"href":"https:\/\/fts.you2.pl\/en\/wp-json\/wp\/v2\/media?parent=2083"}],"wp:term":[{"taxonomy":"product_brand","embeddable":true,"href":"https:\/\/fts.you2.pl\/en\/wp-json\/wp\/v2\/product_brand?post=2083"},{"taxonomy":"product_cat","embeddable":true,"href":"https:\/\/fts.you2.pl\/en\/wp-json\/wp\/v2\/product_cat?post=2083"},{"taxonomy":"product_tag","embeddable":true,"href":"https:\/\/fts.you2.pl\/en\/wp-json\/wp\/v2\/product_tag?post=2083"}],"curies":[{"name":"wp","href":"https:\/\/api.w.org\/{rel}","templated":true}]}}