{"id":2096,"date":"2023-06-09T07:25:52","date_gmt":"2023-06-09T05:25:52","guid":{"rendered":"https:\/\/fts.you2.pl\/index.php\/produkt\/fc-bayern-monachium-2019-20-home-9-lewandowski-xxl\/"},"modified":"2025-09-18T18:43:33","modified_gmt":"2025-09-18T16:43:33","slug":"fc-bayern-monachium-2019-20-home-9-lewandowski-xxl","status":"publish","type":"product","link":"https:\/\/fts.you2.pl\/en\/fc-bayern-monachium-2019-20-home-9-lewandowski-xxl\/","title":{"rendered":"FC Bayern Monachium 2019\/20 Home 9 Lewandowski [XXL]"},"content":{"rendered":"<p><strong>Klub: <\/strong>FC Bayern Monachium<\/p>\n<p><strong>Zawodnik: <\/strong>9 Lewandowski<\/p>\n<p><strong>Sezon: <\/strong>2019\/20 Home<\/p>\n<p><strong>Rozmiar: <\/strong>XXL<\/p>\n<p><strong>Stan: <\/strong>Bardzo dobry &#8211; dwa drobne zaci\u0105gni\u0119cia i mikro p\u0119kni\u0119cie na numerze.<\/p>\n<p><strong>Wymiary (szeroko\u015b\u0107 pod pachami\/d\u0142ugo\u015b\u0107) w cm: <\/strong>62\/82<\/p>\n<div id=\"product-card\" class=\"row\">\n<div class=\"col-12 col-lg-6 col-xl-5\">\n<div class=\"product-information\">\n<div class=\"product-actions\">\n<form id=\"add-to-cart-or-refresh\" action=\"https:\/\/footballthrift.shop\/index.php?controller=cart\" method=\"post\">\n<div id=\"description-collapse\" class=\"product-description\">\n<p><strong>Dodatkowe informacje:<\/strong>\u00a0Robert Lewandowski do\u0142\u0105czy\u0142 do Bayernu Monachium w 2014 roku i sta\u0142 si\u0119 jednym z najlepszych strzelc\u00f3w w historii klubu. Zdoby\u0142 7 mistrzostw Niemiec, 5 Puchar\u00f3w Niemiec, a tak\u017ce Lig\u0119 Mistrz\u00f3w UEFA w sezonie 2019\/2020, w kt\u00f3rej sta\u0142 si\u0119 pierwszym pi\u0142karzem od 1973 roku, kt\u00f3ry strzeli\u0142 4 gole w jednym meczu p\u00f3\u0142fina\u0142owym. Lewandowski jest znany z doskona\u0142ych umiej\u0119tno\u015bci strzeleckich, techniki oraz wszechstronno\u015bci na boisku.<\/p>\n<\/div>\n<\/form>\n<\/div>\n<\/div>\n<\/div>\n<\/div>","protected":false},"excerpt":{"rendered":"<p>FC Bayern Monachium 2019\/20 Home 9 Lewandowski [XXL]<\/p>","protected":false},"featured_media":6473,"template":"","meta":{"_kad_blocks_custom_css":"","_kad_blocks_head_custom_js":"","_kad_blocks_body_custom_js":"","_kad_blocks_footer_custom_js":"","_kad_post_transparent":"","_kad_post_title":"","_kad_post_layout":"","_kad_post_sidebar_id":"","_kad_post_content_style":"","_kad_post_vertical_padding":"","_kad_post_feature":"","_kad_post_feature_position":"","_kad_post_header":false,"_kad_post_footer":false},"product_brand":[45],"product_cat":[15,100,31,46,298],"product_tag":[],"class_list":{"0":"post-2096","1":"product","2":"type-product","3":"status-publish","4":"has-post-thumbnail","6":"product_brand-adidas","7":"product_cat-bez-kategorii","8":"product_cat-fc-bayern-monachium","9":"product_cat-kluby-europejskie","10":"product_cat-kluby-niemieckie","11":"product_cat-polscy-pilkarze","13":"first","14":"instock","15":"taxable","16":"shipping-taxable","17":"purchasable","18":"product-type-simple","19":"entry","20":"content-bg","21":"loop-entry"},"taxonomy_info":{"product_brand":[{"value":45,"label":"Adidas"}],"product_cat":[{"value":15,"label":"Bez kategorii"},{"value":100,"label":"FC Bayern Monachium"},{"value":31,"label":"Kluby Europejskie"},{"value":46,"label":"Kluby Niemieckie"},{"value":298,"label":"POLSCY PI\u0141KARZE"}]},"featured_image_src_large":["https:\/\/fts.you2.pl\/wp-content\/uploads\/2025\/09\/fc-bayern-monachium-2019-20-home-9-lewandowski-xxl-1024x1024.jpg",1024,1024,true],"author_info":[],"comment_info":"","_links":{"self":[{"href":"https:\/\/fts.you2.pl\/en\/wp-json\/wp\/v2\/product\/2096","targetHints":{"allow":["GET"]}}],"collection":[{"href":"https:\/\/fts.you2.pl\/en\/wp-json\/wp\/v2\/product"}],"about":[{"href":"https:\/\/fts.you2.pl\/en\/wp-json\/wp\/v2\/types\/product"}],"wp:featuredmedia":[{"embeddable":true,"href":"https:\/\/fts.you2.pl\/en\/wp-json\/wp\/v2\/media\/6473"}],"wp:attachment":[{"href":"https:\/\/fts.you2.pl\/en\/wp-json\/wp\/v2\/media?parent=2096"}],"wp:term":[{"taxonomy":"product_brand","embeddable":true,"href":"https:\/\/fts.you2.pl\/en\/wp-json\/wp\/v2\/product_brand?post=2096"},{"taxonomy":"product_cat","embeddable":true,"href":"https:\/\/fts.you2.pl\/en\/wp-json\/wp\/v2\/product_cat?post=2096"},{"taxonomy":"product_tag","embeddable":true,"href":"https:\/\/fts.you2.pl\/en\/wp-json\/wp\/v2\/product_tag?post=2096"}],"curies":[{"name":"wp","href":"https:\/\/api.w.org\/{rel}","templated":true}]}}