{"id":2098,"date":"2023-06-09T07:25:52","date_gmt":"2023-06-09T05:25:52","guid":{"rendered":"https:\/\/fts.you2.pl\/index.php\/produkt\/match-issue-parma-ac-2019-20-away-7-karamoh-m\/"},"modified":"2025-09-18T18:45:20","modified_gmt":"2025-09-18T16:45:20","slug":"match-issue-parma-ac-2019-20-away-7-karamoh-m","status":"publish","type":"product","link":"https:\/\/fts.you2.pl\/en\/match-issue-parma-ac-2019-20-away-7-karamoh-m\/","title":{"rendered":"MATCH ISSUE Parma AC 2019\/20 Away 7 Karamoh [M]"},"content":{"rendered":"<p><strong>Klub: \u00a0<\/strong>Parma AC<\/p>\n<p><strong>Zawodnik:<\/strong> 7 Karamoh<\/p>\n<p><strong>Sezon: <\/strong>2019\/20 Away<\/p>\n<p><strong>Rozmiar: <\/strong>M<\/p>\n<p><strong>Stan: <\/strong>Bardzo dobry &#8211; delikatnie p\u0119kaj\u0105cy numer na plecach.<\/p>\n<p><strong>Wymiary (szeroko\u015b\u0107 pod pachami\/d\u0142ugo\u015b\u0107) w cm: <\/strong>48\/68<\/p>\n<p><strong>Dodatkowe informacje:<\/strong>\u00a0Koszulka meczowa u\u017cywana przez Yanna Karamoha z sezonu, gdy do Parmy wypo\u017cyczony by\u0142 z Interu Mediolan. Koszulka pozyskana z prywatnych zbior\u00f3w tego pi\u0142karza.<\/p>","protected":false},"excerpt":{"rendered":"<p>MATCH ISSUE Parma AC 2019\/20 Away 7 Karamoh [M]<\/p>","protected":false},"featured_media":6493,"template":"","meta":{"_kad_blocks_custom_css":"","_kad_blocks_head_custom_js":"","_kad_blocks_body_custom_js":"","_kad_blocks_footer_custom_js":"","_kad_post_transparent":"","_kad_post_title":"","_kad_post_layout":"","_kad_post_sidebar_id":"","_kad_post_content_style":"","_kad_post_vertical_padding":"","_kad_post_feature":"","_kad_post_feature_position":"","_kad_post_header":false,"_kad_post_footer":false},"product_brand":[84],"product_cat":[15,31,117,173,152],"product_tag":[],"class_list":{"0":"post-2098","1":"product","2":"type-product","3":"status-publish","4":"has-post-thumbnail","6":"product_brand-errea","7":"product_cat-bez-kategorii","8":"product_cat-kluby-europejskie","9":"product_cat-kluby-wloskie","10":"product_cat-match-worn-issue","11":"product_cat-pozostale-kluby-wloskie","13":"first","14":"instock","15":"taxable","16":"shipping-taxable","17":"purchasable","18":"product-type-simple","19":"entry","20":"content-bg","21":"loop-entry"},"taxonomy_info":{"product_brand":[{"value":84,"label":"Errea"}],"product_cat":[{"value":15,"label":"Bez kategorii"},{"value":31,"label":"Kluby Europejskie"},{"value":117,"label":"Kluby W\u0142oskie"},{"value":173,"label":"MATCH WORN &amp; ISSUE"},{"value":152,"label":"Pozosta\u0142e kluby w\u0142oskie"}]},"featured_image_src_large":["https:\/\/fts.you2.pl\/wp-content\/uploads\/2025\/09\/match-worn-parma-ac-2019-20-away-7-karamoh-m-1024x1024.jpg",1024,1024,true],"author_info":[],"comment_info":"","_links":{"self":[{"href":"https:\/\/fts.you2.pl\/en\/wp-json\/wp\/v2\/product\/2098","targetHints":{"allow":["GET"]}}],"collection":[{"href":"https:\/\/fts.you2.pl\/en\/wp-json\/wp\/v2\/product"}],"about":[{"href":"https:\/\/fts.you2.pl\/en\/wp-json\/wp\/v2\/types\/product"}],"wp:featuredmedia":[{"embeddable":true,"href":"https:\/\/fts.you2.pl\/en\/wp-json\/wp\/v2\/media\/6493"}],"wp:attachment":[{"href":"https:\/\/fts.you2.pl\/en\/wp-json\/wp\/v2\/media?parent=2098"}],"wp:term":[{"taxonomy":"product_brand","embeddable":true,"href":"https:\/\/fts.you2.pl\/en\/wp-json\/wp\/v2\/product_brand?post=2098"},{"taxonomy":"product_cat","embeddable":true,"href":"https:\/\/fts.you2.pl\/en\/wp-json\/wp\/v2\/product_cat?post=2098"},{"taxonomy":"product_tag","embeddable":true,"href":"https:\/\/fts.you2.pl\/en\/wp-json\/wp\/v2\/product_tag?post=2098"}],"curies":[{"name":"wp","href":"https:\/\/api.w.org\/{rel}","templated":true}]}}