{"id":2102,"date":"2023-06-09T07:25:52","date_gmt":"2023-06-09T05:25:52","guid":{"rendered":"https:\/\/fts.you2.pl\/index.php\/produkt\/ruch-chorzow-2010-11-away-6-grzyb-xl\/"},"modified":"2025-09-18T18:49:46","modified_gmt":"2025-09-18T16:49:46","slug":"ruch-chorzow-2010-11-away-6-grzyb-xl","status":"publish","type":"product","link":"https:\/\/fts.you2.pl\/en\/ruch-chorzow-2010-11-away-6-grzyb-xl\/","title":{"rendered":"Ruch Chorz\u00f3w 2010\/11 Away 6 Grzyb [XL]"},"content":{"rendered":"<p><strong>Klub: <\/strong>Ruch Chorz\u00f3w<\/p>\n<p><strong>Zawodnik:<\/strong> 6 Grzyb<\/p>\n<p><strong>Sezon: <\/strong>2010\/11 Away<\/p>\n<p><strong>Rozmiar: <\/strong>XL<\/p>\n<p><strong>Stan: <\/strong>S\u0142aby &#8211; wyst\u0119puj\u0105 plamy, zabrudzenia, drobne zaci\u0105gni\u0119cia, loga Lotto wyp\u0142owia\u0142e.<\/p>\n<p><strong>Wymiary (szeroko\u015b\u0107 pod pachami\/d\u0142ugo\u015b\u0107) w cm: <\/strong>49\/72<\/p>\n<p><strong>Info:<\/strong> Legenda \u015bl\u0105skiej pi\u0142ki &#8211; Wojciech Grzyb!<\/p>","protected":false},"excerpt":{"rendered":"<p>Ruch Chorz\u00f3w 2010\/11 Away 6 Grzyb [XL]<\/p>","protected":false},"featured_media":6528,"template":"","meta":{"_kad_blocks_custom_css":"","_kad_blocks_head_custom_js":"","_kad_blocks_body_custom_js":"","_kad_blocks_footer_custom_js":"","_kad_post_transparent":"","_kad_post_title":"","_kad_post_layout":"","_kad_post_sidebar_id":"","_kad_post_content_style":"","_kad_post_vertical_padding":"","_kad_post_feature":"","_kad_post_feature_position":"","_kad_post_header":false,"_kad_post_footer":false},"product_brand":[69],"product_cat":[15,31,159,298,160],"product_tag":[],"class_list":{"0":"post-2102","1":"product","2":"type-product","3":"status-publish","4":"has-post-thumbnail","6":"product_brand-lotto","7":"product_cat-bez-kategorii","8":"product_cat-kluby-europejskie","9":"product_cat-kluby-polskie","10":"product_cat-polscy-pilkarze","11":"product_cat-pozostale-kluby-polskie","13":"first","14":"instock","15":"taxable","16":"shipping-taxable","17":"purchasable","18":"product-type-simple","19":"entry","20":"content-bg","21":"loop-entry"},"taxonomy_info":{"product_brand":[{"value":69,"label":"Lotto"}],"product_cat":[{"value":15,"label":"Bez kategorii"},{"value":31,"label":"Kluby Europejskie"},{"value":159,"label":"Kluby Polskie"},{"value":298,"label":"POLSCY PI\u0141KARZE"},{"value":160,"label":"Pozosta\u0142e kluby polskie"}]},"featured_image_src_large":["https:\/\/fts.you2.pl\/wp-content\/uploads\/2025\/09\/ruch-chorzow-2010-11-away-6-grzyb-xl-1024x1024.jpg",1024,1024,true],"author_info":[],"comment_info":"","_links":{"self":[{"href":"https:\/\/fts.you2.pl\/en\/wp-json\/wp\/v2\/product\/2102","targetHints":{"allow":["GET"]}}],"collection":[{"href":"https:\/\/fts.you2.pl\/en\/wp-json\/wp\/v2\/product"}],"about":[{"href":"https:\/\/fts.you2.pl\/en\/wp-json\/wp\/v2\/types\/product"}],"wp:featuredmedia":[{"embeddable":true,"href":"https:\/\/fts.you2.pl\/en\/wp-json\/wp\/v2\/media\/6528"}],"wp:attachment":[{"href":"https:\/\/fts.you2.pl\/en\/wp-json\/wp\/v2\/media?parent=2102"}],"wp:term":[{"taxonomy":"product_brand","embeddable":true,"href":"https:\/\/fts.you2.pl\/en\/wp-json\/wp\/v2\/product_brand?post=2102"},{"taxonomy":"product_cat","embeddable":true,"href":"https:\/\/fts.you2.pl\/en\/wp-json\/wp\/v2\/product_cat?post=2102"},{"taxonomy":"product_tag","embeddable":true,"href":"https:\/\/fts.you2.pl\/en\/wp-json\/wp\/v2\/product_tag?post=2102"}],"curies":[{"name":"wp","href":"https:\/\/api.w.org\/{rel}","templated":true}]}}