{"id":2126,"date":"2023-09-07T16:03:09","date_gmt":"2023-09-07T14:03:09","guid":{"rendered":"https:\/\/fts.you2.pl\/index.php\/produkt\/borussia-monchengladbach-2017-18-home-10-hazard-l\/"},"modified":"2025-09-18T19:14:26","modified_gmt":"2025-09-18T17:14:26","slug":"borussia-monchengladbach-2017-18-home-10-hazard-l","status":"publish","type":"product","link":"https:\/\/fts.you2.pl\/en\/borussia-monchengladbach-2017-18-home-10-hazard-l\/","title":{"rendered":"Borussia Monchengladbach 2016\/17 Third 10 Hazard [L]"},"content":{"rendered":"<p><strong>Klub:<\/strong> Borussia Monchengladbach<\/p>\n<p><strong>Sezon:<\/strong> 2017\/18 Third<\/p>\n<p><strong>Rozmiar: <\/strong>L<\/p>\n<p><strong>Stan:<\/strong> Zadowalaj\u0105cy &#8211; stan samej koszulki jest bardzo dobry, lecz loga Kappy na r\u0119kawkach sklei\u0142y si\u0119 ze wzgl\u0119du na z\u0142e przechowywanie i s\u0105 pop\u0119kane.<\/p>\n<p><strong>Wymiary (szeroko\u015b\u0107 pod pachami\/d\u0142ugo\u015b\u0107) w cm: <\/strong>53\/72<\/p>","protected":false},"excerpt":{"rendered":"<p>Borussia Monchengladbach 2016\/17 Third 10 Hazard [L]<\/p>","protected":false},"featured_media":6749,"template":"","meta":{"_kad_blocks_custom_css":"","_kad_blocks_head_custom_js":"","_kad_blocks_body_custom_js":"","_kad_blocks_footer_custom_js":"","_kad_post_transparent":"","_kad_post_title":"","_kad_post_layout":"","_kad_post_sidebar_id":"","_kad_post_content_style":"","_kad_post_vertical_padding":"","_kad_post_feature":"","_kad_post_feature_position":"","_kad_post_header":false,"_kad_post_footer":false},"product_brand":[35],"product_cat":[67,31,46],"product_tag":[],"class_list":{"0":"post-2126","1":"product","2":"type-product","3":"status-publish","4":"has-post-thumbnail","6":"product_brand-kappa","7":"product_cat-borussia-monchengladbach","8":"product_cat-kluby-europejskie","9":"product_cat-kluby-niemieckie","10":"pa_rozmiar-l","12":"first","13":"instock","14":"taxable","15":"shipping-taxable","16":"purchasable","17":"product-type-simple","18":"entry","19":"content-bg","20":"loop-entry"},"taxonomy_info":{"product_brand":[{"value":35,"label":"Kappa"}],"product_cat":[{"value":67,"label":"Borussia M\u00f6nchengladbach"},{"value":31,"label":"Kluby Europejskie"},{"value":46,"label":"Kluby Niemieckie"}],"pa_rozmiar":[{"value":39,"label":"L"}]},"featured_image_src_large":["https:\/\/fts.you2.pl\/wp-content\/uploads\/2025\/09\/PhotoRoom_041_20230907_180019-1024x1024.png",1024,1024,true],"author_info":[],"comment_info":"","_links":{"self":[{"href":"https:\/\/fts.you2.pl\/en\/wp-json\/wp\/v2\/product\/2126","targetHints":{"allow":["GET"]}}],"collection":[{"href":"https:\/\/fts.you2.pl\/en\/wp-json\/wp\/v2\/product"}],"about":[{"href":"https:\/\/fts.you2.pl\/en\/wp-json\/wp\/v2\/types\/product"}],"wp:featuredmedia":[{"embeddable":true,"href":"https:\/\/fts.you2.pl\/en\/wp-json\/wp\/v2\/media\/6749"}],"wp:attachment":[{"href":"https:\/\/fts.you2.pl\/en\/wp-json\/wp\/v2\/media?parent=2126"}],"wp:term":[{"taxonomy":"product_brand","embeddable":true,"href":"https:\/\/fts.you2.pl\/en\/wp-json\/wp\/v2\/product_brand?post=2126"},{"taxonomy":"product_cat","embeddable":true,"href":"https:\/\/fts.you2.pl\/en\/wp-json\/wp\/v2\/product_cat?post=2126"},{"taxonomy":"product_tag","embeddable":true,"href":"https:\/\/fts.you2.pl\/en\/wp-json\/wp\/v2\/product_tag?post=2126"}],"curies":[{"name":"wp","href":"https:\/\/api.w.org\/{rel}","templated":true}]}}