{"id":2136,"date":"2023-09-17T15:59:12","date_gmt":"2023-09-17T13:59:12","guid":{"rendered":"https:\/\/fts.you2.pl\/index.php\/produkt\/dijon-fco-2018-19-home-18-yambere-m\/"},"modified":"2025-09-18T19:24:51","modified_gmt":"2025-09-18T17:24:51","slug":"dijon-fco-2018-19-home-18-yambere-m","status":"publish","type":"product","link":"https:\/\/fts.you2.pl\/en\/dijon-fco-2018-19-home-18-yambere-m\/","title":{"rendered":"Dijon FCO 2018\/19 Home 18 Yambere [M]"},"content":{"rendered":"<p><strong>Klub:<\/strong> Dijon FCO<\/p>\n<p><strong>Sezon:<\/strong> 2018\/19 Home<\/p>\n<p><strong>Rozmiar: <\/strong>M<\/p>\n<p><strong>Stan:<\/strong> Bardzo dobry &#8211; jedno drobne zabrudzenie na froncie oraz trzy niewielkie zabrudzenia, ponadto mikro p\u0119kni\u0119cia na nazwisku na plecach.<\/p>\n<p><strong>Wymiary (szeroko\u015b\u0107 pod pachami\/d\u0142ugo\u015b\u0107) w cm: <\/strong>52\/70<\/p>","protected":false},"excerpt":{"rendered":"<p>Dijon FCO 2018\/19 Home 18 Yambere [M]<\/p>","protected":false},"featured_media":6836,"template":"","meta":{"_kad_blocks_custom_css":"","_kad_blocks_head_custom_js":"","_kad_blocks_body_custom_js":"","_kad_blocks_footer_custom_js":"","_kad_post_transparent":"","_kad_post_title":"","_kad_post_layout":"","_kad_post_sidebar_id":"","_kad_post_content_style":"","_kad_post_vertical_padding":"","_kad_post_feature":"","_kad_post_feature_position":"","_kad_post_header":false,"_kad_post_footer":false},"product_brand":[69],"product_cat":[31,129,130],"product_tag":[],"class_list":{"0":"post-2136","1":"product","2":"type-product","3":"status-publish","4":"has-post-thumbnail","6":"product_brand-lotto","7":"product_cat-kluby-europejskie","8":"product_cat-kluby-francuskie","9":"product_cat-pozostale-kluby-francuskie","10":"pa_rozmiar-m","12":"first","13":"instock","14":"taxable","15":"shipping-taxable","16":"purchasable","17":"product-type-simple","18":"entry","19":"content-bg","20":"loop-entry"},"taxonomy_info":{"product_brand":[{"value":69,"label":"Lotto"}],"product_cat":[{"value":31,"label":"Kluby Europejskie"},{"value":129,"label":"Kluby Francuskie"},{"value":130,"label":"Pozosta\u0142e kluby francuskie"}],"pa_rozmiar":[{"value":28,"label":"M"}]},"featured_image_src_large":["https:\/\/fts.you2.pl\/wp-content\/uploads\/2025\/09\/TKEI4823-1024x1024.png",1024,1024,true],"author_info":[],"comment_info":"","_links":{"self":[{"href":"https:\/\/fts.you2.pl\/en\/wp-json\/wp\/v2\/product\/2136","targetHints":{"allow":["GET"]}}],"collection":[{"href":"https:\/\/fts.you2.pl\/en\/wp-json\/wp\/v2\/product"}],"about":[{"href":"https:\/\/fts.you2.pl\/en\/wp-json\/wp\/v2\/types\/product"}],"wp:featuredmedia":[{"embeddable":true,"href":"https:\/\/fts.you2.pl\/en\/wp-json\/wp\/v2\/media\/6836"}],"wp:attachment":[{"href":"https:\/\/fts.you2.pl\/en\/wp-json\/wp\/v2\/media?parent=2136"}],"wp:term":[{"taxonomy":"product_brand","embeddable":true,"href":"https:\/\/fts.you2.pl\/en\/wp-json\/wp\/v2\/product_brand?post=2136"},{"taxonomy":"product_cat","embeddable":true,"href":"https:\/\/fts.you2.pl\/en\/wp-json\/wp\/v2\/product_cat?post=2136"},{"taxonomy":"product_tag","embeddable":true,"href":"https:\/\/fts.you2.pl\/en\/wp-json\/wp\/v2\/product_tag?post=2136"}],"curies":[{"name":"wp","href":"https:\/\/api.w.org\/{rel}","templated":true}]}}