{"id":2156,"date":"2023-09-24T16:37:08","date_gmt":"2023-09-24T14:37:08","guid":{"rendered":"https:\/\/fts.you2.pl\/index.php\/produkt\/bnwt-koszulka-przedmeczowa-atlanta-united-fc-2021-xxl\/"},"modified":"2025-09-18T19:47:17","modified_gmt":"2025-09-18T17:47:17","slug":"bnwt-koszulka-przedmeczowa-atlanta-united-fc-2021-xxl","status":"publish","type":"product","link":"https:\/\/fts.you2.pl\/en\/bnwt-koszulka-przedmeczowa-atlanta-united-fc-2021-xxl\/","title":{"rendered":"BNWT Koszulka przedmeczowa Atlanta United FC 2021 [XXL]"},"content":{"rendered":"<p><strong>Klub:<\/strong> Atlanta United FC<\/p>\n<p><strong>Sezon:<\/strong> 2021<\/p>\n<p><strong>Rozmiar: <\/strong>XXL<\/p>\n<p><strong>Stan:<\/strong> BNWT &#8211; Koszulka nowa z metk\u0105.<\/p>\n<p><strong>Wymiary (szeroko\u015b\u0107 pod pachami\/d\u0142ugo\u015b\u0107) w cm: <\/strong>66\/82<\/p>","protected":false},"excerpt":{"rendered":"<p>BNWT Koszulka przedmeczowa Atlanta United FC 2021 [XXL]<\/p>","protected":false},"featured_media":7019,"template":"","meta":{"_kad_blocks_custom_css":"","_kad_blocks_head_custom_js":"","_kad_blocks_body_custom_js":"","_kad_blocks_footer_custom_js":"","_kad_post_transparent":"","_kad_post_title":"","_kad_post_layout":"","_kad_post_sidebar_id":"","_kad_post_content_style":"","_kad_post_vertical_padding":"","_kad_post_feature":"","_kad_post_feature_position":"","_kad_post_header":false,"_kad_post_footer":false},"product_brand":[45],"product_cat":[37,25,36,26],"product_tag":[],"class_list":{"0":"post-2156","1":"product","2":"type-product","3":"status-publish","4":"has-post-thumbnail","6":"product_brand-adidas","7":"product_cat-ameryka-srodkowa-i-polnocna","8":"product_cat-inne","9":"product_cat-kluby-reszty-swiata","10":"product_cat-kurtki-bluzy-trening","11":"pa_rozmiar-xxl","13":"first","14":"instock","15":"taxable","16":"shipping-taxable","17":"purchasable","18":"product-type-simple","19":"entry","20":"content-bg","21":"loop-entry"},"taxonomy_info":{"product_brand":[{"value":45,"label":"Adidas"}],"product_cat":[{"value":37,"label":"Ameryka \u015arodkowa i P\u00f3\u0142nocna"},{"value":25,"label":"Inne"},{"value":36,"label":"Kluby Reszty \u015awiata"},{"value":26,"label":"Kurtki\/bluzy\/trening"}],"pa_rozmiar":[{"value":71,"label":"XXL"}]},"featured_image_src_large":["https:\/\/fts.you2.pl\/wp-content\/uploads\/2025\/09\/PhotoRoom_024_20230924_143525-1024x1024.png",1024,1024,true],"author_info":[],"comment_info":"","_links":{"self":[{"href":"https:\/\/fts.you2.pl\/en\/wp-json\/wp\/v2\/product\/2156","targetHints":{"allow":["GET"]}}],"collection":[{"href":"https:\/\/fts.you2.pl\/en\/wp-json\/wp\/v2\/product"}],"about":[{"href":"https:\/\/fts.you2.pl\/en\/wp-json\/wp\/v2\/types\/product"}],"wp:featuredmedia":[{"embeddable":true,"href":"https:\/\/fts.you2.pl\/en\/wp-json\/wp\/v2\/media\/7019"}],"wp:attachment":[{"href":"https:\/\/fts.you2.pl\/en\/wp-json\/wp\/v2\/media?parent=2156"}],"wp:term":[{"taxonomy":"product_brand","embeddable":true,"href":"https:\/\/fts.you2.pl\/en\/wp-json\/wp\/v2\/product_brand?post=2156"},{"taxonomy":"product_cat","embeddable":true,"href":"https:\/\/fts.you2.pl\/en\/wp-json\/wp\/v2\/product_cat?post=2156"},{"taxonomy":"product_tag","embeddable":true,"href":"https:\/\/fts.you2.pl\/en\/wp-json\/wp\/v2\/product_tag?post=2156"}],"curies":[{"name":"wp","href":"https:\/\/api.w.org\/{rel}","templated":true}]}}