{"id":2163,"date":"2023-09-27T16:36:00","date_gmt":"2023-09-27T14:36:00","guid":{"rendered":"https:\/\/fts.you2.pl\/index.php\/produkt\/match-issue-u21-as-roma-2020-21-home-10-zalewski-m\/"},"modified":"2025-09-18T19:55:06","modified_gmt":"2025-09-18T17:55:06","slug":"match-issue-u21-as-roma-2020-21-home-10-zalewski-m","status":"publish","type":"product","link":"https:\/\/fts.you2.pl\/en\/match-issue-u21-as-roma-2020-21-home-10-zalewski-m\/","title":{"rendered":"MATCH ISSUE U19 AS Roma 2020\/21 Home 10 Zalewski [M]"},"content":{"rendered":"<p><strong>Klub:<\/strong> AS Roma<\/p>\n<p><strong>Sezon:<\/strong> 2020\/21 Home<\/p>\n<p><strong>Rozmiar: <\/strong>M<\/p>\n<p><strong>Stan:<\/strong> Bardzo dobry &#8211; zabrudzenia w dw\u00f3ch miejscach koszulki &#8211; mo\u017cliwe, \u017ce spowodowane od murawy.<\/p>\n<p><strong>Wymiary (szeroko\u015b\u0107 pod pachami\/d\u0142ugo\u015b\u0107) w cm: <\/strong>47\/74<\/p>\n<p><strong>Dodatkowe informacje:<\/strong> Meczowa koszulka Nicoli Zalewskiego z m\u0142odzie\u017cowej dru\u017cyny Romy przeznaczona do rozgrywek Primavery. Na wersj\u0119 meczow\u0105 sk\u0142adaj\u0105 si\u0119 takie elementy jak prasowana metka, siateczka na plecach, patch ligowy czy brak nazwiska na plecach. Wersja ta jednak r\u00f3\u017cni si\u0119 od koszulek, w kt\u00f3rych graj\u0105 pi\u0142karze pierwszego sk\u0142adu, mi\u0119dzy innymi tym, \u017ce herb i logo Nike nie s\u0105 wyszywane, tak jak w przypadku tej.<\/p>","protected":false},"excerpt":{"rendered":"<p>MATCH ISSUE U19 AS Roma 2020\/21 Home 10 Zalewski [M]<\/p>","protected":false},"featured_media":7082,"template":"","meta":{"_kad_blocks_custom_css":"","_kad_blocks_head_custom_js":"","_kad_blocks_body_custom_js":"","_kad_blocks_footer_custom_js":"","_kad_post_transparent":"","_kad_post_title":"","_kad_post_layout":"","_kad_post_sidebar_id":"","_kad_post_content_style":"","_kad_post_vertical_padding":"","_kad_post_feature":"","_kad_post_feature_position":"","_kad_post_header":false,"_kad_post_footer":false},"product_brand":[55],"product_cat":[396,31,117,173,298],"product_tag":[],"class_list":{"0":"post-2163","1":"product","2":"type-product","3":"status-publish","4":"has-post-thumbnail","6":"product_brand-nike","7":"product_cat-as-roma","8":"product_cat-kluby-europejskie","9":"product_cat-kluby-wloskie","10":"product_cat-match-worn-issue","11":"product_cat-polscy-pilkarze","12":"pa_rozmiar-m","14":"first","15":"instock","16":"taxable","17":"shipping-taxable","18":"purchasable","19":"product-type-simple","20":"entry","21":"content-bg","22":"loop-entry"},"taxonomy_info":{"product_brand":[{"value":55,"label":"Nike"}],"product_cat":[{"value":396,"label":"AS Roma"},{"value":31,"label":"Kluby Europejskie"},{"value":117,"label":"Kluby W\u0142oskie"},{"value":173,"label":"MATCH WORN &amp; ISSUE"},{"value":298,"label":"POLSCY PI\u0141KARZE"}],"pa_rozmiar":[{"value":28,"label":"M"}]},"featured_image_src_large":["https:\/\/fts.you2.pl\/wp-content\/uploads\/2025\/09\/PhotoRoom_000_20230927_182935-1024x1024.png",1024,1024,true],"author_info":[],"comment_info":"","_links":{"self":[{"href":"https:\/\/fts.you2.pl\/en\/wp-json\/wp\/v2\/product\/2163","targetHints":{"allow":["GET"]}}],"collection":[{"href":"https:\/\/fts.you2.pl\/en\/wp-json\/wp\/v2\/product"}],"about":[{"href":"https:\/\/fts.you2.pl\/en\/wp-json\/wp\/v2\/types\/product"}],"wp:featuredmedia":[{"embeddable":true,"href":"https:\/\/fts.you2.pl\/en\/wp-json\/wp\/v2\/media\/7082"}],"wp:attachment":[{"href":"https:\/\/fts.you2.pl\/en\/wp-json\/wp\/v2\/media?parent=2163"}],"wp:term":[{"taxonomy":"product_brand","embeddable":true,"href":"https:\/\/fts.you2.pl\/en\/wp-json\/wp\/v2\/product_brand?post=2163"},{"taxonomy":"product_cat","embeddable":true,"href":"https:\/\/fts.you2.pl\/en\/wp-json\/wp\/v2\/product_cat?post=2163"},{"taxonomy":"product_tag","embeddable":true,"href":"https:\/\/fts.you2.pl\/en\/wp-json\/wp\/v2\/product_tag?post=2163"}],"curies":[{"name":"wp","href":"https:\/\/api.w.org\/{rel}","templated":true}]}}