{"id":2189,"date":"2023-10-24T15:33:20","date_gmt":"2023-10-24T13:33:20","guid":{"rendered":"https:\/\/fts.you2.pl\/index.php\/produkt\/cd-universidad-catolica-2002-home-m\/"},"modified":"2025-09-18T20:23:56","modified_gmt":"2025-09-18T18:23:56","slug":"cd-universidad-catolica-2002-home-m","status":"publish","type":"product","link":"https:\/\/fts.you2.pl\/en\/cd-universidad-catolica-2002-home-m\/","title":{"rendered":"CD Universidad Catolica 2002 Home [M]"},"content":{"rendered":"<p><strong>Klub:<\/strong> CD Universidad Catolica<\/p>\n<p><strong>Sezon:<\/strong> 2002 Home<\/p>\n<p><strong>Rozmiar: <\/strong>M<\/p>\n<p><strong>Stan:<\/strong> Dobry &#8211; zabrudzenie na r\u0119kawie oraz mikro zaci\u0105gni\u0119cia na plecach.<\/p>\n<p><strong>Wymiary (szeroko\u015b\u0107 pod pachami\/d\u0142ugo\u015b\u0107) w cm: <\/strong>53\/67 (prz\u00f3d), 72 (ty\u0142)<\/p>","protected":false},"excerpt":{"rendered":"<p>CD Universidad Catolica 2002 Home [M]<\/p>","protected":false},"featured_media":7320,"template":"","meta":{"_kad_blocks_custom_css":"","_kad_blocks_head_custom_js":"","_kad_blocks_body_custom_js":"","_kad_blocks_footer_custom_js":"","_kad_post_transparent":"","_kad_post_title":"","_kad_post_layout":"","_kad_post_sidebar_id":"","_kad_post_content_style":"","_kad_post_vertical_padding":"","_kad_post_feature":"","_kad_post_feature_position":"","_kad_post_header":false,"_kad_post_footer":false},"product_brand":[55],"product_cat":[56,36],"product_tag":[],"class_list":{"0":"post-2189","1":"product","2":"type-product","3":"status-publish","4":"has-post-thumbnail","6":"product_brand-nike","7":"product_cat-ameryka-poludniowa","8":"product_cat-kluby-reszty-swiata","9":"pa_rozmiar-m","11":"first","12":"instock","13":"taxable","14":"shipping-taxable","15":"purchasable","16":"product-type-simple","17":"entry","18":"content-bg","19":"loop-entry"},"taxonomy_info":{"product_brand":[{"value":55,"label":"Nike"}],"product_cat":[{"value":56,"label":"Ameryka Po\u0142udniowa"},{"value":36,"label":"Kluby Reszty \u015awiata"}],"pa_rozmiar":[{"value":28,"label":"M"}]},"featured_image_src_large":["https:\/\/fts.you2.pl\/wp-content\/uploads\/2025\/09\/PhotoRoom_012_20231023_184120-1024x1024.png",1024,1024,true],"author_info":[],"comment_info":"","_links":{"self":[{"href":"https:\/\/fts.you2.pl\/en\/wp-json\/wp\/v2\/product\/2189","targetHints":{"allow":["GET"]}}],"collection":[{"href":"https:\/\/fts.you2.pl\/en\/wp-json\/wp\/v2\/product"}],"about":[{"href":"https:\/\/fts.you2.pl\/en\/wp-json\/wp\/v2\/types\/product"}],"wp:featuredmedia":[{"embeddable":true,"href":"https:\/\/fts.you2.pl\/en\/wp-json\/wp\/v2\/media\/7320"}],"wp:attachment":[{"href":"https:\/\/fts.you2.pl\/en\/wp-json\/wp\/v2\/media?parent=2189"}],"wp:term":[{"taxonomy":"product_brand","embeddable":true,"href":"https:\/\/fts.you2.pl\/en\/wp-json\/wp\/v2\/product_brand?post=2189"},{"taxonomy":"product_cat","embeddable":true,"href":"https:\/\/fts.you2.pl\/en\/wp-json\/wp\/v2\/product_cat?post=2189"},{"taxonomy":"product_tag","embeddable":true,"href":"https:\/\/fts.you2.pl\/en\/wp-json\/wp\/v2\/product_tag?post=2189"}],"curies":[{"name":"wp","href":"https:\/\/api.w.org\/{rel}","templated":true}]}}