{"id":2213,"date":"2023-11-19T14:59:36","date_gmt":"2023-11-19T13:59:36","guid":{"rendered":"https:\/\/fts.you2.pl\/index.php\/produkt\/legia-warszawa-2008-10-home-xl\/"},"modified":"2025-09-18T20:51:01","modified_gmt":"2025-09-18T18:51:01","slug":"legia-warszawa-2008-10-home-xl","status":"publish","type":"product","link":"https:\/\/fts.you2.pl\/en\/legia-warszawa-2008-10-home-xl\/","title":{"rendered":"Legia Warszawa 2008\/10 Home [XL]"},"content":{"rendered":"<p><strong>Klub:<\/strong> Legia Warszawa<\/p>\n<p><strong>Sezon:<\/strong> 2008\/10 Home<\/p>\n<p><strong>Rozmiar: <\/strong>XL<\/p>\n<p><strong>Stan:<\/strong> Dobry &#8211; starty napis 'Formotion&#8217; oraz 'Legia.com&#8217;, lekko wyp\u0142owia\u0142e loga sponsor\u00f3w, kilka mikro zaci\u0105gni\u0119\u0107 oraz dwie niewielkie plamki.<\/p>\n<p><strong>Wymiary (szeroko\u015b\u0107 pod pachami\/d\u0142ugo\u015b\u0107) w cm: <\/strong>60\/77<\/p>","protected":false},"excerpt":{"rendered":"<p>Legia Warszawa 2008\/10 Home [XL]<\/p>","protected":false},"featured_media":7541,"template":"","meta":{"_kad_blocks_custom_css":"","_kad_blocks_head_custom_js":"","_kad_blocks_body_custom_js":"","_kad_blocks_footer_custom_js":"","_kad_post_transparent":"","_kad_post_title":"","_kad_post_layout":"","_kad_post_sidebar_id":"","_kad_post_content_style":"","_kad_post_vertical_padding":"","_kad_post_feature":"","_kad_post_feature_position":"","_kad_post_header":false,"_kad_post_footer":false},"product_brand":[45],"product_cat":[15,31,159,407],"product_tag":[],"class_list":{"0":"post-2213","1":"product","2":"type-product","3":"status-publish","4":"has-post-thumbnail","6":"product_brand-adidas","7":"product_cat-bez-kategorii","8":"product_cat-kluby-europejskie","9":"product_cat-kluby-polskie","10":"product_cat-legia-warszawa","11":"pa_rozmiar-xl","13":"first","14":"instock","15":"taxable","16":"shipping-taxable","17":"purchasable","18":"product-type-simple","19":"entry","20":"content-bg","21":"loop-entry"},"taxonomy_info":{"product_brand":[{"value":45,"label":"Adidas"}],"product_cat":[{"value":15,"label":"Bez kategorii"},{"value":31,"label":"Kluby Europejskie"},{"value":159,"label":"Kluby Polskie"},{"value":407,"label":"Legia Warszawa"}],"pa_rozmiar":[{"value":57,"label":"XL"}]},"featured_image_src_large":["https:\/\/fts.you2.pl\/wp-content\/uploads\/2025\/09\/PhotoRoom_000_20231115_220932-1024x1024.png",1024,1024,true],"author_info":[],"comment_info":"","_links":{"self":[{"href":"https:\/\/fts.you2.pl\/en\/wp-json\/wp\/v2\/product\/2213","targetHints":{"allow":["GET"]}}],"collection":[{"href":"https:\/\/fts.you2.pl\/en\/wp-json\/wp\/v2\/product"}],"about":[{"href":"https:\/\/fts.you2.pl\/en\/wp-json\/wp\/v2\/types\/product"}],"wp:featuredmedia":[{"embeddable":true,"href":"https:\/\/fts.you2.pl\/en\/wp-json\/wp\/v2\/media\/7541"}],"wp:attachment":[{"href":"https:\/\/fts.you2.pl\/en\/wp-json\/wp\/v2\/media?parent=2213"}],"wp:term":[{"taxonomy":"product_brand","embeddable":true,"href":"https:\/\/fts.you2.pl\/en\/wp-json\/wp\/v2\/product_brand?post=2213"},{"taxonomy":"product_cat","embeddable":true,"href":"https:\/\/fts.you2.pl\/en\/wp-json\/wp\/v2\/product_cat?post=2213"},{"taxonomy":"product_tag","embeddable":true,"href":"https:\/\/fts.you2.pl\/en\/wp-json\/wp\/v2\/product_tag?post=2213"}],"curies":[{"name":"wp","href":"https:\/\/api.w.org\/{rel}","templated":true}]}}