{"id":2220,"date":"2023-12-03T12:43:12","date_gmt":"2023-12-03T11:43:12","guid":{"rendered":"https:\/\/fts.you2.pl\/index.php\/produkt\/connacht-gaa-2009-29-xxl\/"},"modified":"2025-09-18T20:58:37","modified_gmt":"2025-09-18T18:58:37","slug":"connacht-gaa-2009-29-xxl","status":"publish","type":"product","link":"https:\/\/fts.you2.pl\/en\/connacht-gaa-2009-29-xxl\/","title":{"rendered":"Connacht GAA 2009 29 [XXL]"},"content":{"rendered":"<p><strong>Klub:<\/strong> Connacht GAA<\/p>\n<p><strong>Sezon:<\/strong> 2009<\/p>\n<p><strong>Rozmiar: <\/strong>XXL<\/p>\n<p><strong>Stan:<\/strong> Dobry &#8211; jedno mikro zaci\u0105gni\u0119cie oraz zabrudzenie.<\/p>\n<p><strong>Wymiary (szeroko\u015b\u0107 pod pachami\/d\u0142ugo\u015b\u0107) w cm: <\/strong>61\/78(prz\u00f3d), 82(ty\u0142)<\/p>","protected":false},"excerpt":{"rendered":"<p>Connacht GAA 2009 29 [XXL]<\/p>","protected":false},"featured_media":7603,"template":"","meta":{"_kad_blocks_custom_css":"","_kad_blocks_head_custom_js":"","_kad_blocks_body_custom_js":"","_kad_blocks_footer_custom_js":"","_kad_post_transparent":"","_kad_post_title":"","_kad_post_layout":"","_kad_post_sidebar_id":"","_kad_post_content_style":"","_kad_post_vertical_padding":"","_kad_post_feature":"","_kad_post_feature_position":"","_kad_post_header":false,"_kad_post_footer":false},"product_brand":[338],"product_cat":[409,25,110],"product_tag":[],"class_list":{"0":"post-2220","1":"product","2":"type-product","3":"status-publish","4":"has-post-thumbnail","6":"product_brand-oneills","7":"product_cat-gaa","8":"product_cat-inne","9":"product_cat-inne-sporty","10":"pa_rozmiar-xxl","12":"first","13":"instock","14":"taxable","15":"shipping-taxable","16":"purchasable","17":"product-type-simple","18":"entry","19":"content-bg","20":"loop-entry"},"taxonomy_info":{"product_brand":[{"value":338,"label":"O'Neills"}],"product_cat":[{"value":409,"label":"GAA"},{"value":25,"label":"Inne"},{"value":110,"label":"Inne sporty"}],"pa_rozmiar":[{"value":71,"label":"XXL"}]},"featured_image_src_large":["https:\/\/fts.you2.pl\/wp-content\/uploads\/2025\/09\/PhotoRoom_032_20231201_225647-1024x1024.png",1024,1024,true],"author_info":[],"comment_info":"","_links":{"self":[{"href":"https:\/\/fts.you2.pl\/en\/wp-json\/wp\/v2\/product\/2220","targetHints":{"allow":["GET"]}}],"collection":[{"href":"https:\/\/fts.you2.pl\/en\/wp-json\/wp\/v2\/product"}],"about":[{"href":"https:\/\/fts.you2.pl\/en\/wp-json\/wp\/v2\/types\/product"}],"wp:featuredmedia":[{"embeddable":true,"href":"https:\/\/fts.you2.pl\/en\/wp-json\/wp\/v2\/media\/7603"}],"wp:attachment":[{"href":"https:\/\/fts.you2.pl\/en\/wp-json\/wp\/v2\/media?parent=2220"}],"wp:term":[{"taxonomy":"product_brand","embeddable":true,"href":"https:\/\/fts.you2.pl\/en\/wp-json\/wp\/v2\/product_brand?post=2220"},{"taxonomy":"product_cat","embeddable":true,"href":"https:\/\/fts.you2.pl\/en\/wp-json\/wp\/v2\/product_cat?post=2220"},{"taxonomy":"product_tag","embeddable":true,"href":"https:\/\/fts.you2.pl\/en\/wp-json\/wp\/v2\/product_tag?post=2220"}],"curies":[{"name":"wp","href":"https:\/\/api.w.org\/{rel}","templated":true}]}}