{"id":2251,"date":"2024-01-21T14:45:42","date_gmt":"2024-01-21T13:45:42","guid":{"rendered":"https:\/\/fts.you2.pl\/index.php\/produkt\/match-worn-lechia-gdansk-2012-13-away-28-oualembo-m\/"},"modified":"2025-09-18T21:31:24","modified_gmt":"2025-09-18T19:31:24","slug":"match-worn-lechia-gdansk-2012-13-away-28-oualembo-m","status":"publish","type":"product","link":"https:\/\/fts.you2.pl\/en\/match-worn-lechia-gdansk-2012-13-away-28-oualembo-m\/","title":{"rendered":"MATCH WORN Lechia Gda\u0144sk 2012\/13 Away 28 Oualembo [M]"},"content":{"rendered":"<p><strong>Klub:<\/strong> Lechia Gda\u0144sk<\/p>\n<p><strong>Sezon:<\/strong> 2012\/13 Away<\/p>\n<p><strong>Rozmiar: <\/strong>M<\/p>\n<p><strong>Stan:<\/strong> S\u0142aby &#8211; poniszczone nadruki na r\u0119kawkach oraz jeden na froncie, pop\u0119kany numer na plecach.<\/p>\n<p><strong>Wymiary (szeroko\u015b\u0107 pod pachami\/d\u0142ugo\u015b\u0107) w cm: <\/strong>50\/67<\/p>\n<p><strong>Dodatkowe informacje:<\/strong> Meczowa koszulka Christophera Oualembo, kongijskiego pi\u0142karza, kt\u00f3ry wyst\u0119powa\u0142 w dru\u017cynie Lechii Gda\u0144sk w latach 2012-14 i zaliczy\u0142 26 wyst\u0119p\u00f3w dla klubu ze stolicy Pomorza. Jest wychowankiem Paris Saint Germain.<\/p>","protected":false},"excerpt":{"rendered":"<p>MATCH WORN Lechia Gda\u0144sk 2012\/13 Away 28 Oualembo [M]<\/p>","protected":false},"featured_media":7865,"template":"","meta":{"_kad_blocks_custom_css":"","_kad_blocks_head_custom_js":"","_kad_blocks_body_custom_js":"","_kad_blocks_footer_custom_js":"","_kad_post_transparent":"","_kad_post_title":"","_kad_post_layout":"","_kad_post_sidebar_id":"","_kad_post_content_style":"","_kad_post_vertical_padding":"","_kad_post_feature":"","_kad_post_feature_position":"","_kad_post_header":false,"_kad_post_footer":false},"product_brand":[45],"product_cat":[31,159,173,160],"product_tag":[],"class_list":{"0":"post-2251","1":"product","2":"type-product","3":"status-publish","4":"has-post-thumbnail","6":"product_brand-adidas","7":"product_cat-kluby-europejskie","8":"product_cat-kluby-polskie","9":"product_cat-match-worn-issue","10":"product_cat-pozostale-kluby-polskie","11":"pa_rozmiar-m","13":"first","14":"instock","15":"taxable","16":"shipping-taxable","17":"purchasable","18":"product-type-simple","19":"entry","20":"content-bg","21":"loop-entry"},"taxonomy_info":{"product_brand":[{"value":45,"label":"Adidas"}],"product_cat":[{"value":31,"label":"Kluby Europejskie"},{"value":159,"label":"Kluby Polskie"},{"value":173,"label":"MATCH WORN &amp; ISSUE"},{"value":160,"label":"Pozosta\u0142e kluby polskie"}],"pa_rozmiar":[{"value":28,"label":"M"}]},"featured_image_src_large":["https:\/\/fts.you2.pl\/wp-content\/uploads\/2025\/09\/PhotoRoom_019_20240120_141753-1-1024x1024.png",1024,1024,true],"author_info":[],"comment_info":"","_links":{"self":[{"href":"https:\/\/fts.you2.pl\/en\/wp-json\/wp\/v2\/product\/2251","targetHints":{"allow":["GET"]}}],"collection":[{"href":"https:\/\/fts.you2.pl\/en\/wp-json\/wp\/v2\/product"}],"about":[{"href":"https:\/\/fts.you2.pl\/en\/wp-json\/wp\/v2\/types\/product"}],"wp:featuredmedia":[{"embeddable":true,"href":"https:\/\/fts.you2.pl\/en\/wp-json\/wp\/v2\/media\/7865"}],"wp:attachment":[{"href":"https:\/\/fts.you2.pl\/en\/wp-json\/wp\/v2\/media?parent=2251"}],"wp:term":[{"taxonomy":"product_brand","embeddable":true,"href":"https:\/\/fts.you2.pl\/en\/wp-json\/wp\/v2\/product_brand?post=2251"},{"taxonomy":"product_cat","embeddable":true,"href":"https:\/\/fts.you2.pl\/en\/wp-json\/wp\/v2\/product_cat?post=2251"},{"taxonomy":"product_tag","embeddable":true,"href":"https:\/\/fts.you2.pl\/en\/wp-json\/wp\/v2\/product_tag?post=2251"}],"curies":[{"name":"wp","href":"https:\/\/api.w.org\/{rel}","templated":true}]}}