{"id":2267,"date":"2024-01-28T15:31:16","date_gmt":"2024-01-28T14:31:16","guid":{"rendered":"https:\/\/fts.you2.pl\/index.php\/produkt\/template-ss-lazio-style-umbro-1980s-m\/"},"modified":"2025-09-18T21:49:15","modified_gmt":"2025-09-18T19:49:15","slug":"template-ss-lazio-style-umbro-1980s-m","status":"publish","type":"product","link":"https:\/\/fts.you2.pl\/en\/template-ss-lazio-style-umbro-1980s-m\/","title":{"rendered":"TEMPLATE SS Lazio Style Adidas 1980&#8217;s [M]"},"content":{"rendered":"<p><strong>Klub:<\/strong> Adidas<\/p>\n<p><strong>Sezon:<\/strong> 1980&#8217;s<\/p>\n<p><strong>Rozmiar: <\/strong>M<\/p>\n<p><strong>Stan:<\/strong> Doskona\u0142y<\/p>\n<p><strong>Wymiary (szeroko\u015b\u0107 pod pachami\/d\u0142ugo\u015b\u0107) w cm:<\/strong> 50\/69<\/p>\n<p><strong>Dodatkowe informacje:<\/strong> Oryginalna koszulka Adidasa z lat 80&#8242; stylizowana na wz\u00f3r wyjazd\u00f3wki SS Lazio z 1981 roku.<\/p>","protected":false},"excerpt":{"rendered":"<p>TEMPLATE SS Lazio Style Adidas 1980&#8217;s [M]<\/p>","protected":false},"featured_media":8013,"template":"","meta":{"_kad_blocks_custom_css":"","_kad_blocks_head_custom_js":"","_kad_blocks_body_custom_js":"","_kad_blocks_footer_custom_js":"","_kad_post_transparent":"","_kad_post_title":"","_kad_post_layout":"","_kad_post_sidebar_id":"","_kad_post_content_style":"","_kad_post_vertical_padding":"","_kad_post_feature":"","_kad_post_feature_position":"","_kad_post_header":false,"_kad_post_footer":false},"product_brand":[45],"product_cat":[31,117,152],"product_tag":[],"class_list":{"0":"post-2267","1":"product","2":"type-product","3":"status-publish","4":"has-post-thumbnail","6":"product_brand-adidas","7":"product_cat-kluby-europejskie","8":"product_cat-kluby-wloskie","9":"product_cat-pozostale-kluby-wloskie","10":"pa_rozmiar-m","12":"first","13":"instock","14":"taxable","15":"shipping-taxable","16":"purchasable","17":"product-type-simple","18":"entry","19":"content-bg","20":"loop-entry"},"taxonomy_info":{"product_brand":[{"value":45,"label":"Adidas"}],"product_cat":[{"value":31,"label":"Kluby Europejskie"},{"value":117,"label":"Kluby W\u0142oskie"},{"value":152,"label":"Pozosta\u0142e kluby w\u0142oskie"}],"pa_rozmiar":[{"value":28,"label":"M"}]},"featured_image_src_large":["https:\/\/fts.you2.pl\/wp-content\/uploads\/2025\/09\/PhotoRoom_044_20240128_133247-1024x1024.png",1024,1024,true],"author_info":[],"comment_info":"","_links":{"self":[{"href":"https:\/\/fts.you2.pl\/en\/wp-json\/wp\/v2\/product\/2267","targetHints":{"allow":["GET"]}}],"collection":[{"href":"https:\/\/fts.you2.pl\/en\/wp-json\/wp\/v2\/product"}],"about":[{"href":"https:\/\/fts.you2.pl\/en\/wp-json\/wp\/v2\/types\/product"}],"wp:featuredmedia":[{"embeddable":true,"href":"https:\/\/fts.you2.pl\/en\/wp-json\/wp\/v2\/media\/8013"}],"wp:attachment":[{"href":"https:\/\/fts.you2.pl\/en\/wp-json\/wp\/v2\/media?parent=2267"}],"wp:term":[{"taxonomy":"product_brand","embeddable":true,"href":"https:\/\/fts.you2.pl\/en\/wp-json\/wp\/v2\/product_brand?post=2267"},{"taxonomy":"product_cat","embeddable":true,"href":"https:\/\/fts.you2.pl\/en\/wp-json\/wp\/v2\/product_cat?post=2267"},{"taxonomy":"product_tag","embeddable":true,"href":"https:\/\/fts.you2.pl\/en\/wp-json\/wp\/v2\/product_tag?post=2267"}],"curies":[{"name":"wp","href":"https:\/\/api.w.org\/{rel}","templated":true}]}}