{"id":2270,"date":"2024-02-04T18:22:42","date_gmt":"2024-02-04T17:22:42","guid":{"rendered":"https:\/\/fts.you2.pl\/index.php\/produkt\/charlton-athletic-2021-22-home-xxl\/"},"modified":"2025-09-18T21:52:42","modified_gmt":"2025-09-18T19:52:42","slug":"charlton-athletic-2021-22-home-xxl","status":"publish","type":"product","link":"https:\/\/fts.you2.pl\/en\/charlton-athletic-2021-22-home-xxl\/","title":{"rendered":"Charlton Athletic 2021\/22 Home [XXL]"},"content":{"rendered":"<p><strong>Klub:<\/strong> Charlton Athletic<\/p>\n<p><strong>Sezon:<\/strong> 2021\/22 Home<\/p>\n<p><strong>Rozmiar:\u00a0<\/strong>XXL<\/p>\n<p><strong>Stan:<\/strong> Dobry &#8211; trzy mikro zaci\u0105gni\u0119cia na froncie, zabrudzenia oraz starta naszywka z rozmiarem.<\/p>\n<p><strong>Wymiary (szeroko\u015b\u0107 pod pachami\/d\u0142ugo\u015b\u0107) w cm: <\/strong>62\/76<\/p>","protected":false},"excerpt":{"rendered":"<p>Charlton Athletic 2021\/22 Home [XXL]<\/p>","protected":false},"featured_media":8034,"template":"","meta":{"_kad_blocks_custom_css":"","_kad_blocks_head_custom_js":"","_kad_blocks_body_custom_js":"","_kad_blocks_footer_custom_js":"","_kad_post_transparent":"","_kad_post_title":"","_kad_post_layout":"","_kad_post_sidebar_id":"","_kad_post_content_style":"","_kad_post_vertical_padding":"","_kad_post_feature":"","_kad_post_feature_position":"","_kad_post_header":false,"_kad_post_footer":false},"product_brand":[201],"product_cat":[32,31,33],"product_tag":[],"class_list":{"0":"post-2270","1":"product","2":"type-product","3":"status-publish","4":"has-post-thumbnail","6":"product_brand-hummel","7":"product_cat-kluby-angielskie","8":"product_cat-kluby-europejskie","9":"product_cat-pozostale-kluby-angielskie","11":"first","12":"instock","13":"taxable","14":"shipping-taxable","15":"purchasable","16":"product-type-simple","17":"entry","18":"content-bg","19":"loop-entry"},"taxonomy_info":{"product_brand":[{"value":201,"label":"Hummel"}],"product_cat":[{"value":32,"label":"Kluby Angielskie"},{"value":31,"label":"Kluby Europejskie"},{"value":33,"label":"Pozosta\u0142e kluby angielskie"}]},"featured_image_src_large":["https:\/\/fts.you2.pl\/wp-content\/uploads\/2025\/09\/PhotoRoom_030_20240204_124223-1024x1024.png",1024,1024,true],"author_info":[],"comment_info":"","_links":{"self":[{"href":"https:\/\/fts.you2.pl\/en\/wp-json\/wp\/v2\/product\/2270","targetHints":{"allow":["GET"]}}],"collection":[{"href":"https:\/\/fts.you2.pl\/en\/wp-json\/wp\/v2\/product"}],"about":[{"href":"https:\/\/fts.you2.pl\/en\/wp-json\/wp\/v2\/types\/product"}],"wp:featuredmedia":[{"embeddable":true,"href":"https:\/\/fts.you2.pl\/en\/wp-json\/wp\/v2\/media\/8034"}],"wp:attachment":[{"href":"https:\/\/fts.you2.pl\/en\/wp-json\/wp\/v2\/media?parent=2270"}],"wp:term":[{"taxonomy":"product_brand","embeddable":true,"href":"https:\/\/fts.you2.pl\/en\/wp-json\/wp\/v2\/product_brand?post=2270"},{"taxonomy":"product_cat","embeddable":true,"href":"https:\/\/fts.you2.pl\/en\/wp-json\/wp\/v2\/product_cat?post=2270"},{"taxonomy":"product_tag","embeddable":true,"href":"https:\/\/fts.you2.pl\/en\/wp-json\/wp\/v2\/product_tag?post=2270"}],"curies":[{"name":"wp","href":"https:\/\/api.w.org\/{rel}","templated":true}]}}