{"id":2283,"date":"2024-07-31T08:15:07","date_gmt":"2024-07-31T06:15:07","guid":{"rendered":"https:\/\/fts.you2.pl\/index.php\/produkt\/mystery-box\/"},"modified":"2025-09-19T00:33:23","modified_gmt":"2025-09-18T22:33:23","slug":"mystery-box","status":"publish","type":"product","link":"https:\/\/fts.you2.pl\/en\/mystery-box\/","title":{"rendered":"Mystery Box [BASIC]"},"content":{"rendered":"<p><strong>Pi\u0142karski Mystery Box &#8211; Odkryj Niespodziank\u0119!<\/strong><\/p>\n<p>Szukasz wyj\u0105tkowego prezentu dla fana pi\u0142ki no\u017cnej? Nasz\u00a0<strong>Pi\u0142karski Mystery Box<\/strong>\u00a0to idealne rozwi\u0105zanie! Ka\u017cde pude\u0142ko zawiera oryginaln\u0105 koszulk\u0119 pi\u0142karsk\u0105 z klub\u00f3w i reprezentacji z ca\u0142ego \u015bwiata. To doskona\u0142y spos\u00f3b na zaskoczenie siebie lub bliskiej osoby!<\/p>\n<p><strong>Mystery Box Basic<\/strong> \u2013 mo\u017cesz liczy\u0107 na koszulk\u0119 z ca\u0142ego \u015bwiata, now\u0105, z metk\u0105, jedynie domowe, wyjazdowe, bramkarskie b\u0105d\u017a trzecie komplety.<\/p>\n<p><strong>Dlaczego warto wybra\u0107 nasz Pi\u0142karski Mystery Box?<\/strong><\/p>\n<ul>\n<li><strong>Oryginalne koszulki pi\u0142karskie<\/strong>: Gwarantujemy, \u017ce ka\u017cda koszulka w naszym mystery boxie jest nowa, oryginalna i posiada metki.<\/li>\n<li><strong>R\u00f3\u017cnorodno\u015b\u0107 klub\u00f3w i reprezentacji<\/strong>: W naszym mystery boxie znajdziesz koszulki z r\u00f3\u017cnych lig i kraj\u00f3w, w tym z topowych klub\u00f3w europejskich.<\/li>\n<li><strong>Bez tandety:<\/strong> w puli mamy przewidziane koszulki jedynie nietuzinkowe, z ciekawym designem b\u0105d\u017a rzadko spotykane. Nie dostaniesz trening\u00f3wki, koszulki przedmeczowej czy typu polo.<\/li>\n<li><strong>Niespodzianka i emocje<\/strong>: Otwieranie mystery boxa to niezapomniane prze\u017cycie pe\u0142ne emocji i rado\u015bci. Nigdy nie wiesz, jak\u0105 koszulk\u0119 otrzymasz!<\/li>\n<li><strong>Idealny prezent<\/strong>: Nasz mystery box to \u015bwietny pomys\u0142 na prezent dla ka\u017cdego mi\u0142o\u015bnika pi\u0142ki no\u017cnej. Spraw rado\u015b\u0107 sobie lub bliskiej osobie!<\/li>\n<\/ul>\n<p><strong>Jak to dzia\u0142a?<\/strong><\/p>\n<ol>\n<li><strong>Wybierz sw\u00f3j box<\/strong>: Wybierz rodzaj mystery boxa i rozmiar koszulki.<\/li>\n<li><strong>Personalizacja<\/strong>: Mo\u017cesz wykluczy\u0107 do 5 klub\u00f3w, reprezentacji b\u0105d\u017a lig, kt\u00f3rych nie chcesz otrzyma\u0107.<\/li>\n<li><strong>Oczekuj na przesy\u0142k\u0119<\/strong>: Zam\u00f3wienia realizujemy w ci\u0105gu 1-2 dni roboczych.<\/li>\n<\/ol>\n<p><strong>Dlaczego my?<\/strong><\/p>\n<ul>\n<li><strong>Najwy\u017csza jako\u015b\u0107<\/strong>: Nasze koszulki s\u0105 starannie wyselekcjonowane, aby zapewni\u0107 najwy\u017csz\u0105 jako\u015b\u0107.<\/li>\n<li><strong>Szybka wysy\u0142ka<\/strong>: Zam\u00f3wienia wysy\u0142amy b\u0142yskawicznie, aby\u015b m\u00f3g\u0142 jak najszybciej cieszy\u0107 si\u0119 swoj\u0105 now\u0105 koszulk\u0105.<\/li>\n<li><strong>Zadowoleni klienci<\/strong>: Do\u0142\u0105cz do setek zadowolonych klient\u00f3w, kt\u00f3rzy ch\u0119tnie do nas wracaj\u0105.<\/li>\n<\/ul>\n<p>Zam\u00f3w sw\u00f3j\u00a0<strong>Pi\u0142karski Mystery Box<\/strong> ju\u017c dzi\u015b i odkryj, jak\u0105 niespodziank\u0119 przygotowali\u015bmy dla Ciebie.<\/p>","protected":false},"excerpt":{"rendered":"<p>Mystery Box [BASIC]<\/p>","protected":false},"featured_media":0,"template":"","meta":{"_kad_blocks_custom_css":"","_kad_blocks_head_custom_js":"","_kad_blocks_body_custom_js":"","_kad_blocks_footer_custom_js":"","_kad_post_transparent":"","_kad_post_title":"","_kad_post_layout":"","_kad_post_sidebar_id":"","_kad_post_content_style":"","_kad_post_vertical_padding":"","_kad_post_feature":"","_kad_post_feature_position":"","_kad_post_header":false,"_kad_post_footer":false},"product_brand":[],"product_cat":[25,416],"product_tag":[],"class_list":{"0":"post-2283","1":"product","2":"type-product","3":"status-publish","5":"product_cat-inne","6":"product_cat-mystery-boxy","7":"pa_rozmiar-l","8":"pa_rozmiar-m","9":"pa_rozmiar-s","10":"pa_rozmiar-xl","11":"pa_rozmiar-xxl","12":"pa_rozmiar-3xl","14":"first","15":"instock","16":"taxable","17":"shipping-taxable","18":"purchasable","19":"product-type-variable","20":"entry","21":"content-bg","22":"loop-entry"},"taxonomy_info":{"product_cat":[{"value":25,"label":"Inne"},{"value":416,"label":"Mystery Boxy"}],"pa_rozmiar":[{"value":39,"label":"L"},{"value":28,"label":"M"},{"value":19,"label":"S"},{"value":57,"label":"XL"},{"value":71,"label":"XXL"},{"value":342,"label":"3XL"}]},"featured_image_src_large":false,"author_info":[],"comment_info":"","_links":{"self":[{"href":"https:\/\/fts.you2.pl\/en\/wp-json\/wp\/v2\/product\/2283","targetHints":{"allow":["GET"]}}],"collection":[{"href":"https:\/\/fts.you2.pl\/en\/wp-json\/wp\/v2\/product"}],"about":[{"href":"https:\/\/fts.you2.pl\/en\/wp-json\/wp\/v2\/types\/product"}],"wp:attachment":[{"href":"https:\/\/fts.you2.pl\/en\/wp-json\/wp\/v2\/media?parent=2283"}],"wp:term":[{"taxonomy":"product_brand","embeddable":true,"href":"https:\/\/fts.you2.pl\/en\/wp-json\/wp\/v2\/product_brand?post=2283"},{"taxonomy":"product_cat","embeddable":true,"href":"https:\/\/fts.you2.pl\/en\/wp-json\/wp\/v2\/product_cat?post=2283"},{"taxonomy":"product_tag","embeddable":true,"href":"https:\/\/fts.you2.pl\/en\/wp-json\/wp\/v2\/product_tag?post=2283"}],"curies":[{"name":"wp","href":"https:\/\/api.w.org\/{rel}","templated":true}]}}