{"id":2322,"date":"2024-03-24T16:55:42","date_gmt":"2024-03-24T15:55:42","guid":{"rendered":"https:\/\/fts.you2.pl\/index.php\/produkt\/szwecja-2007-09-home-xl\/"},"modified":"2025-09-18T22:50:08","modified_gmt":"2025-09-18T20:50:08","slug":"szwecja-2007-09-home-xl","status":"publish","type":"product","link":"https:\/\/fts.you2.pl\/en\/szwecja-2007-09-home-xl\/","title":{"rendered":"Szwecja 2007\/09 Home [XL]"},"content":{"rendered":"<p><strong>Klub:<\/strong> Szwecja<\/p>\n<p><strong>Sezon:<\/strong> 2007\/09 Home<\/p>\n<p><strong>Rozmiar: <\/strong>XL<\/p>\n<p><strong>Stan:<\/strong> Doskona\u0142y<\/p>\n<p><strong>Wymiary (szeroko\u015b\u0107 pod pachami\/d\u0142ugo\u015b\u0107) w cm: <\/strong>60\/76<\/p>","protected":false},"excerpt":{"rendered":"<p>Szwecja 2007\/09 Home [XL]<\/p>","protected":false},"featured_media":8461,"template":"","meta":{"_kad_blocks_custom_css":"","_kad_blocks_head_custom_js":"","_kad_blocks_body_custom_js":"","_kad_blocks_footer_custom_js":"","_kad_post_transparent":"","_kad_post_title":"","_kad_post_layout":"","_kad_post_sidebar_id":"","_kad_post_content_style":"","_kad_post_vertical_padding":"","_kad_post_feature":"","_kad_post_feature_position":"","_kad_post_header":false,"_kad_post_footer":false},"product_brand":[21],"product_cat":[23,114,22],"product_tag":[],"class_list":{"0":"post-2322","1":"product","2":"type-product","3":"status-publish","4":"has-post-thumbnail","6":"product_brand-umbro","7":"product_cat-europa","8":"product_cat-pozostale","9":"product_cat-reprezentacje","10":"pa_rozmiar-xl","12":"first","13":"instock","14":"taxable","15":"shipping-taxable","16":"purchasable","17":"product-type-simple","18":"entry","19":"content-bg","20":"loop-entry"},"taxonomy_info":{"product_brand":[{"value":21,"label":"Umbro"}],"product_cat":[{"value":23,"label":"Europa"},{"value":114,"label":"Pozosta\u0142e"},{"value":22,"label":"REPREZENTACJE"}],"pa_rozmiar":[{"value":57,"label":"XL"}]},"featured_image_src_large":["https:\/\/fts.you2.pl\/wp-content\/uploads\/2025\/09\/Photoroom_067_20240323_131125-1024x1024.png",1024,1024,true],"author_info":[],"comment_info":"","_links":{"self":[{"href":"https:\/\/fts.you2.pl\/en\/wp-json\/wp\/v2\/product\/2322","targetHints":{"allow":["GET"]}}],"collection":[{"href":"https:\/\/fts.you2.pl\/en\/wp-json\/wp\/v2\/product"}],"about":[{"href":"https:\/\/fts.you2.pl\/en\/wp-json\/wp\/v2\/types\/product"}],"wp:featuredmedia":[{"embeddable":true,"href":"https:\/\/fts.you2.pl\/en\/wp-json\/wp\/v2\/media\/8461"}],"wp:attachment":[{"href":"https:\/\/fts.you2.pl\/en\/wp-json\/wp\/v2\/media?parent=2322"}],"wp:term":[{"taxonomy":"product_brand","embeddable":true,"href":"https:\/\/fts.you2.pl\/en\/wp-json\/wp\/v2\/product_brand?post=2322"},{"taxonomy":"product_cat","embeddable":true,"href":"https:\/\/fts.you2.pl\/en\/wp-json\/wp\/v2\/product_cat?post=2322"},{"taxonomy":"product_tag","embeddable":true,"href":"https:\/\/fts.you2.pl\/en\/wp-json\/wp\/v2\/product_tag?post=2322"}],"curies":[{"name":"wp","href":"https:\/\/api.w.org\/{rel}","templated":true}]}}