{"id":2326,"date":"2024-03-24T16:55:39","date_gmt":"2024-03-24T15:55:39","guid":{"rendered":"https:\/\/fts.you2.pl\/index.php\/produkt\/anglia-2020-22-home-9-kane-l\/"},"modified":"2025-09-17T13:21:47","modified_gmt":"2025-09-17T11:21:47","slug":"anglia-2020-22-home-9-kane-l","status":"publish","type":"product","link":"https:\/\/fts.you2.pl\/en\/anglia-2020-22-home-9-kane-l\/","title":{"rendered":"Anglia 2020\/22 Home 9 Kane [L]"},"content":{"rendered":"<p><strong>Klub:<\/strong> Anglia<\/p>\n<p><strong>Sezon:<\/strong> 2020\/22 Home<\/p>\n<p><strong>Rozmiar: <\/strong>L<\/p>\n<p><strong>Stan:<\/strong> Bardzo dobry &#8211; dwa niewielkie zabrudzenia na plecach.<\/p>\n<p><strong>Wymiary (szeroko\u015b\u0107 pod pachami\/d\u0142ugo\u015b\u0107) w cm: <\/strong>54\/70<\/p>","protected":false},"excerpt":{"rendered":"<p>Anglia 2020\/22 Home 9 Kane [L]<\/p>","protected":false},"featured_media":0,"template":"","meta":{"_kad_blocks_custom_css":"","_kad_blocks_head_custom_js":"","_kad_blocks_body_custom_js":"","_kad_blocks_footer_custom_js":"","_kad_post_transparent":"","_kad_post_title":"","_kad_post_layout":"","_kad_post_sidebar_id":"","_kad_post_content_style":"","_kad_post_vertical_padding":"","_kad_post_feature":"","_kad_post_feature_position":"","_kad_post_header":false,"_kad_post_footer":false},"product_brand":[55],"product_cat":[24,23,22],"product_tag":[],"class_list":{"0":"post-2326","1":"product","2":"type-product","3":"status-publish","5":"product_brand-nike","6":"product_cat-anglia","7":"product_cat-europa","8":"product_cat-reprezentacje","9":"pa_rozmiar-l","11":"first","12":"instock","13":"taxable","14":"shipping-taxable","15":"purchasable","16":"product-type-simple","17":"entry","18":"content-bg","19":"loop-entry"},"taxonomy_info":{"product_brand":[{"value":55,"label":"Nike"}],"product_cat":[{"value":24,"label":"Anglia"},{"value":23,"label":"Europa"},{"value":22,"label":"REPREZENTACJE"}],"pa_rozmiar":[{"value":39,"label":"L"}]},"featured_image_src_large":false,"author_info":[],"comment_info":"","_links":{"self":[{"href":"https:\/\/fts.you2.pl\/en\/wp-json\/wp\/v2\/product\/2326","targetHints":{"allow":["GET"]}}],"collection":[{"href":"https:\/\/fts.you2.pl\/en\/wp-json\/wp\/v2\/product"}],"about":[{"href":"https:\/\/fts.you2.pl\/en\/wp-json\/wp\/v2\/types\/product"}],"wp:attachment":[{"href":"https:\/\/fts.you2.pl\/en\/wp-json\/wp\/v2\/media?parent=2326"}],"wp:term":[{"taxonomy":"product_brand","embeddable":true,"href":"https:\/\/fts.you2.pl\/en\/wp-json\/wp\/v2\/product_brand?post=2326"},{"taxonomy":"product_cat","embeddable":true,"href":"https:\/\/fts.you2.pl\/en\/wp-json\/wp\/v2\/product_cat?post=2326"},{"taxonomy":"product_tag","embeddable":true,"href":"https:\/\/fts.you2.pl\/en\/wp-json\/wp\/v2\/product_tag?post=2326"}],"curies":[{"name":"wp","href":"https:\/\/api.w.org\/{rel}","templated":true}]}}