{"id":2329,"date":"2024-04-01T10:37:34","date_gmt":"2024-04-01T08:37:34","guid":{"rendered":"https:\/\/fts.you2.pl\/index.php\/produkt\/fc-bayern-monachium-2005-06-home-xl\/"},"modified":"2025-09-17T13:21:47","modified_gmt":"2025-09-17T11:21:47","slug":"fc-bayern-monachium-2005-06-home-xl","status":"publish","type":"product","link":"https:\/\/fts.you2.pl\/en\/fc-bayern-monachium-2005-06-home-xl\/","title":{"rendered":"FC Bayern Monachium 2005\/07 Home [XL]"},"content":{"rendered":"<p><strong>Klub:<\/strong> FC Bayern Monachium<\/p>\n<p><strong>Sezon:<\/strong> 2005\/07 Home<\/p>\n<p><strong>Rozmiar: <\/strong>XL<\/p>\n<p><strong>Stan:\u00a0<\/strong>Bardzo dobry<\/p>\n<p><strong>Wymiary (szeroko\u015b\u0107 pod pachami\/d\u0142ugo\u015b\u0107) w cm: <\/strong>63\/71(prz\u00f3d),80(ty\u0142)<\/p>","protected":false},"excerpt":{"rendered":"<p>FC Bayern Monachium 2005\/07 Home [XL]<\/p>","protected":false},"featured_media":0,"template":"","meta":{"_kad_blocks_custom_css":"","_kad_blocks_head_custom_js":"","_kad_blocks_body_custom_js":"","_kad_blocks_footer_custom_js":"","_kad_post_transparent":"","_kad_post_title":"","_kad_post_layout":"","_kad_post_sidebar_id":"","_kad_post_content_style":"","_kad_post_vertical_padding":"","_kad_post_feature":"","_kad_post_feature_position":"","_kad_post_header":false,"_kad_post_footer":false},"product_brand":[45],"product_cat":[100,31,46],"product_tag":[],"class_list":{"0":"post-2329","1":"product","2":"type-product","3":"status-publish","5":"product_brand-adidas","6":"product_cat-fc-bayern-monachium","7":"product_cat-kluby-europejskie","8":"product_cat-kluby-niemieckie","9":"pa_rozmiar-xl","11":"first","12":"instock","13":"taxable","14":"shipping-taxable","15":"purchasable","16":"product-type-simple","17":"entry","18":"content-bg","19":"loop-entry"},"taxonomy_info":{"product_brand":[{"value":45,"label":"Adidas"}],"product_cat":[{"value":100,"label":"FC Bayern Monachium"},{"value":31,"label":"Kluby Europejskie"},{"value":46,"label":"Kluby Niemieckie"}],"pa_rozmiar":[{"value":57,"label":"XL"}]},"featured_image_src_large":false,"author_info":[],"comment_info":"","_links":{"self":[{"href":"https:\/\/fts.you2.pl\/en\/wp-json\/wp\/v2\/product\/2329","targetHints":{"allow":["GET"]}}],"collection":[{"href":"https:\/\/fts.you2.pl\/en\/wp-json\/wp\/v2\/product"}],"about":[{"href":"https:\/\/fts.you2.pl\/en\/wp-json\/wp\/v2\/types\/product"}],"wp:attachment":[{"href":"https:\/\/fts.you2.pl\/en\/wp-json\/wp\/v2\/media?parent=2329"}],"wp:term":[{"taxonomy":"product_brand","embeddable":true,"href":"https:\/\/fts.you2.pl\/en\/wp-json\/wp\/v2\/product_brand?post=2329"},{"taxonomy":"product_cat","embeddable":true,"href":"https:\/\/fts.you2.pl\/en\/wp-json\/wp\/v2\/product_cat?post=2329"},{"taxonomy":"product_tag","embeddable":true,"href":"https:\/\/fts.you2.pl\/en\/wp-json\/wp\/v2\/product_tag?post=2329"}],"curies":[{"name":"wp","href":"https:\/\/api.w.org\/{rel}","templated":true}]}}