{"id":2361,"date":"2024-05-05T12:40:08","date_gmt":"2024-05-05T10:40:08","guid":{"rendered":"https:\/\/fts.you2.pl\/index.php\/produkt\/player-issue-torino-fc-2014-15-home-25-glik-xl\/"},"modified":"2025-09-17T13:21:55","modified_gmt":"2025-09-17T11:21:55","slug":"player-issue-torino-fc-2014-15-home-25-glik-xl","status":"publish","type":"product","link":"https:\/\/fts.you2.pl\/en\/player-issue-torino-fc-2014-15-home-25-glik-xl\/","title":{"rendered":"PLAYER ISSUE Torino FC 2014\/15 Home 25 Glik [XL]"},"content":{"rendered":"<p><strong>Klub:<\/strong> Torino FC<\/p>\n<p><strong>Sezon:<\/strong> 2014\/15 Home<\/p>\n<p><strong>Rozmiar: <\/strong>XL<\/p>\n<p><strong>Stan:<\/strong> Doskona\u0142y<\/p>\n<p><strong>Wymiary (szeroko\u015b\u0107 pod pachami\/d\u0142ugo\u015b\u0107) w cm: <\/strong>53\/74<\/p>","protected":false},"excerpt":{"rendered":"<p>PLAYER ISSUE Torino FC 2014\/15 Home 25 Glik [XL]<\/p>","protected":false},"featured_media":0,"template":"","meta":{"_kad_blocks_custom_css":"","_kad_blocks_head_custom_js":"","_kad_blocks_body_custom_js":"","_kad_blocks_footer_custom_js":"","_kad_post_transparent":"","_kad_post_title":"","_kad_post_layout":"","_kad_post_sidebar_id":"","_kad_post_content_style":"","_kad_post_vertical_padding":"","_kad_post_feature":"","_kad_post_feature_position":"","_kad_post_header":false,"_kad_post_footer":false},"product_brand":[35],"product_cat":[31,117,298,152],"product_tag":[],"class_list":{"0":"post-2361","1":"product","2":"type-product","3":"status-publish","5":"product_brand-kappa","6":"product_cat-kluby-europejskie","7":"product_cat-kluby-wloskie","8":"product_cat-polscy-pilkarze","9":"product_cat-pozostale-kluby-wloskie","10":"pa_rozmiar-xl","12":"first","13":"instock","14":"taxable","15":"shipping-taxable","16":"purchasable","17":"product-type-simple","18":"entry","19":"content-bg","20":"loop-entry"},"taxonomy_info":{"product_brand":[{"value":35,"label":"Kappa"}],"product_cat":[{"value":31,"label":"Kluby Europejskie"},{"value":117,"label":"Kluby W\u0142oskie"},{"value":298,"label":"POLSCY PI\u0141KARZE"},{"value":152,"label":"Pozosta\u0142e kluby w\u0142oskie"}],"pa_rozmiar":[{"value":57,"label":"XL"}]},"featured_image_src_large":false,"author_info":[],"comment_info":"","_links":{"self":[{"href":"https:\/\/fts.you2.pl\/en\/wp-json\/wp\/v2\/product\/2361","targetHints":{"allow":["GET"]}}],"collection":[{"href":"https:\/\/fts.you2.pl\/en\/wp-json\/wp\/v2\/product"}],"about":[{"href":"https:\/\/fts.you2.pl\/en\/wp-json\/wp\/v2\/types\/product"}],"wp:attachment":[{"href":"https:\/\/fts.you2.pl\/en\/wp-json\/wp\/v2\/media?parent=2361"}],"wp:term":[{"taxonomy":"product_brand","embeddable":true,"href":"https:\/\/fts.you2.pl\/en\/wp-json\/wp\/v2\/product_brand?post=2361"},{"taxonomy":"product_cat","embeddable":true,"href":"https:\/\/fts.you2.pl\/en\/wp-json\/wp\/v2\/product_cat?post=2361"},{"taxonomy":"product_tag","embeddable":true,"href":"https:\/\/fts.you2.pl\/en\/wp-json\/wp\/v2\/product_tag?post=2361"}],"curies":[{"name":"wp","href":"https:\/\/api.w.org\/{rel}","templated":true}]}}