{"id":2394,"date":"2024-06-09T18:30:00","date_gmt":"2024-06-09T16:30:00","guid":{"rendered":"https:\/\/fts.you2.pl\/index.php\/produkt\/patch-liga-europy-uefa-foundation-2021-24\/"},"modified":"2025-09-19T00:04:34","modified_gmt":"2025-09-18T22:04:34","slug":"patch-liga-europy-uefa-foundation-2021-24","status":"publish","type":"product","link":"https:\/\/fts.you2.pl\/en\/patch-liga-europy-uefa-foundation-2021-24\/","title":{"rendered":"PATCH Liga Europy + UEFA Foundation 2021-24"},"content":{"rendered":"<p><strong>Rozgrywki:<\/strong> Liga Europy<\/p>\n<p><strong>Lata u\u017cycia:<\/strong> 2021-2024<\/p>\n<p><strong>Aplikacja:<\/strong> 170\u00b0C, docisk \u015bredni, 20 sekund<\/p>\n<p><strong>Producent:<\/strong> Sporting ID<\/p>\n<p><strong>Us\u0142uga aplikacji:<\/strong> Mo\u017cemy zaj\u0105\u0107 si\u0119 aplikacj\u0105 patcha\/y na Twoj\u0105 koszulk\u0119, po z\u0142o\u017ceniu zam\u00f3wienia skontaktuj si\u0119 z nami poprzez e-mail b\u0105d\u017a social media w celu ustalenia szczeg\u00f3\u0142\u00f3w.<\/p>","protected":false},"excerpt":{"rendered":"<p>PATCH Liga Europy + UEFA Foundation 2021-24<\/p>","protected":false},"featured_media":9078,"template":"","meta":{"_kad_blocks_custom_css":"","_kad_blocks_head_custom_js":"","_kad_blocks_body_custom_js":"","_kad_blocks_footer_custom_js":"","_kad_post_transparent":"","_kad_post_title":"","_kad_post_layout":"","_kad_post_sidebar_id":"","_kad_post_content_style":"","_kad_post_vertical_padding":"","_kad_post_feature":"","_kad_post_feature_position":"","_kad_post_header":false,"_kad_post_footer":false},"product_brand":[425],"product_cat":[25,426],"product_tag":[],"class_list":{"0":"post-2394","1":"product","2":"type-product","3":"status-publish","4":"has-post-thumbnail","6":"product_brand-sporting-id","7":"product_cat-inne","8":"product_cat-patche","10":"first","11":"instock","12":"taxable","13":"shipping-taxable","14":"purchasable","15":"product-type-simple","16":"entry","17":"content-bg","18":"loop-entry"},"taxonomy_info":{"product_brand":[{"value":425,"label":"Sporting ID"}],"product_cat":[{"value":25,"label":"Inne"},{"value":426,"label":"Patche"}]},"featured_image_src_large":["https:\/\/fts.you2.pl\/wp-content\/uploads\/2025\/09\/Photoroom_001_20240608_232053-1024x1024.png",1024,1024,true],"author_info":[],"comment_info":"","_links":{"self":[{"href":"https:\/\/fts.you2.pl\/en\/wp-json\/wp\/v2\/product\/2394","targetHints":{"allow":["GET"]}}],"collection":[{"href":"https:\/\/fts.you2.pl\/en\/wp-json\/wp\/v2\/product"}],"about":[{"href":"https:\/\/fts.you2.pl\/en\/wp-json\/wp\/v2\/types\/product"}],"wp:featuredmedia":[{"embeddable":true,"href":"https:\/\/fts.you2.pl\/en\/wp-json\/wp\/v2\/media\/9078"}],"wp:attachment":[{"href":"https:\/\/fts.you2.pl\/en\/wp-json\/wp\/v2\/media?parent=2394"}],"wp:term":[{"taxonomy":"product_brand","embeddable":true,"href":"https:\/\/fts.you2.pl\/en\/wp-json\/wp\/v2\/product_brand?post=2394"},{"taxonomy":"product_cat","embeddable":true,"href":"https:\/\/fts.you2.pl\/en\/wp-json\/wp\/v2\/product_cat?post=2394"},{"taxonomy":"product_tag","embeddable":true,"href":"https:\/\/fts.you2.pl\/en\/wp-json\/wp\/v2\/product_tag?post=2394"}],"curies":[{"name":"wp","href":"https:\/\/api.w.org\/{rel}","templated":true}]}}