{"id":2432,"date":"2024-07-07T13:47:56","date_gmt":"2024-07-07T11:47:56","guid":{"rendered":"https:\/\/fts.you2.pl\/index.php\/produkt\/kostaryka-2005-06-home-s\/"},"modified":"2025-09-19T00:38:31","modified_gmt":"2025-09-18T22:38:31","slug":"kostaryka-2005-06-home-s","status":"publish","type":"product","link":"https:\/\/fts.you2.pl\/en\/kostaryka-2005-06-home-s\/","title":{"rendered":"Kostaryka 2005\/06 Home [S]"},"content":{"rendered":"<p><strong>Klub:<\/strong> Kostaryka<\/p>\n<p><strong>Sezon:<\/strong> 2005\/06 Home<\/p>\n<p><strong>Rozmiar: <\/strong>S<\/p>\n<p><strong>Stan:<\/strong> Dobry &#8211; sp\u0119kane logo 'Joma&#8217; na froncie.<\/p>\n<p><strong>Wymiary (szeroko\u015b\u0107 pod pachami\/d\u0142ugo\u015b\u0107) w cm: <\/strong>51\/64(prz\u00f3d), 70(ty\u0142)<\/p>","protected":false},"excerpt":{"rendered":"<p>Kostaryka 2005\/06 Home [S]<\/p>","protected":false},"featured_media":9339,"template":"","meta":{"_kad_blocks_custom_css":"","_kad_blocks_head_custom_js":"","_kad_blocks_body_custom_js":"","_kad_blocks_footer_custom_js":"","_kad_post_transparent":"","_kad_post_title":"","_kad_post_layout":"","_kad_post_sidebar_id":"","_kad_post_content_style":"","_kad_post_vertical_padding":"","_kad_post_feature":"","_kad_post_feature_position":"","_kad_post_header":false,"_kad_post_footer":false},"product_brand":[317],"product_cat":[138,22],"product_tag":[],"class_list":{"0":"post-2432","1":"product","2":"type-product","3":"status-publish","4":"has-post-thumbnail","6":"product_brand-joma","7":"product_cat-ameryka-srodkowa-i-polnocna-reprezentacje","8":"product_cat-reprezentacje","9":"pa_rozmiar-s","11":"first","12":"instock","13":"taxable","14":"shipping-taxable","15":"purchasable","16":"product-type-simple","17":"entry","18":"content-bg","19":"loop-entry"},"taxonomy_info":{"product_brand":[{"value":317,"label":"Joma"}],"product_cat":[{"value":138,"label":"Ameryka \u015arodkowa i P\u00f3\u0142nocna"},{"value":22,"label":"REPREZENTACJE"}],"pa_rozmiar":[{"value":19,"label":"S"}]},"featured_image_src_large":["https:\/\/fts.you2.pl\/wp-content\/uploads\/2025\/09\/Photoroom_018_20240702_155531-1024x1024.png",1024,1024,true],"author_info":[],"comment_info":"","_links":{"self":[{"href":"https:\/\/fts.you2.pl\/en\/wp-json\/wp\/v2\/product\/2432","targetHints":{"allow":["GET"]}}],"collection":[{"href":"https:\/\/fts.you2.pl\/en\/wp-json\/wp\/v2\/product"}],"about":[{"href":"https:\/\/fts.you2.pl\/en\/wp-json\/wp\/v2\/types\/product"}],"wp:featuredmedia":[{"embeddable":true,"href":"https:\/\/fts.you2.pl\/en\/wp-json\/wp\/v2\/media\/9339"}],"wp:attachment":[{"href":"https:\/\/fts.you2.pl\/en\/wp-json\/wp\/v2\/media?parent=2432"}],"wp:term":[{"taxonomy":"product_brand","embeddable":true,"href":"https:\/\/fts.you2.pl\/en\/wp-json\/wp\/v2\/product_brand?post=2432"},{"taxonomy":"product_cat","embeddable":true,"href":"https:\/\/fts.you2.pl\/en\/wp-json\/wp\/v2\/product_cat?post=2432"},{"taxonomy":"product_tag","embeddable":true,"href":"https:\/\/fts.you2.pl\/en\/wp-json\/wp\/v2\/product_tag?post=2432"}],"curies":[{"name":"wp","href":"https:\/\/api.w.org\/{rel}","templated":true}]}}