{"id":2463,"date":"2024-07-21T16:21:19","date_gmt":"2024-07-21T14:21:19","guid":{"rendered":"https:\/\/fts.you2.pl\/index.php\/produkt\/ipswich-town-fc-1994-95-home-xl\/"},"modified":"2025-09-19T01:11:11","modified_gmt":"2025-09-18T23:11:11","slug":"ipswich-town-fc-1994-95-home-xl","status":"publish","type":"product","link":"https:\/\/fts.you2.pl\/en\/ipswich-town-fc-1994-95-home-xl\/","title":{"rendered":"Ipswich Town FC 1994\/95 Home [XL]"},"content":{"rendered":"<p><strong>Klub:<\/strong> Ipswich Town FC<\/p>\n<p><strong>Sezon:<\/strong> 1994\/95 Home<\/p>\n<p><strong>Rozmiar: <\/strong>XL<\/p>\n<p><strong>Stan:<\/strong> Dobry &#8211; koszulka ma w kilku miejscach sporo mikro zaci\u0105gni\u0119\u0107.<\/p>\n<p><strong>Wymiary (szeroko\u015b\u0107 pod pachami\/d\u0142ugo\u015b\u0107) w cm: <\/strong>61\/77<\/p>","protected":false},"excerpt":{"rendered":"<p>Ipswich Town FC 1994\/95 Home [XL]<\/p>","protected":false},"featured_media":9579,"template":"","meta":{"_kad_blocks_custom_css":"","_kad_blocks_head_custom_js":"","_kad_blocks_body_custom_js":"","_kad_blocks_footer_custom_js":"","_kad_post_transparent":"","_kad_post_title":"","_kad_post_layout":"","_kad_post_sidebar_id":"","_kad_post_content_style":"","_kad_post_vertical_padding":"","_kad_post_feature":"","_kad_post_feature_position":"","_kad_post_header":false,"_kad_post_footer":false},"product_brand":[21],"product_cat":[32,31,33],"product_tag":[],"class_list":{"0":"post-2463","1":"product","2":"type-product","3":"status-publish","4":"has-post-thumbnail","6":"product_brand-umbro","7":"product_cat-kluby-angielskie","8":"product_cat-kluby-europejskie","9":"product_cat-pozostale-kluby-angielskie","10":"pa_rozmiar-xl","12":"first","13":"instock","14":"taxable","15":"shipping-taxable","16":"purchasable","17":"product-type-simple","18":"entry","19":"content-bg","20":"loop-entry"},"taxonomy_info":{"product_brand":[{"value":21,"label":"Umbro"}],"product_cat":[{"value":32,"label":"Kluby Angielskie"},{"value":31,"label":"Kluby Europejskie"},{"value":33,"label":"Pozosta\u0142e kluby angielskie"}],"pa_rozmiar":[{"value":57,"label":"XL"}]},"featured_image_src_large":["https:\/\/fts.you2.pl\/wp-content\/uploads\/2025\/09\/Photoroom_000_20240719_134842-1-1024x1024.png",1024,1024,true],"author_info":[],"comment_info":"","_links":{"self":[{"href":"https:\/\/fts.you2.pl\/en\/wp-json\/wp\/v2\/product\/2463","targetHints":{"allow":["GET"]}}],"collection":[{"href":"https:\/\/fts.you2.pl\/en\/wp-json\/wp\/v2\/product"}],"about":[{"href":"https:\/\/fts.you2.pl\/en\/wp-json\/wp\/v2\/types\/product"}],"wp:featuredmedia":[{"embeddable":true,"href":"https:\/\/fts.you2.pl\/en\/wp-json\/wp\/v2\/media\/9579"}],"wp:attachment":[{"href":"https:\/\/fts.you2.pl\/en\/wp-json\/wp\/v2\/media?parent=2463"}],"wp:term":[{"taxonomy":"product_brand","embeddable":true,"href":"https:\/\/fts.you2.pl\/en\/wp-json\/wp\/v2\/product_brand?post=2463"},{"taxonomy":"product_cat","embeddable":true,"href":"https:\/\/fts.you2.pl\/en\/wp-json\/wp\/v2\/product_cat?post=2463"},{"taxonomy":"product_tag","embeddable":true,"href":"https:\/\/fts.you2.pl\/en\/wp-json\/wp\/v2\/product_tag?post=2463"}],"curies":[{"name":"wp","href":"https:\/\/api.w.org\/{rel}","templated":true}]}}