{"id":2504,"date":"2024-08-11T15:37:05","date_gmt":"2024-08-11T13:37:05","guid":{"rendered":"https:\/\/fts.you2.pl\/index.php\/produkt\/brentford-fc-2013-14-away-25-mcaleny-m\/"},"modified":"2025-09-19T01:55:07","modified_gmt":"2025-09-18T23:55:07","slug":"brentford-fc-2013-14-away-25-mcaleny-m","status":"publish","type":"product","link":"https:\/\/fts.you2.pl\/en\/brentford-fc-2013-14-away-25-mcaleny-m\/","title":{"rendered":"Brentford FC 2013\/14 Away 25 McAleny [M]"},"content":{"rendered":"<p><strong>Klub:<\/strong> Brentford FC<\/p>\n<p><strong>Sezon:<\/strong> 2013\/14 Away<\/p>\n<p><strong>Rozmiar: <\/strong>M<\/p>\n<p><strong>Stan:<\/strong> Dobry &#8211; niewielkie plamy na froncie, p\u0119kni\u0119cia na cyfrach na plecach.<\/p>\n<p><strong>Wymiary (szeroko\u015b\u0107 pod pachami\/d\u0142ugo\u015b\u0107) w cm: <\/strong>54\/70<\/p>\n<p><strong>Dodatkowe informacje:<\/strong> Bardzo mo\u017cliwe, \u017ce jest to meczowa koszulka Conora McAleny&#8217;ego, kt\u00f3ry w Brentford rozegra\u0142 jedynie 4 oficjalne mecze, a rozmiar koszulki odpowiada wzrostowi zawodnika. S\u0105 to jednak jedynie nasze przypuszczenia.<\/p>","protected":false},"excerpt":{"rendered":"<p>Brentford FC 2013\/14 Away 25 McAleny [M]<\/p>","protected":false},"featured_media":9959,"template":"","meta":{"_kad_blocks_custom_css":"","_kad_blocks_head_custom_js":"","_kad_blocks_body_custom_js":"","_kad_blocks_footer_custom_js":"","_kad_post_transparent":"","_kad_post_title":"","_kad_post_layout":"","_kad_post_sidebar_id":"","_kad_post_content_style":"","_kad_post_vertical_padding":"","_kad_post_feature":"","_kad_post_feature_position":"","_kad_post_header":false,"_kad_post_footer":false},"product_brand":[45],"product_cat":[32,31,33],"product_tag":[],"class_list":{"0":"post-2504","1":"product","2":"type-product","3":"status-publish","4":"has-post-thumbnail","6":"product_brand-adidas","7":"product_cat-kluby-angielskie","8":"product_cat-kluby-europejskie","9":"product_cat-pozostale-kluby-angielskie","10":"pa_rozmiar-m","12":"first","13":"instock","14":"taxable","15":"shipping-taxable","16":"purchasable","17":"product-type-simple","18":"entry","19":"content-bg","20":"loop-entry"},"taxonomy_info":{"product_brand":[{"value":45,"label":"Adidas"}],"product_cat":[{"value":32,"label":"Kluby Angielskie"},{"value":31,"label":"Kluby Europejskie"},{"value":33,"label":"Pozosta\u0142e kluby angielskie"}],"pa_rozmiar":[{"value":28,"label":"M"}]},"featured_image_src_large":["https:\/\/fts.you2.pl\/wp-content\/uploads\/2025\/09\/Photoroom_067_20240808_175255-1024x1024.png",1024,1024,true],"author_info":[],"comment_info":"","_links":{"self":[{"href":"https:\/\/fts.you2.pl\/en\/wp-json\/wp\/v2\/product\/2504","targetHints":{"allow":["GET"]}}],"collection":[{"href":"https:\/\/fts.you2.pl\/en\/wp-json\/wp\/v2\/product"}],"about":[{"href":"https:\/\/fts.you2.pl\/en\/wp-json\/wp\/v2\/types\/product"}],"wp:featuredmedia":[{"embeddable":true,"href":"https:\/\/fts.you2.pl\/en\/wp-json\/wp\/v2\/media\/9959"}],"wp:attachment":[{"href":"https:\/\/fts.you2.pl\/en\/wp-json\/wp\/v2\/media?parent=2504"}],"wp:term":[{"taxonomy":"product_brand","embeddable":true,"href":"https:\/\/fts.you2.pl\/en\/wp-json\/wp\/v2\/product_brand?post=2504"},{"taxonomy":"product_cat","embeddable":true,"href":"https:\/\/fts.you2.pl\/en\/wp-json\/wp\/v2\/product_cat?post=2504"},{"taxonomy":"product_tag","embeddable":true,"href":"https:\/\/fts.you2.pl\/en\/wp-json\/wp\/v2\/product_tag?post=2504"}],"curies":[{"name":"wp","href":"https:\/\/api.w.org\/{rel}","templated":true}]}}