{"id":2514,"date":"2025-02-13T16:52:48","date_gmt":"2025-02-13T15:52:48","guid":{"rendered":"https:\/\/fts.you2.pl\/index.php\/produkt\/ac-milan-2019-20-third-9-piatek-m\/"},"modified":"2025-09-17T13:22:34","modified_gmt":"2025-09-17T11:22:34","slug":"ac-milan-2019-20-third-9-piatek-m","status":"publish","type":"product","link":"https:\/\/fts.you2.pl\/en\/ac-milan-2019-20-third-9-piatek-m\/","title":{"rendered":"AC Milan 2019\/20 Third 9 Pi\u0105tek [M]"},"content":{"rendered":"<p><strong>Klub:<\/strong> AC Milan<\/p>\n<p><strong>Sezon:<\/strong> 2019\/20 Third<\/p>\n<p><strong>Rozmiar: <\/strong>M<\/p>\n<p><strong>Stan:<\/strong> Doskona\u0142y<\/p>\n<p><strong>Wymiary (szeroko\u015b\u0107 pod pachami\/d\u0142ugo\u015b\u0107) w cm: <\/strong>54\/71<\/p>","protected":false},"excerpt":{"rendered":"<p>AC Milan 2019\/20 Third 9 Pi\u0105tek [M]<\/p>","protected":false},"featured_media":0,"template":"","meta":{"_kad_blocks_custom_css":"","_kad_blocks_head_custom_js":"","_kad_blocks_body_custom_js":"","_kad_blocks_footer_custom_js":"","_kad_post_transparent":"","_kad_post_title":"","_kad_post_layout":"","_kad_post_sidebar_id":"","_kad_post_content_style":"","_kad_post_vertical_padding":"","_kad_post_feature":"","_kad_post_feature_position":"","_kad_post_header":false,"_kad_post_footer":false},"product_brand":[86],"product_cat":[344,31,117,298],"product_tag":[],"class_list":{"0":"post-2514","1":"product","2":"type-product","3":"status-publish","5":"product_brand-puma","6":"product_cat-ac-milan","7":"product_cat-kluby-europejskie","8":"product_cat-kluby-wloskie","9":"product_cat-polscy-pilkarze","10":"pa_rozmiar-m","12":"first","13":"instock","14":"taxable","15":"shipping-taxable","16":"purchasable","17":"product-type-simple","18":"entry","19":"content-bg","20":"loop-entry"},"taxonomy_info":{"product_brand":[{"value":86,"label":"Puma"}],"product_cat":[{"value":344,"label":"AC Milan"},{"value":31,"label":"Kluby Europejskie"},{"value":117,"label":"Kluby W\u0142oskie"},{"value":298,"label":"POLSCY PI\u0141KARZE"}],"pa_rozmiar":[{"value":28,"label":"M"}]},"featured_image_src_large":false,"author_info":[],"comment_info":"","_links":{"self":[{"href":"https:\/\/fts.you2.pl\/en\/wp-json\/wp\/v2\/product\/2514","targetHints":{"allow":["GET"]}}],"collection":[{"href":"https:\/\/fts.you2.pl\/en\/wp-json\/wp\/v2\/product"}],"about":[{"href":"https:\/\/fts.you2.pl\/en\/wp-json\/wp\/v2\/types\/product"}],"wp:attachment":[{"href":"https:\/\/fts.you2.pl\/en\/wp-json\/wp\/v2\/media?parent=2514"}],"wp:term":[{"taxonomy":"product_brand","embeddable":true,"href":"https:\/\/fts.you2.pl\/en\/wp-json\/wp\/v2\/product_brand?post=2514"},{"taxonomy":"product_cat","embeddable":true,"href":"https:\/\/fts.you2.pl\/en\/wp-json\/wp\/v2\/product_cat?post=2514"},{"taxonomy":"product_tag","embeddable":true,"href":"https:\/\/fts.you2.pl\/en\/wp-json\/wp\/v2\/product_tag?post=2514"}],"curies":[{"name":"wp","href":"https:\/\/api.w.org\/{rel}","templated":true}]}}