{"id":2516,"date":"2025-02-13T16:52:47","date_gmt":"2025-02-13T15:52:47","guid":{"rendered":"https:\/\/fts.you2.pl\/index.php\/produkt\/brescia-calcio-2000-01-third-3-kozminski-xl\/"},"modified":"2025-09-17T13:22:35","modified_gmt":"2025-09-17T11:22:35","slug":"brescia-calcio-2000-01-third-3-kozminski-xl","status":"publish","type":"product","link":"https:\/\/fts.you2.pl\/en\/brescia-calcio-2000-01-third-3-kozminski-xl\/","title":{"rendered":"MATCH ISSUE Brescia Calcio 2000\/01 Third 3 Ko\u017ami\u0144ski [XL]"},"content":{"rendered":"<p><strong>Klub:<\/strong> Brescia Calcio<\/p>\n<p><strong>Sezon:<\/strong> 2000\/01 Third<\/p>\n<p><strong>Rozmiar: <\/strong>XL<\/p>\n<p><strong>Stan:<\/strong> Bardzo dobry &#8211; cztery mikro zaci\u0105gni\u0119cia na froncie.<\/p>\n<p><strong>Wymiary (szeroko\u015b\u0107 pod pachami\/d\u0142ugo\u015b\u0107) w cm: <\/strong>59\/69(prz\u00f3d), 79(ty\u0142)<\/p>","protected":false},"excerpt":{"rendered":"<p>MATCH ISSUE Brescia Calcio 2000\/01 Third 3 Ko\u017ami\u0144ski [XL]<\/p>","protected":false},"featured_media":0,"template":"","meta":{"_kad_blocks_custom_css":"","_kad_blocks_head_custom_js":"","_kad_blocks_body_custom_js":"","_kad_blocks_footer_custom_js":"","_kad_post_transparent":"","_kad_post_title":"","_kad_post_layout":"","_kad_post_sidebar_id":"","_kad_post_content_style":"","_kad_post_vertical_padding":"","_kad_post_feature":"","_kad_post_feature_position":"","_kad_post_header":false,"_kad_post_footer":false},"product_brand":[432],"product_cat":[31,117,173,298,152],"product_tag":[],"class_list":{"0":"post-2516","1":"product","2":"type-product","3":"status-publish","5":"product_brand-garman","6":"product_cat-kluby-europejskie","7":"product_cat-kluby-wloskie","8":"product_cat-match-worn-issue","9":"product_cat-polscy-pilkarze","10":"product_cat-pozostale-kluby-wloskie","11":"pa_rozmiar-xl","13":"first","14":"instock","15":"taxable","16":"shipping-taxable","17":"purchasable","18":"product-type-simple","19":"entry","20":"content-bg","21":"loop-entry"},"taxonomy_info":{"product_brand":[{"value":432,"label":"Garman"}],"product_cat":[{"value":31,"label":"Kluby Europejskie"},{"value":117,"label":"Kluby W\u0142oskie"},{"value":173,"label":"MATCH WORN &amp; ISSUE"},{"value":298,"label":"POLSCY PI\u0141KARZE"},{"value":152,"label":"Pozosta\u0142e kluby w\u0142oskie"}],"pa_rozmiar":[{"value":57,"label":"XL"}]},"featured_image_src_large":false,"author_info":[],"comment_info":"","_links":{"self":[{"href":"https:\/\/fts.you2.pl\/en\/wp-json\/wp\/v2\/product\/2516","targetHints":{"allow":["GET"]}}],"collection":[{"href":"https:\/\/fts.you2.pl\/en\/wp-json\/wp\/v2\/product"}],"about":[{"href":"https:\/\/fts.you2.pl\/en\/wp-json\/wp\/v2\/types\/product"}],"wp:attachment":[{"href":"https:\/\/fts.you2.pl\/en\/wp-json\/wp\/v2\/media?parent=2516"}],"wp:term":[{"taxonomy":"product_brand","embeddable":true,"href":"https:\/\/fts.you2.pl\/en\/wp-json\/wp\/v2\/product_brand?post=2516"},{"taxonomy":"product_cat","embeddable":true,"href":"https:\/\/fts.you2.pl\/en\/wp-json\/wp\/v2\/product_cat?post=2516"},{"taxonomy":"product_tag","embeddable":true,"href":"https:\/\/fts.you2.pl\/en\/wp-json\/wp\/v2\/product_tag?post=2516"}],"curies":[{"name":"wp","href":"https:\/\/api.w.org\/{rel}","templated":true}]}}