{"id":2518,"date":"2025-02-13T16:52:44","date_gmt":"2025-02-13T15:52:44","guid":{"rendered":"https:\/\/fts.you2.pl\/index.php\/produkt\/match-issue-vfl-wolfsburg-1999-00-home-9-juskowiak-l-autograf\/"},"modified":"2025-09-17T13:22:35","modified_gmt":"2025-09-17T11:22:35","slug":"match-issue-vfl-wolfsburg-1999-00-home-9-juskowiak-l-autograf","status":"publish","type":"product","link":"https:\/\/fts.you2.pl\/en\/match-issue-vfl-wolfsburg-1999-00-home-9-juskowiak-l-autograf\/","title":{"rendered":"MATCH ISSUE VFL Wolfsburg 1999\/00 Home 9 Juskowiak [L] + AUTOGRAF"},"content":{"rendered":"<p><strong>Klub:<\/strong> VFL Wolfsburg<\/p>\n<p><strong>Sezon:<\/strong> 1999\/00 Home<\/p>\n<p><strong>Rozmiar: <\/strong>L<\/p>\n<p><strong>Stan:<\/strong> Dobry &#8211; kilka niewielkich zabrudze\u0144 oraz mikro zaci\u0105gni\u0119cia na froncie.<\/p>\n<p><strong>Wymiary (szeroko\u015b\u0107 pod pachami\/d\u0142ugo\u015b\u0107) w cm: <\/strong>57\/74(prz\u00f3d), 82(ty\u0142)<\/p>","protected":false},"excerpt":{"rendered":"<p>MATCH ISSUE VFL Wolfsburg 1999\/00 Home 9 Juskowiak [L] + AUTOGRAF<\/p>","protected":false},"featured_media":0,"template":"","meta":{"_kad_blocks_custom_css":"","_kad_blocks_head_custom_js":"","_kad_blocks_body_custom_js":"","_kad_blocks_footer_custom_js":"","_kad_post_transparent":"","_kad_post_title":"","_kad_post_layout":"","_kad_post_sidebar_id":"","_kad_post_content_style":"","_kad_post_vertical_padding":"","_kad_post_feature":"","_kad_post_feature_position":"","_kad_post_header":false,"_kad_post_footer":false},"product_brand":[86],"product_cat":[31,46,173,298,179],"product_tag":[],"class_list":{"0":"post-2518","1":"product","2":"type-product","3":"status-publish","5":"product_brand-puma","6":"product_cat-kluby-europejskie","7":"product_cat-kluby-niemieckie","8":"product_cat-match-worn-issue","9":"product_cat-polscy-pilkarze","10":"product_cat-vfl-wolfsburg","11":"pa_rozmiar-l","13":"first","14":"instock","15":"taxable","16":"shipping-taxable","17":"purchasable","18":"product-type-simple","19":"entry","20":"content-bg","21":"loop-entry"},"taxonomy_info":{"product_brand":[{"value":86,"label":"Puma"}],"product_cat":[{"value":31,"label":"Kluby Europejskie"},{"value":46,"label":"Kluby Niemieckie"},{"value":173,"label":"MATCH WORN &amp; ISSUE"},{"value":298,"label":"POLSCY PI\u0141KARZE"},{"value":179,"label":"VFL Wolfsburg"}],"pa_rozmiar":[{"value":39,"label":"L"}]},"featured_image_src_large":false,"author_info":[],"comment_info":"","_links":{"self":[{"href":"https:\/\/fts.you2.pl\/en\/wp-json\/wp\/v2\/product\/2518","targetHints":{"allow":["GET"]}}],"collection":[{"href":"https:\/\/fts.you2.pl\/en\/wp-json\/wp\/v2\/product"}],"about":[{"href":"https:\/\/fts.you2.pl\/en\/wp-json\/wp\/v2\/types\/product"}],"wp:attachment":[{"href":"https:\/\/fts.you2.pl\/en\/wp-json\/wp\/v2\/media?parent=2518"}],"wp:term":[{"taxonomy":"product_brand","embeddable":true,"href":"https:\/\/fts.you2.pl\/en\/wp-json\/wp\/v2\/product_brand?post=2518"},{"taxonomy":"product_cat","embeddable":true,"href":"https:\/\/fts.you2.pl\/en\/wp-json\/wp\/v2\/product_cat?post=2518"},{"taxonomy":"product_tag","embeddable":true,"href":"https:\/\/fts.you2.pl\/en\/wp-json\/wp\/v2\/product_tag?post=2518"}],"curies":[{"name":"wp","href":"https:\/\/api.w.org\/{rel}","templated":true}]}}