{"id":2551,"date":"2025-02-13T16:53:09","date_gmt":"2025-02-13T15:53:09","guid":{"rendered":"https:\/\/fts.you2.pl\/index.php\/produkt\/polska-2007-09-home-xxl\/"},"modified":"2025-09-17T13:22:43","modified_gmt":"2025-09-17T11:22:43","slug":"polska-2007-09-home-xxl","status":"publish","type":"product","link":"https:\/\/fts.you2.pl\/en\/polska-2007-09-home-xxl\/","title":{"rendered":"Polska 2007\/09 Home [XXL]"},"content":{"rendered":"<p><strong>Klub:<\/strong> Polska<\/p>\n<p><strong>Sezon:<\/strong> 2007\/09 Home<\/p>\n<p><strong>Rozmiar: <\/strong>XXL<\/p>\n<p><strong>Stan: <\/strong>Dobry &#8211; zabrudzenie na plecach oraz starta naszywka z rozmiarem na karku.<\/p>\n<p><strong>Wymiary (szeroko\u015b\u0107 pod pachami\/d\u0142ugo\u015b\u0107) w cm: <\/strong>58\/78<\/p>","protected":false},"excerpt":{"rendered":"<p>Polska 2007\/09 Home [XXL]<\/p>","protected":false},"featured_media":0,"template":"","meta":{"_kad_blocks_custom_css":"","_kad_blocks_head_custom_js":"","_kad_blocks_body_custom_js":"","_kad_blocks_footer_custom_js":"","_kad_post_transparent":"","_kad_post_title":"","_kad_post_layout":"","_kad_post_sidebar_id":"","_kad_post_content_style":"","_kad_post_vertical_padding":"","_kad_post_feature":"","_kad_post_feature_position":"","_kad_post_header":false,"_kad_post_footer":false},"product_brand":[86],"product_cat":[23,157,22],"product_tag":[],"class_list":{"0":"post-2551","1":"product","2":"type-product","3":"status-publish","5":"product_brand-puma","6":"product_cat-europa","7":"product_cat-polska","8":"product_cat-reprezentacje","9":"pa_rozmiar-xxl","11":"first","12":"instock","13":"taxable","14":"shipping-taxable","15":"purchasable","16":"product-type-simple","17":"entry","18":"content-bg","19":"loop-entry"},"taxonomy_info":{"product_brand":[{"value":86,"label":"Puma"}],"product_cat":[{"value":23,"label":"Europa"},{"value":157,"label":"Polska"},{"value":22,"label":"REPREZENTACJE"}],"pa_rozmiar":[{"value":71,"label":"XXL"}]},"featured_image_src_large":false,"author_info":[],"comment_info":"","_links":{"self":[{"href":"https:\/\/fts.you2.pl\/en\/wp-json\/wp\/v2\/product\/2551","targetHints":{"allow":["GET"]}}],"collection":[{"href":"https:\/\/fts.you2.pl\/en\/wp-json\/wp\/v2\/product"}],"about":[{"href":"https:\/\/fts.you2.pl\/en\/wp-json\/wp\/v2\/types\/product"}],"wp:attachment":[{"href":"https:\/\/fts.you2.pl\/en\/wp-json\/wp\/v2\/media?parent=2551"}],"wp:term":[{"taxonomy":"product_brand","embeddable":true,"href":"https:\/\/fts.you2.pl\/en\/wp-json\/wp\/v2\/product_brand?post=2551"},{"taxonomy":"product_cat","embeddable":true,"href":"https:\/\/fts.you2.pl\/en\/wp-json\/wp\/v2\/product_cat?post=2551"},{"taxonomy":"product_tag","embeddable":true,"href":"https:\/\/fts.you2.pl\/en\/wp-json\/wp\/v2\/product_tag?post=2551"}],"curies":[{"name":"wp","href":"https:\/\/api.w.org\/{rel}","templated":true}]}}