{"id":2555,"date":"2025-02-13T16:53:23","date_gmt":"2025-02-13T15:53:23","guid":{"rendered":"https:\/\/fts.you2.pl\/index.php\/produkt\/ac-milan-1997-98-fourth-m\/"},"modified":"2025-09-17T13:22:43","modified_gmt":"2025-09-17T11:22:43","slug":"ac-milan-1997-98-fourth-m","status":"publish","type":"product","link":"https:\/\/fts.you2.pl\/en\/ac-milan-1997-98-fourth-m\/","title":{"rendered":"AC Milan 1997\/98 Fourth [M]"},"content":{"rendered":"<p><strong>Klub:<\/strong> AC Milan<\/p>\n<p><strong>Sezon:<\/strong> 1997\/98 Fourth<\/p>\n<p><strong>Rozmiar: <\/strong>M<\/p>\n<p><strong>Stan:<\/strong> S\u0142aby &#8211; uszkodzony numer na plecach oraz sporo ma\u0142ych i du\u017cych zaci\u0105gni\u0119\u0107, zar\u00f3wno z przodu jak i z ty\u0142u koszulki.<\/p>\n<p><strong>Wymiary (szeroko\u015b\u0107 pod pachami\/d\u0142ugo\u015b\u0107) w cm: <\/strong>56\/67<\/p>\n<p><strong>Dodatkowe informacje:<\/strong> Koszulka ma personalizacj\u0119 kibica na plecach, wykonana nieoryginaln\u0105 czcionk\u0105.<\/p>","protected":false},"excerpt":{"rendered":"<p>AC Milan 1997\/98 Fourth [M]<\/p>","protected":false},"featured_media":0,"template":"","meta":{"_kad_blocks_custom_css":"","_kad_blocks_head_custom_js":"","_kad_blocks_body_custom_js":"","_kad_blocks_footer_custom_js":"","_kad_post_transparent":"","_kad_post_title":"","_kad_post_layout":"","_kad_post_sidebar_id":"","_kad_post_content_style":"","_kad_post_vertical_padding":"","_kad_post_feature":"","_kad_post_feature_position":"","_kad_post_header":false,"_kad_post_footer":false},"product_brand":[69],"product_cat":[15,344,31,117],"product_tag":[],"class_list":{"0":"post-2555","1":"product","2":"type-product","3":"status-publish","5":"product_brand-lotto","6":"product_cat-bez-kategorii","7":"product_cat-ac-milan","8":"product_cat-kluby-europejskie","9":"product_cat-kluby-wloskie","10":"pa_rozmiar-m","12":"first","13":"instock","14":"taxable","15":"shipping-taxable","16":"purchasable","17":"product-type-simple","18":"entry","19":"content-bg","20":"loop-entry"},"taxonomy_info":{"product_brand":[{"value":69,"label":"Lotto"}],"product_cat":[{"value":15,"label":"Bez kategorii"},{"value":344,"label":"AC Milan"},{"value":31,"label":"Kluby Europejskie"},{"value":117,"label":"Kluby W\u0142oskie"}],"pa_rozmiar":[{"value":28,"label":"M"}]},"featured_image_src_large":false,"author_info":[],"comment_info":"","_links":{"self":[{"href":"https:\/\/fts.you2.pl\/en\/wp-json\/wp\/v2\/product\/2555","targetHints":{"allow":["GET"]}}],"collection":[{"href":"https:\/\/fts.you2.pl\/en\/wp-json\/wp\/v2\/product"}],"about":[{"href":"https:\/\/fts.you2.pl\/en\/wp-json\/wp\/v2\/types\/product"}],"wp:attachment":[{"href":"https:\/\/fts.you2.pl\/en\/wp-json\/wp\/v2\/media?parent=2555"}],"wp:term":[{"taxonomy":"product_brand","embeddable":true,"href":"https:\/\/fts.you2.pl\/en\/wp-json\/wp\/v2\/product_brand?post=2555"},{"taxonomy":"product_cat","embeddable":true,"href":"https:\/\/fts.you2.pl\/en\/wp-json\/wp\/v2\/product_cat?post=2555"},{"taxonomy":"product_tag","embeddable":true,"href":"https:\/\/fts.you2.pl\/en\/wp-json\/wp\/v2\/product_tag?post=2555"}],"curies":[{"name":"wp","href":"https:\/\/api.w.org\/{rel}","templated":true}]}}