{"id":2573,"date":"2025-02-13T16:53:30","date_gmt":"2025-02-13T15:53:30","guid":{"rendered":"https:\/\/fts.you2.pl\/index.php\/produkt\/bnwt-west-ham-united-fc-2019-20-1-fabianski-xl\/"},"modified":"2025-09-19T08:51:10","modified_gmt":"2025-09-19T06:51:10","slug":"bnwt-west-ham-united-fc-2019-20-1-fabianski-xl","status":"publish","type":"product","link":"https:\/\/fts.you2.pl\/en\/bnwt-west-ham-united-fc-2019-20-1-fabianski-xl\/","title":{"rendered":"BNWT West Ham United FC 2019\/20 1 Fabia\u0144ski [XL]"},"content":{"rendered":"<p><strong>Klub:<\/strong> West Ham United FC<\/p>\n<p><strong>Sezon:<\/strong> 2019\/20<\/p>\n<p><strong>Rozmiar: <\/strong>XL<\/p>\n<p><strong>Stan:<\/strong> BNWT &#8211; Koszulka nowa, z metkami.<\/p>\n<p><strong>Wymiary (szeroko\u015b\u0107 pod pachami\/d\u0142ugo\u015b\u0107) w cm: <\/strong>59\/77<\/p>","protected":false},"excerpt":{"rendered":"<p>BNWT West Ham United FC 2019\/20 1 Fabia\u0144ski [XL]<\/p>","protected":false},"featured_media":10114,"template":"","meta":{"_kad_blocks_custom_css":"","_kad_blocks_head_custom_js":"","_kad_blocks_body_custom_js":"","_kad_blocks_footer_custom_js":"","_kad_post_transparent":"","_kad_post_title":"","_kad_post_layout":"","_kad_post_sidebar_id":"","_kad_post_content_style":"","_kad_post_vertical_padding":"","_kad_post_feature":"","_kad_post_feature_position":"","_kad_post_header":false,"_kad_post_footer":false},"product_brand":[21],"product_cat":[32,31,298,33],"product_tag":[],"class_list":{"0":"post-2573","1":"product","2":"type-product","3":"status-publish","4":"has-post-thumbnail","6":"product_brand-umbro","7":"product_cat-kluby-angielskie","8":"product_cat-kluby-europejskie","9":"product_cat-polscy-pilkarze","10":"product_cat-pozostale-kluby-angielskie","11":"pa_rozmiar-xl","13":"first","14":"instock","15":"taxable","16":"shipping-taxable","17":"purchasable","18":"product-type-simple","19":"entry","20":"content-bg","21":"loop-entry"},"taxonomy_info":{"product_brand":[{"value":21,"label":"Umbro"}],"product_cat":[{"value":32,"label":"Kluby Angielskie"},{"value":31,"label":"Kluby Europejskie"},{"value":298,"label":"POLSCY PI\u0141KARZE"},{"value":33,"label":"Pozosta\u0142e kluby angielskie"}],"pa_rozmiar":[{"value":57,"label":"XL"}]},"featured_image_src_large":["https:\/\/fts.you2.pl\/wp-content\/uploads\/2025\/09\/Photoroom_037_20240913_150520-1024x1024.png",1024,1024,true],"author_info":[],"comment_info":"","_links":{"self":[{"href":"https:\/\/fts.you2.pl\/en\/wp-json\/wp\/v2\/product\/2573","targetHints":{"allow":["GET"]}}],"collection":[{"href":"https:\/\/fts.you2.pl\/en\/wp-json\/wp\/v2\/product"}],"about":[{"href":"https:\/\/fts.you2.pl\/en\/wp-json\/wp\/v2\/types\/product"}],"wp:featuredmedia":[{"embeddable":true,"href":"https:\/\/fts.you2.pl\/en\/wp-json\/wp\/v2\/media\/10114"}],"wp:attachment":[{"href":"https:\/\/fts.you2.pl\/en\/wp-json\/wp\/v2\/media?parent=2573"}],"wp:term":[{"taxonomy":"product_brand","embeddable":true,"href":"https:\/\/fts.you2.pl\/en\/wp-json\/wp\/v2\/product_brand?post=2573"},{"taxonomy":"product_cat","embeddable":true,"href":"https:\/\/fts.you2.pl\/en\/wp-json\/wp\/v2\/product_cat?post=2573"},{"taxonomy":"product_tag","embeddable":true,"href":"https:\/\/fts.you2.pl\/en\/wp-json\/wp\/v2\/product_tag?post=2573"}],"curies":[{"name":"wp","href":"https:\/\/api.w.org\/{rel}","templated":true}]}}