{"id":2615,"date":"2025-02-13T17:02:23","date_gmt":"2025-02-13T16:02:23","guid":{"rendered":"https:\/\/fts.you2.pl\/index.php\/produkt\/bluza-rozpinana-argentyna-m\/"},"modified":"2025-09-19T09:30:30","modified_gmt":"2025-09-19T07:30:30","slug":"bluza-rozpinana-argentyna-m","status":"publish","type":"product","link":"https:\/\/fts.you2.pl\/en\/bluza-rozpinana-argentyna-m\/","title":{"rendered":"Bluza rozpinana Argentyna [M]"},"content":{"rendered":"<p><strong>Klub:<\/strong> Argentyna<\/p>\n<p><strong>Rozmiar: <\/strong>M<\/p>\n<p><strong>Stan:<\/strong> Zadowalaj\u0105cy &#8211; ma\u0142a dziurka na r\u0119kawie, \u015blady po zaszytych dziurach u do\u0142u bluzy, troch\u0119 zaci\u0105gni\u0119\u0107 oraz kilka zmechace\u0144 materia\u0142u<\/p>\n<p><strong>Wymiary (szeroko\u015b\u0107 pod pachami\/d\u0142ugo\u015b\u0107) w cm: <\/strong>55\/67<\/p>","protected":false},"excerpt":{"rendered":"<p>Bluza rozpinana Argentyna [M]<\/p>","protected":false},"featured_media":10435,"template":"","meta":{"_kad_blocks_custom_css":"","_kad_blocks_head_custom_js":"","_kad_blocks_body_custom_js":"","_kad_blocks_footer_custom_js":"","_kad_post_transparent":"","_kad_post_title":"","_kad_post_layout":"","_kad_post_sidebar_id":"","_kad_post_content_style":"","_kad_post_vertical_padding":"","_kad_post_feature":"","_kad_post_feature_position":"","_kad_post_header":false,"_kad_post_footer":false},"product_brand":[45],"product_cat":[77,268,25,26,22],"product_tag":[],"class_list":{"0":"post-2615","1":"product","2":"type-product","3":"status-publish","4":"has-post-thumbnail","6":"product_brand-adidas","7":"product_cat-ameryka-poludniowa-reprezentacje","8":"product_cat-argentyna","9":"product_cat-inne","10":"product_cat-kurtki-bluzy-trening","11":"product_cat-reprezentacje","12":"pa_rozmiar-m","14":"first","15":"instock","16":"taxable","17":"shipping-taxable","18":"purchasable","19":"product-type-simple","20":"entry","21":"content-bg","22":"loop-entry"},"taxonomy_info":{"product_brand":[{"value":45,"label":"Adidas"}],"product_cat":[{"value":77,"label":"Ameryka Po\u0142udniowa"},{"value":268,"label":"Argentyna"},{"value":25,"label":"Inne"},{"value":26,"label":"Kurtki\/bluzy\/trening"},{"value":22,"label":"REPREZENTACJE"}],"pa_rozmiar":[{"value":28,"label":"M"}]},"featured_image_src_large":["https:\/\/fts.you2.pl\/wp-content\/uploads\/2025\/09\/Photoroom_012_20241024_185823-1024x1024.png",1024,1024,true],"author_info":[],"comment_info":"","_links":{"self":[{"href":"https:\/\/fts.you2.pl\/en\/wp-json\/wp\/v2\/product\/2615","targetHints":{"allow":["GET"]}}],"collection":[{"href":"https:\/\/fts.you2.pl\/en\/wp-json\/wp\/v2\/product"}],"about":[{"href":"https:\/\/fts.you2.pl\/en\/wp-json\/wp\/v2\/types\/product"}],"wp:featuredmedia":[{"embeddable":true,"href":"https:\/\/fts.you2.pl\/en\/wp-json\/wp\/v2\/media\/10435"}],"wp:attachment":[{"href":"https:\/\/fts.you2.pl\/en\/wp-json\/wp\/v2\/media?parent=2615"}],"wp:term":[{"taxonomy":"product_brand","embeddable":true,"href":"https:\/\/fts.you2.pl\/en\/wp-json\/wp\/v2\/product_brand?post=2615"},{"taxonomy":"product_cat","embeddable":true,"href":"https:\/\/fts.you2.pl\/en\/wp-json\/wp\/v2\/product_cat?post=2615"},{"taxonomy":"product_tag","embeddable":true,"href":"https:\/\/fts.you2.pl\/en\/wp-json\/wp\/v2\/product_tag?post=2615"}],"curies":[{"name":"wp","href":"https:\/\/api.w.org\/{rel}","templated":true}]}}