{"id":2648,"date":"2025-02-13T17:02:51","date_gmt":"2025-02-13T16:02:51","guid":{"rendered":"https:\/\/fts.you2.pl\/index.php\/produkt\/afc-ajax-2009-10-home-6-lindgren-m\/"},"modified":"2025-09-19T10:04:42","modified_gmt":"2025-09-19T08:04:42","slug":"afc-ajax-2009-10-home-6-lindgren-m","status":"publish","type":"product","link":"https:\/\/fts.you2.pl\/en\/afc-ajax-2009-10-home-6-lindgren-m\/","title":{"rendered":"AFC Ajax 2009\/10 Home 6 Lindgren [M]"},"content":{"rendered":"<p><strong>Klub:<\/strong> AFC Ajax<\/p>\n<p><strong>Sezon:<\/strong> 2009\/10 Home<\/p>\n<p><strong>Rozmiar: <\/strong>M<\/p>\n<p><strong>Stan:\u00a0<\/strong>Zadowalaj\u0105cy &#8211; mocno pop\u0119kane nadruki na plecach oraz drobne bia\u0142e zabrudzenia.<\/p>\n<p><strong>Wymiary (szeroko\u015b\u0107 pod pachami\/d\u0142ugo\u015b\u0107) w cm: <\/strong>51\/72<\/p>","protected":false},"excerpt":{"rendered":"<p>AFC Ajax 2009\/10 Home 6 Lindgren [M]<\/p>","protected":false},"featured_media":10691,"template":"","meta":{"_kad_blocks_custom_css":"","_kad_blocks_head_custom_js":"","_kad_blocks_body_custom_js":"","_kad_blocks_footer_custom_js":"","_kad_post_transparent":"","_kad_post_title":"","_kad_post_layout":"","_kad_post_sidebar_id":"","_kad_post_content_style":"","_kad_post_vertical_padding":"","_kad_post_feature":"","_kad_post_feature_position":"","_kad_post_header":false,"_kad_post_footer":false},"product_brand":[45],"product_cat":[107,50,31],"product_tag":[],"class_list":{"0":"post-2648","1":"product","2":"type-product","3":"status-publish","4":"has-post-thumbnail","6":"product_brand-adidas","7":"product_cat-belgia-i-holandia","8":"product_cat-kluby-europejskie-kluby-europejskie","9":"product_cat-kluby-europejskie","10":"pa_rozmiar-m","12":"first","13":"instock","14":"taxable","15":"shipping-taxable","16":"purchasable","17":"product-type-simple","18":"entry","19":"content-bg","20":"loop-entry"},"taxonomy_info":{"product_brand":[{"value":45,"label":"Adidas"}],"product_cat":[{"value":107,"label":"Belgia i Holandia"},{"value":50,"label":"Kluby Europejskie"},{"value":31,"label":"Kluby Europejskie"}],"pa_rozmiar":[{"value":28,"label":"M"}]},"featured_image_src_large":["https:\/\/fts.you2.pl\/wp-content\/uploads\/2025\/09\/Photoroom_000_20241126_135910-1024x1024.png",1024,1024,true],"author_info":[],"comment_info":"","_links":{"self":[{"href":"https:\/\/fts.you2.pl\/en\/wp-json\/wp\/v2\/product\/2648","targetHints":{"allow":["GET"]}}],"collection":[{"href":"https:\/\/fts.you2.pl\/en\/wp-json\/wp\/v2\/product"}],"about":[{"href":"https:\/\/fts.you2.pl\/en\/wp-json\/wp\/v2\/types\/product"}],"wp:featuredmedia":[{"embeddable":true,"href":"https:\/\/fts.you2.pl\/en\/wp-json\/wp\/v2\/media\/10691"}],"wp:attachment":[{"href":"https:\/\/fts.you2.pl\/en\/wp-json\/wp\/v2\/media?parent=2648"}],"wp:term":[{"taxonomy":"product_brand","embeddable":true,"href":"https:\/\/fts.you2.pl\/en\/wp-json\/wp\/v2\/product_brand?post=2648"},{"taxonomy":"product_cat","embeddable":true,"href":"https:\/\/fts.you2.pl\/en\/wp-json\/wp\/v2\/product_cat?post=2648"},{"taxonomy":"product_tag","embeddable":true,"href":"https:\/\/fts.you2.pl\/en\/wp-json\/wp\/v2\/product_tag?post=2648"}],"curies":[{"name":"wp","href":"https:\/\/api.w.org\/{rel}","templated":true}]}}